{"id":59348,"date":"2023-03-30T16:51:13","date_gmt":"2023-03-30T16:51:13","guid":{"rendered":"https:\/\/www.padaworks.com\/product\/wicker-plant-basket-wicker-planter-basket-storage-basket-wicker-basket-vintage-round-wicker-planter-wicker-laundry-basket\/"},"modified":"2026-04-08T21:02:59","modified_gmt":"2026-04-08T21:02:59","slug":"cesto-de-vime-para-plantas-cesto-de-vime-para-plantas-cesto-de-arrumacao-cesto-de-vime-cesto-redondo-de-vime-para-plantas-cesto-de-vime-para-roupa-suja","status":"publish","type":"product","link":"https:\/\/www.padaworks.com\/pt\/product\/cesto-de-vime-para-plantas-cesto-de-vime-para-plantas-cesto-de-arrumacao-cesto-de-vime-cesto-redondo-de-vime-para-plantas-cesto-de-vime-para-roupa-suja\/","title":{"rendered":"Cesto de vime para plantas"},"content":{"rendered":"<p>Cesto de vime para plantas<\/p>\n<p>Um cesto perfeito para colocar as suas plantas ou mesmo para organizar os seus espa\u00e7os.<br \/>Tamb\u00e9m pode ser utilizado para colher frutas e legumes na quinta.<\/p>\n<p>Feito \u00e0 m\u00e3o<br \/>Fabricado em Portugal<\/p>\n<p>Dimens\u00f5es:<\/p>\n<p>Tamanho m\u00e9dio<br \/>\u00d8 - 21 cm, H - 20 cm<br \/>\u00d8 - 8,3 in, H - 7,9 in<\/p>\n<p>Tamanho grande<br \/>\u00d8 - 25 cm, H - 23 cm<br \/>\u00d8 - 9,8 in, H - 9,1 in<\/p>\n<p>As dimens\u00f5es podem variar ligeiramente.<\/p>","protected":false},"excerpt":{"rendered":"<p>Wicker Plant Basket A perfect basket to place your plants or even good for organizing your spaces.It can also be used to harvest fruit and vegetables on the farm. Artisan MadeMade in Portugal Dimensions: Medium Size\u00d8 &#8211; 21 cm, H &#8211; 20 cm\u00d8 &#8211; 8,3 in, H &#8211; 7,9 in Large Size\u00d8 &#8211; 25 cm, [&hellip;]<\/p>","protected":false},"featured_media":59349,"comment_status":"open","ping_status":"closed","template":"","meta":{"_acf_changed":false},"product_brand":[],"product_cat":[2721],"product_tag":[156,762,654,1901,1506,1902,1899,1191,1898,1900,583,439,1903],"class_list":{"0":"post-59348","1":"product","2":"type-product","3":"status-publish","4":"has-post-thumbnail","6":"product_cat-decorative","7":"product_tag-basket","8":"product_tag-boho-basket","9":"product_tag-easter-basket","10":"product_tag-farmhouse","11":"product_tag-handmade-basket","12":"product_tag-large-basket-planter","13":"product_tag-natural-planter","14":"product_tag-plant-basket","15":"product_tag-planter-basket","16":"product_tag-round-planter","17":"product_tag-rustic-home-decor","18":"product_tag-wicker-basket","19":"product_tag-woven-planter","20":"product_shipping_class-small-package","22":"first","23":"instock","24":"taxable","25":"shipping-taxable","26":"purchasable","27":"product-type-variable","28":"has-default-attributes","29":"wvs-archive-product-wrapper"},"acf":[],"gallery_images":[59350,59351,59352,59353,59354,59355,59356,59357,59358],"_links":{"self":[{"href":"https:\/\/www.padaworks.com\/pt\/wp-json\/wp\/v2\/product\/59348","targetHints":{"allow":["GET"]}}],"collection":[{"href":"https:\/\/www.padaworks.com\/pt\/wp-json\/wp\/v2\/product"}],"about":[{"href":"https:\/\/www.padaworks.com\/pt\/wp-json\/wp\/v2\/types\/product"}],"replies":[{"embeddable":true,"href":"https:\/\/www.padaworks.com\/pt\/wp-json\/wp\/v2\/comments?post=59348"}],"wp:featuredmedia":[{"embeddable":true,"href":"https:\/\/www.padaworks.com\/pt\/wp-json\/wp\/v2\/media\/59349"}],"wp:attachment":[{"href":"https:\/\/www.padaworks.com\/pt\/wp-json\/wp\/v2\/media?parent=59348"}],"wp:term":[{"taxonomy":"product_brand","embeddable":true,"href":"https:\/\/www.padaworks.com\/pt\/wp-json\/wp\/v2\/product_brand?post=59348"},{"taxonomy":"product_cat","embeddable":true,"href":"https:\/\/www.padaworks.com\/pt\/wp-json\/wp\/v2\/product_cat?post=59348"},{"taxonomy":"product_tag","embeddable":true,"href":"https:\/\/www.padaworks.com\/pt\/wp-json\/wp\/v2\/product_tag?post=59348"}],"curies":[{"name":"wp","href":"https:\/\/api.w.org\/{rel}","templated":true}]}}