{"id":59260,"date":"2023-03-28T22:45:09","date_gmt":"2023-03-28T22:45:09","guid":{"rendered":"https:\/\/www.padaworks.com\/product\/large-curved-bird-cage-natural-handmade-art-antique-bird-cage-bird-house-parakeet-cage-love-your-bird-gift-for-pet-bird-lovers\/"},"modified":"2026-04-06T03:47:32","modified_gmt":"2026-04-06T03:47:32","slug":"gaiola-curva-grande-para-passaros-arte-natural-artesanal-gaiola-antiga-para-passaros-casa-de-passaros-gaiola-para-periquitos-ame-seu-passaro-presente-para-amantes-de-passaros-de-estimacao","status":"publish","type":"product","link":"https:\/\/www.padaworks.com\/pt\/product\/gaiola-curva-grande-para-passaros-arte-natural-artesanal-gaiola-antiga-para-passaros-casa-de-passaros-gaiola-para-periquitos-ame-seu-passaro-presente-para-amantes-de-passaros-de-estimacao\/","title":{"rendered":"Gaiola curva grande para p\u00e1ssaros - Natural"},"content":{"rendered":"<p>Gaiola curva grande para p\u00e1ssaros Natural<\/p>\n<p>Ofere\u00e7a ao seu ador\u00e1vel p\u00e1ssaro uma gaiola nova e grande, com um design atraente que pode facilmente acrescentar \u00e0 decora\u00e7\u00e3o da sua casa.<br \/>Esta gaiola \u00e9 toda produzida de forma artesanal, utilizando material de grande qualidade, utilizamos madeira tratada e arame galvanizado.<\/p>\n<p>Carater\u00edsticas da gaiola:<br \/>- Uma porta da frente com mola e uma fechadura<br \/>- Dois comedouros de pl\u00e1stico, um de cada lado<br \/>- Uma gaveta de res\u00edduos com uma fechadura para facilitar a limpeza do ch\u00e3o da gaiola<br \/>- Um anel no topo da gaiola para pendurar<\/p>\n<p>Feito \u00e0 m\u00e3o<br \/>Fabricado em Portugal<\/p>\n<p>Dimens\u00f5es :<br \/>C - 57 cm, L - 33 cm, A - 49 cm<br \/>C - 22,4 pol., L - 13,0 pol., A - 18,5 pol.<\/p>\n<p>Espa\u00e7amento entre fios - 1 cm; 0,4 in<\/p>\n<p>Este produto \u00e9 cuidadosamente embalado para garantir que chega em boas condi\u00e7\u00f5es \u00e0 sua casa.<br \/>As dimens\u00f5es podem variar ligeiramente.<\/p>","protected":false},"excerpt":{"rendered":"<p>Large Curved Bird Cage Natural Give to your lovely bird a new and large cage, with one attractive designe that you can easily add in you home decor.This cage is all produce handy, using material with great quality, we use real wood treated and galvanized wire. Features of the cage:&#8211; One front door with spring [&hellip;]<\/p>","protected":false},"featured_media":59261,"comment_status":"open","ping_status":"open","template":"","meta":{"_acf_changed":false},"product_brand":[],"product_cat":[509,132],"product_tag":[567,497,507,723,561,1068,563,722,568,566,505,500,499],"class_list":{"0":"post-59260","1":"product","2":"type-product","3":"status-publish","4":"has-post-thumbnail","6":"product_cat-pet-supplies","7":"product_cat-bird-cages","8":"product_tag-aviary-cage","9":"product_tag-bird-cage","10":"product_tag-bird-cage-decor","11":"product_tag-bird-gift","12":"product_tag-birds-cage","13":"product_tag-canary-cage","14":"product_tag-large-bird-cage","15":"product_tag-large-wooden-cage","16":"product_tag-parrot-cage","17":"product_tag-round-bird-cage","18":"product_tag-vintage-bird-cage","19":"product_tag-wood-bird-cage","20":"product_tag-wooden-bird-cage","21":"product_shipping_class-large-package","23":"first","24":"onbackorder","25":"taxable","26":"shipping-taxable","27":"purchasable","28":"product-type-simple"},"acf":[],"gallery_images":[59262,59263,59264,59265,59266,59267,59268],"_links":{"self":[{"href":"https:\/\/www.padaworks.com\/pt\/wp-json\/wp\/v2\/product\/59260","targetHints":{"allow":["GET"]}}],"collection":[{"href":"https:\/\/www.padaworks.com\/pt\/wp-json\/wp\/v2\/product"}],"about":[{"href":"https:\/\/www.padaworks.com\/pt\/wp-json\/wp\/v2\/types\/product"}],"replies":[{"embeddable":true,"href":"https:\/\/www.padaworks.com\/pt\/wp-json\/wp\/v2\/comments?post=59260"}],"wp:featuredmedia":[{"embeddable":true,"href":"https:\/\/www.padaworks.com\/pt\/wp-json\/wp\/v2\/media\/59261"}],"wp:attachment":[{"href":"https:\/\/www.padaworks.com\/pt\/wp-json\/wp\/v2\/media?parent=59260"}],"wp:term":[{"taxonomy":"product_brand","embeddable":true,"href":"https:\/\/www.padaworks.com\/pt\/wp-json\/wp\/v2\/product_brand?post=59260"},{"taxonomy":"product_cat","embeddable":true,"href":"https:\/\/www.padaworks.com\/pt\/wp-json\/wp\/v2\/product_cat?post=59260"},{"taxonomy":"product_tag","embeddable":true,"href":"https:\/\/www.padaworks.com\/pt\/wp-json\/wp\/v2\/product_tag?post=59260"}],"curies":[{"name":"wp","href":"https:\/\/api.w.org\/{rel}","templated":true}]}}