{"id":59249,"date":"2023-03-28T16:46:15","date_gmt":"2023-03-28T16:46:15","guid":{"rendered":"https:\/\/www.padaworks.com\/product\/round-bread-proofing-basket-wicker-banneton-bread-basket-wicker-basket-proofing-basket-woven-basket-baking-bread-bread-gifts\/"},"modified":"2026-02-20T23:49:53","modified_gmt":"2026-02-20T23:49:53","slug":"cesto-redondo-para-fermentacao-de-pao-cesto-de-vime-banneton-cesto-de-vime-cesto-para-fermentacao-cesto-tecido-cozimento-de-pao-presentes-de-pao","status":"publish","type":"product","link":"https:\/\/www.padaworks.com\/pt\/product\/cesto-redondo-para-fermentacao-de-pao-cesto-de-vime-banneton-cesto-de-vime-cesto-para-fermentacao-cesto-tecido-cozimento-de-pao-presentes-de-pao\/","title":{"rendered":"Cesto de fermenta\u00e7\u00e3o redondo - Pequeno"},"content":{"rendered":"<p>Cesto redondo para levedar p\u00e3o<\/p>\n<p>Com este belo cesto feito \u00e0 m\u00e3o, fa\u00e7a o p\u00e3o redondo ideal para a sua fam\u00edlia e amigos!<br \/>Se gosta de fazer p\u00e3o e ainda n\u00e3o come\u00e7ou, esta \u00e9 a altura certa para comprar o seu primeiro cesto de fermenta\u00e7\u00e3o.<br \/>Com o di\u00e2metro deste cesto para p\u00e3o poder\u00e1 colocar uma massa entre 500g e 800g.<br \/>O cesto tem um forro feito \u00e0 m\u00e3o e \u00e9 de algod\u00e3o 100%. Pode ser lavado sempre que necess\u00e1rio.<\/p>\n<p>Feito \u00e0 m\u00e3o<br \/>Fabricado em Portugal<\/p>\n<p>Dimens\u00f5es:<br \/>\u00d8 base \u2013 13 cm, \u00d8 topo \u2013 22 cm, A \u2013 10 cm<br \/>\u00d8 inferior \u2013 5,1 pol., \u00d8 superior \u2013 8,7 pol., A \u2013 3,9 pol.<\/p>","protected":false},"excerpt":{"rendered":"<p>Round Bread Proofing Basket With this beautiful handmade basket, make the ideal round bread for your family and friends!If you enjoy making bread and haven&#8217;t started yet, this is the right time to buy your first fermentation basket.With the diameter of this bread basket you will be able to place a dough between 500g and [&hellip;]<\/p>","protected":false},"featured_media":59250,"comment_status":"open","ping_status":"open","template":"","meta":{"_acf_changed":false},"product_brand":[],"product_cat":[2720,2721],"product_tag":[1886,1883,1895,1892,1893,1894,1890,1885,1887,1889,1884,1888,1891],"class_list":{"0":"post-59249","1":"product","2":"type-product","3":"status-publish","4":"has-post-thumbnail","6":"product_cat-kitchen-storage","7":"product_cat-decorative","8":"product_tag-artisan-bread-basket","9":"product_tag-banneton","10":"product_tag-bread-bakers","11":"product_tag-bread-basket-linens","12":"product_tag-bread-basket-liner","13":"product_tag-bread-bowl","14":"product_tag-bread-proof-basket","15":"product_tag-bread-proving","16":"product_tag-cloth-lined-basket","17":"product_tag-proof-basket","18":"product_tag-proving-basket","19":"product_tag-round-banneton","20":"product_tag-round-bread-basket","21":"product_shipping_class-recessables","23":"first","24":"instock","25":"sale","26":"taxable","27":"shipping-taxable","28":"purchasable","29":"product-type-simple"},"acf":[],"gallery_images":[59251,59252,59253,59254,59255,59256,59257,59258,59259],"_links":{"self":[{"href":"https:\/\/www.padaworks.com\/pt\/wp-json\/wp\/v2\/product\/59249","targetHints":{"allow":["GET"]}}],"collection":[{"href":"https:\/\/www.padaworks.com\/pt\/wp-json\/wp\/v2\/product"}],"about":[{"href":"https:\/\/www.padaworks.com\/pt\/wp-json\/wp\/v2\/types\/product"}],"replies":[{"embeddable":true,"href":"https:\/\/www.padaworks.com\/pt\/wp-json\/wp\/v2\/comments?post=59249"}],"wp:featuredmedia":[{"embeddable":true,"href":"https:\/\/www.padaworks.com\/pt\/wp-json\/wp\/v2\/media\/59250"}],"wp:attachment":[{"href":"https:\/\/www.padaworks.com\/pt\/wp-json\/wp\/v2\/media?parent=59249"}],"wp:term":[{"taxonomy":"product_brand","embeddable":true,"href":"https:\/\/www.padaworks.com\/pt\/wp-json\/wp\/v2\/product_brand?post=59249"},{"taxonomy":"product_cat","embeddable":true,"href":"https:\/\/www.padaworks.com\/pt\/wp-json\/wp\/v2\/product_cat?post=59249"},{"taxonomy":"product_tag","embeddable":true,"href":"https:\/\/www.padaworks.com\/pt\/wp-json\/wp\/v2\/product_tag?post=59249"}],"curies":[{"name":"wp","href":"https:\/\/api.w.org\/{rel}","templated":true}]}}