{"id":59209,"date":"2023-03-27T18:40:32","date_gmt":"2023-03-27T18:40:32","guid":{"rendered":"https:\/\/www.padaworks.com\/product\/glazed-pastel-pink-swallows-wall-hanging-decor\/"},"modified":"2026-03-27T09:46:57","modified_gmt":"2026-03-27T09:46:57","slug":"decoracao-de-parede-de-andorinhas-cor-de-rosa-pastel-envidracada","status":"publish","type":"product","link":"https:\/\/www.padaworks.com\/pt\/product\/decoracao-de-parede-de-andorinhas-cor-de-rosa-pastel-envidracada\/","title":{"rendered":"Decora\u00e7\u00e3o de parede com andorinhas cor-de-rosa pastel vidradas"},"content":{"rendered":"<p>Andorinhas cor-de-rosa pastel vidradas<\/p>\n<p>As andorinhas s\u00e3o aves migrat\u00f3rias que assinalam a chegada da primavera. Estas aves t\u00eam uma carater\u00edstica que as distingue. Regressam quase sempre ao mesmo local onde fizeram o primeiro ninho e t\u00eam apenas um companheiro de viagem! Por isso, tornaram-se um s\u00edmbolo de Amor, Fam\u00edlia, Lealdade, Lar e Fidelidade.<br \/>S\u00e3o o significado de harmonia e felicidade nas casas onde s\u00e3o pendurados.<br \/>H\u00e1 uma rela\u00e7\u00e3o entre as andorinhas e o povo portugu\u00eas. Somos um povo aventureiro que sai de casa em busca de novos mundos, mas acabamos sempre por regressar a casa. Tal como a andorinha, apesar de ser uma ave migrat\u00f3ria, que explora todos os cantos do mundo, uma vez por ano regressa sempre ao seu ninho de origem.<\/p>\n<p>Em Portugal \u00e9 t\u00edpico ver estas andorinhas penduradas nas paredes das casas!<br \/>Simbolizam os membros da fam\u00edlia. Os de tamanho grande s\u00e3o os pais, os de tamanho m\u00e9dio s\u00e3o os filhos e os de tamanho pequeno s\u00e3o os netos.<br \/>Crie tamb\u00e9m esta bela tradi\u00e7\u00e3o portuguesa em sua casa ?<\/p>\n<p>Feito \u00e0 m\u00e3o<br \/>Fabricado em Portugal<\/p>\n<p>Dimens\u00f5es:<br \/>PEQUENO<br \/>C - 8 cm, L - 10 cm, P - 3 cm<br \/>C - 3,1 pol., L - 3,9 pol., P - 1,2 pol.<\/p>\n<p>M\u00c9DIO<br \/>C - 10 cm, L - 14 cm, P - 4 cm<br \/>C - 3,9 pol., L - 5,5 pol., P - 1,6 pol.<\/p>\n<p>GRANDE<br \/>C - 14 cm, L - 18 cm, P - 5 cm<br \/>C - 5,5 pol., L - 7,1 pol., P - 2,0 pol.<\/p>\n<p>As dimens\u00f5es podem variar ligeiramente.<\/p>","protected":false},"excerpt":{"rendered":"<p>Glazed Pastel Pink Swallows Swallows are migratory birds that indicate the arrival of spring. These birds have a characteristic that sets them apart. They almost always return to the same place where they first made the nest and have only one partner along the way! Therefore, they became a symbol of Love, Family, Loyalty, Home [&hellip;]<\/p>","protected":false},"featured_media":59210,"comment_status":"open","ping_status":"open","template":"","meta":{"_acf_changed":false},"product_brand":[],"product_cat":[402,1550],"product_tag":[1362,1011,699,1231,1622,1008,494,1545,1882,1682,540,662,697],"class_list":{"0":"post-59209","1":"product","2":"type-product","3":"status-publish","4":"has-post-thumbnail","6":"product_cat-pottery","7":"product_cat-birds","8":"product_tag-bird-art","9":"product_tag-bird-wall-art","10":"product_tag-bird-wall-hanging","11":"product_tag-ceramic-decor","12":"product_tag-ceramic-pottery","13":"product_tag-ceramic-wall-art","14":"product_tag-ceramic-wall-hanging","15":"product_tag-handmade-art","16":"product_tag-pink-birds","17":"product_tag-portuguese-ceramics","18":"product_tag-traditional-ceramic","19":"product_tag-wall-swallows","20":"product_tag-wedding-favor","21":"product_shipping_class-small-package","23":"first","24":"instock","25":"taxable","26":"shipping-taxable","27":"purchasable","28":"product-type-variable","29":"has-default-attributes","30":"wvs-archive-product-wrapper"},"acf":[],"gallery_images":[59211,59212,59213,59214,59215,59216,59217],"_links":{"self":[{"href":"https:\/\/www.padaworks.com\/pt\/wp-json\/wp\/v2\/product\/59209","targetHints":{"allow":["GET"]}}],"collection":[{"href":"https:\/\/www.padaworks.com\/pt\/wp-json\/wp\/v2\/product"}],"about":[{"href":"https:\/\/www.padaworks.com\/pt\/wp-json\/wp\/v2\/types\/product"}],"replies":[{"embeddable":true,"href":"https:\/\/www.padaworks.com\/pt\/wp-json\/wp\/v2\/comments?post=59209"}],"wp:featuredmedia":[{"embeddable":true,"href":"https:\/\/www.padaworks.com\/pt\/wp-json\/wp\/v2\/media\/59210"}],"wp:attachment":[{"href":"https:\/\/www.padaworks.com\/pt\/wp-json\/wp\/v2\/media?parent=59209"}],"wp:term":[{"taxonomy":"product_brand","embeddable":true,"href":"https:\/\/www.padaworks.com\/pt\/wp-json\/wp\/v2\/product_brand?post=59209"},{"taxonomy":"product_cat","embeddable":true,"href":"https:\/\/www.padaworks.com\/pt\/wp-json\/wp\/v2\/product_cat?post=59209"},{"taxonomy":"product_tag","embeddable":true,"href":"https:\/\/www.padaworks.com\/pt\/wp-json\/wp\/v2\/product_tag?post=59209"}],"curies":[{"name":"wp","href":"https:\/\/api.w.org\/{rel}","templated":true}]}}