{"id":59199,"date":"2023-03-27T18:12:57","date_gmt":"2023-03-27T18:12:57","guid":{"rendered":"https:\/\/www.padaworks.com\/product\/mini-breadmaking-table-bread-making-miniature-table-antique-bread-making-vintage-table-wood-art-farmhouse-table-bread-lovers\/"},"modified":"2026-01-08T12:36:47","modified_gmt":"2026-01-08T12:36:47","slug":"mini-mesa-para-fazer-pao-mesa-em-miniatura-para-fazer-pao-mesa-antiga-para-fazer-pao-mesa-vintage-em-madeira-arte-mesa-rustica-amantes-de-pao","status":"publish","type":"product","link":"https:\/\/www.padaworks.com\/pt\/product\/mini-mesa-para-fazer-pao-mesa-em-miniatura-para-fazer-pao-mesa-antiga-para-fazer-pao-mesa-vintage-em-madeira-arte-mesa-rustica-amantes-de-pao\/","title":{"rendered":"Mini mesa de fabrico de p\u00e3o"},"content":{"rendered":"<p>Mini mesa de fabrico de p\u00e3o<\/p>\n<p>Estas mesas eram muito utilizadas antigamente em Portugal!<br \/>Todas as fam\u00edlias tinham uma c\u00f3pia para quando fosse necess\u00e1rio preparar p\u00e3o.<br \/>O trabalho feito na mesa consistia em amassar a massa para que, ap\u00f3s todas as etapas, ela pudesse dar origem ao p\u00e3o.<br \/>Para produzir estas pe\u00e7as, utiliza-se madeira reciclada.<\/p>\n<p>Feito \u00e0 m\u00e3o<br \/>Fabricado em Portugal<\/p>\n<p>Dimens\u00f5es:<br \/>C \u2013 22 cm, L \u2013 11 cm, A \u2013 15 cm<br \/>L \u2013 22 cm, L \u2013 11 cm, A \u2013 23 cm<\/p>\n<p>As dimens\u00f5es podem variar ligeiramente.<\/p>","protected":false},"excerpt":{"rendered":"<p>Mini Breadmaking Table These tables were used a lot in the old days in Portugal!Every family had a copy for whenever it was necessary to prepare bread.The work done on the table was to knead the dough so that, after all the steps, it could give rise to bread.To produce these pieces recycled wood is [&hellip;]<\/p>","protected":false},"featured_media":59200,"comment_status":"open","ping_status":"closed","template":"","meta":{"_acf_changed":false},"product_brand":[],"product_cat":[1410],"product_tag":[1879,1880,1875,998,1876,1877,1878,1881,1023,1402,331,236,583],"class_list":{"0":"post-59199","1":"product","2":"type-product","3":"status-publish","4":"has-post-thumbnail","6":"product_cat-miniatures","7":"product_tag-antique-miniature","8":"product_tag-baking-bread","9":"product_tag-bread","10":"product_tag-bread-box-vintage","11":"product_tag-bread-making","12":"product_tag-bread-making-gift","13":"product_tag-bread-making-kit","14":"product_tag-bread-ornament","15":"product_tag-gift-for-mom","16":"product_tag-handmade-miniature","17":"product_tag-kitchen-decor","18":"product_tag-miniature","19":"product_tag-rustic-home-decor","20":"product_shipping_class-small-package","22":"first","23":"instock","24":"taxable","25":"shipping-taxable","26":"purchasable","27":"product-type-simple"},"acf":[],"gallery_images":[59201,59202,59203,59204,59205,59206,59207,59208],"_links":{"self":[{"href":"https:\/\/www.padaworks.com\/pt\/wp-json\/wp\/v2\/product\/59199","targetHints":{"allow":["GET"]}}],"collection":[{"href":"https:\/\/www.padaworks.com\/pt\/wp-json\/wp\/v2\/product"}],"about":[{"href":"https:\/\/www.padaworks.com\/pt\/wp-json\/wp\/v2\/types\/product"}],"replies":[{"embeddable":true,"href":"https:\/\/www.padaworks.com\/pt\/wp-json\/wp\/v2\/comments?post=59199"}],"wp:featuredmedia":[{"embeddable":true,"href":"https:\/\/www.padaworks.com\/pt\/wp-json\/wp\/v2\/media\/59200"}],"wp:attachment":[{"href":"https:\/\/www.padaworks.com\/pt\/wp-json\/wp\/v2\/media?parent=59199"}],"wp:term":[{"taxonomy":"product_brand","embeddable":true,"href":"https:\/\/www.padaworks.com\/pt\/wp-json\/wp\/v2\/product_brand?post=59199"},{"taxonomy":"product_cat","embeddable":true,"href":"https:\/\/www.padaworks.com\/pt\/wp-json\/wp\/v2\/product_cat?post=59199"},{"taxonomy":"product_tag","embeddable":true,"href":"https:\/\/www.padaworks.com\/pt\/wp-json\/wp\/v2\/product_tag?post=59199"}],"curies":[{"name":"wp","href":"https:\/\/api.w.org\/{rel}","templated":true}]}}