{"id":59117,"date":"2023-03-27T13:30:08","date_gmt":"2023-03-27T13:30:08","guid":{"rendered":"https:\/\/www.padaworks.com\/product\/original-jane-birkin-basket-cane-basket-birkin-basket-vintage-basket-bag-basket-with-lid-summer-bag-basket-purse-bohemian-bag\/"},"modified":"2026-04-13T11:33:02","modified_gmt":"2026-04-13T11:33:02","slug":"cesta-original-jane-birkin-cesta-de-cana-cesta-birkin-cesta-cesta-vintage-cesta-com-tampa-bolsa-de-verao-bolsa-bolsa-boemia","status":"publish","type":"product","link":"https:\/\/www.padaworks.com\/pt\/product\/cesta-original-jane-birkin-cesta-de-cana-cesta-birkin-cesta-cesta-vintage-cesta-com-tampa-bolsa-de-verao-bolsa-bolsa-boemia\/","title":{"rendered":"Cesto Jane Birkin original"},"content":{"rendered":"<p>Cesto Jane Birkin original<\/p>\n<p>Feito \u00e0 m\u00e3o<br \/>Fabricado em Portugal<\/p>\n<p>Dimens\u00f5es:<br \/>Jane Birkin \u00d8 17 cm - Extra Pequena<br \/>\u00d8 - 17 cm, H - 17 cm, H com pega - 32 cm<br \/>\u00d8 - 6,7 pol., A - 6,7 pol., A com pega - 15,6 pol.<\/p>\n<p>Jane Birkin \u00d8 20 cm - Pequena<br \/>\u00d8 - 20 cm, H - 20 cm, H com pega - 35 cm<br \/>\u00d8 - 7,9 pol., A - 7,9 pol., A com pega - 13,8 pol.<\/p>\n<p>Jane Birkin \u00d8 24 cm - M\u00e9dio<br \/>\u00d8 - 24 cm, H - 24 cm, H com pega - 40 cm<br \/>\u00d8 - 9,4 pol., A - 9,4 pol., A com pega - 15,7 pol.<\/p>\n<p>Jane Birkin \u00d8 26 cm - Grande<br \/>\u00d8 - 26 cm, H - 26 cm, H com pega - 41 cm<br \/>\u00d8 - 10,2 pol., A - 10,2 pol., A com pega - 16,1 pol.<\/p>\n<p>Nas imagens, o tamanho utilizado \u00e9 Jane Birkin \u00d8 24 cm - Medium.<\/p>\n<p>Uma vez que a mat\u00e9ria-prima \u00e9 de origem natural, podem existir ligeiras varia\u00e7\u00f5es na cor do cesto.<br \/>Este cesto \u00e9 fabricado segundo m\u00e9todos manuais muito antigos, pelo que pode ser ligeiramente inclinado. Cada cesto de cana \u00e9 \u00fanico e n\u00e3o existe outro igual.<\/p>\n<p>As dimens\u00f5es podem variar ligeiramente.<\/p>","protected":false},"excerpt":{"rendered":"<p>Original Jane Birkin Basket Artisan MadeMade in Portugal Dimensions:Jane Birkin \u00d8 17 cm &#8211; Extra Small\u00d8 &#8211; 17 cm, H &#8211; 17 cm, H with handle &#8211; 32 cm\u00d8 &#8211; 6,7 in, H &#8211; 6,7 in, H with handle &#8211; 15,6 in Jane Birkin \u00d8 20 cm &#8211; Small\u00d8 &#8211; 20 cm, H &#8211; 20 [&hellip;]<\/p>","protected":false},"featured_media":59118,"comment_status":"open","ping_status":"closed","template":"","meta":{"_acf_changed":false},"product_brand":[],"product_cat":[2737],"product_tag":[302,1182,1862,1864,762,1865,455,1447,1863,336,529,439,1087],"class_list":{"0":"post-59117","1":"product","2":"type-product","3":"status-publish","4":"has-post-thumbnail","6":"product_cat-cane-bags","7":"product_tag-basket-bag","8":"product_tag-basket-with-handle","9":"product_tag-birkin-bag-replica","10":"product_tag-birkin-basket-bag","11":"product_tag-boho-basket","12":"product_tag-bucket-bag-basket","13":"product_tag-flower-girl-basket","14":"product_tag-handmade-baskets","15":"product_tag-jane-birkin","16":"product_tag-picnic-basket","17":"product_tag-round-basket","18":"product_tag-wicker-basket","19":"product_tag-wicker-basket-bag","20":"product_shipping_class-small-package","22":"first","23":"instock","24":"taxable","25":"shipping-taxable","26":"purchasable","27":"product-type-variable","28":"has-default-attributes","29":"wvs-archive-product-wrapper"},"acf":[],"gallery_images":[59119,59120,59121,59122,59123,59124,59125,59126,59127,60106,60108],"_links":{"self":[{"href":"https:\/\/www.padaworks.com\/pt\/wp-json\/wp\/v2\/product\/59117","targetHints":{"allow":["GET"]}}],"collection":[{"href":"https:\/\/www.padaworks.com\/pt\/wp-json\/wp\/v2\/product"}],"about":[{"href":"https:\/\/www.padaworks.com\/pt\/wp-json\/wp\/v2\/types\/product"}],"replies":[{"embeddable":true,"href":"https:\/\/www.padaworks.com\/pt\/wp-json\/wp\/v2\/comments?post=59117"}],"wp:featuredmedia":[{"embeddable":true,"href":"https:\/\/www.padaworks.com\/pt\/wp-json\/wp\/v2\/media\/59118"}],"wp:attachment":[{"href":"https:\/\/www.padaworks.com\/pt\/wp-json\/wp\/v2\/media?parent=59117"}],"wp:term":[{"taxonomy":"product_brand","embeddable":true,"href":"https:\/\/www.padaworks.com\/pt\/wp-json\/wp\/v2\/product_brand?post=59117"},{"taxonomy":"product_cat","embeddable":true,"href":"https:\/\/www.padaworks.com\/pt\/wp-json\/wp\/v2\/product_cat?post=59117"},{"taxonomy":"product_tag","embeddable":true,"href":"https:\/\/www.padaworks.com\/pt\/wp-json\/wp\/v2\/product_tag?post=59117"}],"curies":[{"name":"wp","href":"https:\/\/api.w.org\/{rel}","templated":true}]}}