{"id":59055,"date":"2023-03-23T19:17:49","date_gmt":"2023-03-23T19:17:49","guid":{"rendered":"https:\/\/www.padaworks.com\/product\/vintage-picnic-basket-picnic-basket-with-lid-cute-basket-garden-basket-vintage-basket-picnic-basket-farmer-basket-easter-basket\/"},"modified":"2026-02-16T15:03:32","modified_gmt":"2026-02-16T15:03:32","slug":"cesto-de-piquenique-de-vime-vintage-medio","status":"publish","type":"product","link":"https:\/\/www.padaworks.com\/pt\/product\/cesto-de-piquenique-de-vime-vintage-medio\/","title":{"rendered":"Cesto de piquenique de vime vintage - M\u00e9dio"},"content":{"rendered":"<p>Cesto de piquenique vintage - Oval M\u00e9dio<\/p>\n<p>Perfeito para um piquenique com a fam\u00edlia e os amigos.<br \/>\nPr\u00e1tico para transportar alimentos para a praia, jardins ou campo.<br \/>\nOu perfeito para o seu dia na quinta ou nos mercados de agricultores.<br \/>\n\u00c9 um produto totalmente feito \u00e0 m\u00e3o, amigo do ambiente e sustent\u00e1vel!<\/p>\n<p>Feito \u00e0 m\u00e3o<br \/>\nFabricado em Portugal<\/p>\n<p>Dimens\u00f5es:<br \/>\nC - 44 cm, L - 32 cm, A - 19 cm, A com pega - 39 cm<br \/>\nC - 17,3 pol., L - 12,6 pol., A - 7,5 pol., A com pega - 15,4 pol.<\/p>\n<p>As dimens\u00f5es podem variar ligeiramente<\/p>","protected":false},"excerpt":{"rendered":"<p>Vintage Picnic Basket \u2013 Oval Medium Perfect for a picnic with family and friends. Practical for transporting food to the beach, gardens or countryside. Or perfect for your day at the farm or at the farmers markets. It is an all handmade product, environmentally friendly and sustainable! Artisan Made Made in Portugal Dimensions: L \u2013 [&hellip;]<\/p>","protected":false},"featured_media":103770,"comment_status":"open","ping_status":"closed","template":"","meta":{"_acf_changed":false},"product_brand":[],"product_cat":[448,1915],"product_tag":[1182,653,652,455,445,522,336,523,437,1856,519,439,521],"class_list":{"0":"post-59055","1":"product","2":"type-product","3":"status-publish","4":"has-post-thumbnail","6":"product_cat-picnic","7":"product_cat-market-baskets","8":"product_tag-basket-with-handle","9":"product_tag-classic-basket","10":"product_tag-cute-picnic-basket","11":"product_tag-flower-girl-basket","12":"product_tag-gift-basket","13":"product_tag-large-picnic-basket","14":"product_tag-picnic-basket","15":"product_tag-picnic-basket-for-4","16":"product_tag-picnic-basket-set","17":"product_tag-picnic-vintage","18":"product_tag-picnic-wicker-basket","19":"product_tag-wicker-basket","20":"product_tag-wicker-picnic-basket","21":"product_shipping_class-large-package","23":"first","24":"onbackorder","25":"taxable","26":"shipping-taxable","27":"purchasable","28":"product-type-simple"},"acf":[],"gallery_images":[103765,103766,103767,103768,103769,103771,103772,103773,103774,103775],"_links":{"self":[{"href":"https:\/\/www.padaworks.com\/pt\/wp-json\/wp\/v2\/product\/59055","targetHints":{"allow":["GET"]}}],"collection":[{"href":"https:\/\/www.padaworks.com\/pt\/wp-json\/wp\/v2\/product"}],"about":[{"href":"https:\/\/www.padaworks.com\/pt\/wp-json\/wp\/v2\/types\/product"}],"replies":[{"embeddable":true,"href":"https:\/\/www.padaworks.com\/pt\/wp-json\/wp\/v2\/comments?post=59055"}],"wp:featuredmedia":[{"embeddable":true,"href":"https:\/\/www.padaworks.com\/pt\/wp-json\/wp\/v2\/media\/103770"}],"wp:attachment":[{"href":"https:\/\/www.padaworks.com\/pt\/wp-json\/wp\/v2\/media?parent=59055"}],"wp:term":[{"taxonomy":"product_brand","embeddable":true,"href":"https:\/\/www.padaworks.com\/pt\/wp-json\/wp\/v2\/product_brand?post=59055"},{"taxonomy":"product_cat","embeddable":true,"href":"https:\/\/www.padaworks.com\/pt\/wp-json\/wp\/v2\/product_cat?post=59055"},{"taxonomy":"product_tag","embeddable":true,"href":"https:\/\/www.padaworks.com\/pt\/wp-json\/wp\/v2\/product_tag?post=59055"}],"curies":[{"name":"wp","href":"https:\/\/api.w.org\/{rel}","templated":true}]}}