{"id":59044,"date":"2023-03-23T18:33:22","date_gmt":"2023-03-23T18:33:22","guid":{"rendered":"https:\/\/www.padaworks.com\/product\/large-jute-and-pine-green-rug-vintage-rug-cotton-rug-rugs-for-living-room-area-rugs-jute-rug-farmhouse-rug-rugs-for-bedroom\/"},"modified":"2026-04-22T17:16:39","modified_gmt":"2026-04-22T17:16:39","slug":"tapete-grande-de-juta-e-verde-pinho-tapete-vintage-tapete-de-algodao-tapetes-para-sala-de-estar-tapetes-de-juta-tapete-rustico-tapetes-para-quarto","status":"publish","type":"product","link":"https:\/\/www.padaworks.com\/pt\/product\/tapete-grande-de-juta-e-verde-pinho-tapete-vintage-tapete-de-algodao-tapetes-para-sala-de-estar-tapetes-de-juta-tapete-rustico-tapetes-para-quarto\/","title":{"rendered":"Tapete grande de juta e pinho verde - 140x200cm - Tapete de argolas"},"content":{"rendered":"<p>Tapete grande em juta e verde pinho<\/p>\n<p>Este tapete \u00e9 tecido num tear manual com tecidos reutilizados.<br \/>\u00c9 ecol\u00f3gico porque reutiliza a mat\u00e9ria-prima desperdi\u00e7ada pela ind\u00fastria t\u00eaxtil.<br \/>Uma vez que este tapete \u00e9 fabricado com produtos reciclados das ind\u00fastrias t\u00eaxteis, pode haver ligeiras varia\u00e7\u00f5es de cor.<\/p>\n<p>\u00c9 poss\u00edvel fazer um tamanho personalizado deste bonito tapete, por favor contacte-nos ?<br \/>Temos mais cores dispon\u00edveis, por favor veja a sua cor favorita na galeria para que possamos fazer o tapete perfeito para a sua casa!<\/p>\n<p>Feito \u00e0 m\u00e3o<br \/>Fabricado em Portugal<\/p>\n<p>Dimens\u00f5es:<br \/>C - 200 cm, L - 140 cm<br \/>C - 78,7 pol., L - 55,1 pol.<br \/>C - 6,6 p\u00e9s, L - 4,6 p\u00e9s<\/p>\n<p>As dimens\u00f5es podem variar ligeiramente.<\/p>","protected":false},"excerpt":{"rendered":"<p>Large Jute and Pine Green Rug This rug is woven in a manual loom with fabrics reused.It is ecological because they reuse raw material wasted by the textil industry.Since this rug is made with recycled products from the textile industries, there may be slight variations in color. It is possible to make a custom size [&hellip;]<\/p>","protected":false},"featured_media":59045,"comment_status":"open","ping_status":"open","template":"","meta":{"_acf_changed":false},"product_brand":[],"product_cat":[2729],"product_tag":[1855,465,1076,961,871,585,650,475,1854,581,1773,370,960],"class_list":{"0":"post-59044","1":"product","2":"type-product","3":"status-publish","4":"has-post-thumbnail","6":"product_cat-ring-line","7":"product_tag-5x7-area-rug","8":"product_tag-bedroom-rug","9":"product_tag-bohemian-rug","10":"product_tag-cotton-carpet-rug","11":"product_tag-custom-size-rug","12":"product_tag-entryway-rug","13":"product_tag-green-rug","14":"product_tag-handwoven-rug","15":"product_tag-jute-area-rug","16":"product_tag-living-room-rug","17":"product_tag-modern-area-rug","18":"product_tag-outdoor-rug","19":"product_tag-queen-bed-rug","20":"product_shipping_class-small-package","22":"first","23":"onbackorder","24":"sale","25":"taxable","26":"shipping-taxable","27":"purchasable","28":"product-type-simple"},"acf":[],"gallery_images":[59046,59047,59048,59049,59050,59051,59052,59053,59054],"_links":{"self":[{"href":"https:\/\/www.padaworks.com\/pt\/wp-json\/wp\/v2\/product\/59044","targetHints":{"allow":["GET"]}}],"collection":[{"href":"https:\/\/www.padaworks.com\/pt\/wp-json\/wp\/v2\/product"}],"about":[{"href":"https:\/\/www.padaworks.com\/pt\/wp-json\/wp\/v2\/types\/product"}],"replies":[{"embeddable":true,"href":"https:\/\/www.padaworks.com\/pt\/wp-json\/wp\/v2\/comments?post=59044"}],"wp:featuredmedia":[{"embeddable":true,"href":"https:\/\/www.padaworks.com\/pt\/wp-json\/wp\/v2\/media\/59045"}],"wp:attachment":[{"href":"https:\/\/www.padaworks.com\/pt\/wp-json\/wp\/v2\/media?parent=59044"}],"wp:term":[{"taxonomy":"product_brand","embeddable":true,"href":"https:\/\/www.padaworks.com\/pt\/wp-json\/wp\/v2\/product_brand?post=59044"},{"taxonomy":"product_cat","embeddable":true,"href":"https:\/\/www.padaworks.com\/pt\/wp-json\/wp\/v2\/product_cat?post=59044"},{"taxonomy":"product_tag","embeddable":true,"href":"https:\/\/www.padaworks.com\/pt\/wp-json\/wp\/v2\/product_tag?post=59044"}],"curies":[{"name":"wp","href":"https:\/\/api.w.org\/{rel}","templated":true}]}}