{"id":58899,"date":"2023-03-08T18:42:35","date_gmt":"2023-03-08T18:42:35","guid":{"rendered":"https:\/\/www.padaworks.com\/product\/pine-green-rug-100x150cm-small-area-rug-bedside-rug-rag-rug-soft-rug-living-room-rug-entryway-rug-bedroom-rug-green-area-rug\/"},"modified":"2026-02-20T23:49:15","modified_gmt":"2026-02-20T23:49:15","slug":"tapete-verde-pinho-100x150cm-tapete-pequeno-tapete-de-cabeceira-tapete-de-retalhos-tapete-macio-tapete-de-sala-de-estar-tapete-de-entrada-tapete-de-quarto-tapete-verde","status":"publish","type":"product","link":"https:\/\/www.padaworks.com\/pt\/product\/tapete-verde-pinho-100x150cm-tapete-pequeno-tapete-de-cabeceira-tapete-de-retalhos-tapete-macio-tapete-de-sala-de-estar-tapete-de-entrada-tapete-de-quarto-tapete-verde\/","title":{"rendered":"Tapete verde pinho - 100x150cm - Tapete de argolas"},"content":{"rendered":"<p>Tapete verde pinho 100 x 150 cm<\/p>\n<p>Este tapete \u00e9 tecido num tear manual com tecidos reutilizados.<br \/>Estes tapetes s\u00e3o robustos, leves e podem ser lavados regularmente \u00e0 m\u00e3o ou \u00e0 m\u00e1quina.<br \/>\u00c9 ecol\u00f3gico porque reutiliza a mat\u00e9ria-prima desperdi\u00e7ada pela ind\u00fastria t\u00eaxtil.<br \/>Recomendamos a lavagem a frio ou a 30\u00b0C.<br \/>Uma vez que este tapete \u00e9 fabricado com produtos reciclados das ind\u00fastrias t\u00eaxteis, pode haver ligeiras varia\u00e7\u00f5es de cor.<\/p>\n<p>\u00c9 poss\u00edvel fazer um tamanho personalizado deste bonito tapete, por favor contacte-nos ?<br \/>Temos mais cores dispon\u00edveis, por favor veja a sua cor favorita na galeria para que possamos fazer o tapete perfeito para a sua casa!<\/p>\n<p>Dimens\u00f5es:<br \/>C - 150 cm, L - 100 cm<br \/>C - 59,1 pol., L - 39,4 pol.<br \/>C - 4,9 p\u00e9s, L - 3,0 p\u00e9s<\/p>\n<p>As dimens\u00f5es podem variar ligeiramente.<\/p>","protected":false},"excerpt":{"rendered":"<p>Tapete Verde Pinho 100x150cm Este tapete \u00e9 tecido num tear manual com tecidos reutilizados.Estes tapetes s\u00e3o robustos, leves e podem ser lavados regularmente \u00e0 m\u00e3o ou \u00e0 m\u00e1quina.\u00c9 ecol\u00f3gico porque reutiliza mat\u00e9ria-prima desperdi\u00e7ada pela ind\u00fastria t\u00eaxtil.Recomendamos a lavagem a frio ou a 30\u00b0C.Uma vez que este tapete \u00e9 feito com produtos reciclados da [...]<\/p>","protected":false},"featured_media":58900,"comment_status":"open","ping_status":"open","template":"","meta":{"_acf_changed":false},"product_brand":[],"product_cat":[2729],"product_tag":[1419,421,648,481,419,619,650,596,420,575,482,515,595],"class_list":{"0":"post-58899","1":"product","2":"type-product","3":"status-publish","4":"has-post-thumbnail","6":"product_cat-ring-line","7":"product_tag-3x5-rug","8":"product_tag-bathroom-rug","9":"product_tag-carpet-rug","10":"product_tag-chunky-rug","11":"product_tag-custom-rug","12":"product_tag-entry-rug","13":"product_tag-green-rug","14":"product_tag-hallway-rug","15":"product_tag-handmade-rug","16":"product_tag-kitchen-rug","17":"product_tag-rugs-for-bedroom","18":"product_tag-rugs-for-living-room","19":"product_tag-washable-rug","20":"product_shipping_class-small-package","21":"pa_finish-with-fringes","22":"pa_finish-without-fringes","24":"first","25":"onbackorder","26":"taxable","27":"shipping-taxable","28":"purchasable","29":"product-type-variable","30":"has-default-attributes","31":"wvs-archive-product-wrapper"},"acf":[],"gallery_images":[58901,58902,58903,58904,58905,58906,58908],"_links":{"self":[{"href":"https:\/\/www.padaworks.com\/pt\/wp-json\/wp\/v2\/product\/58899","targetHints":{"allow":["GET"]}}],"collection":[{"href":"https:\/\/www.padaworks.com\/pt\/wp-json\/wp\/v2\/product"}],"about":[{"href":"https:\/\/www.padaworks.com\/pt\/wp-json\/wp\/v2\/types\/product"}],"replies":[{"embeddable":true,"href":"https:\/\/www.padaworks.com\/pt\/wp-json\/wp\/v2\/comments?post=58899"}],"wp:featuredmedia":[{"embeddable":true,"href":"https:\/\/www.padaworks.com\/pt\/wp-json\/wp\/v2\/media\/58900"}],"wp:attachment":[{"href":"https:\/\/www.padaworks.com\/pt\/wp-json\/wp\/v2\/media?parent=58899"}],"wp:term":[{"taxonomy":"product_brand","embeddable":true,"href":"https:\/\/www.padaworks.com\/pt\/wp-json\/wp\/v2\/product_brand?post=58899"},{"taxonomy":"product_cat","embeddable":true,"href":"https:\/\/www.padaworks.com\/pt\/wp-json\/wp\/v2\/product_cat?post=58899"},{"taxonomy":"product_tag","embeddable":true,"href":"https:\/\/www.padaworks.com\/pt\/wp-json\/wp\/v2\/product_tag?post=58899"}],"curies":[{"name":"wp","href":"https:\/\/api.w.org\/{rel}","templated":true}]}}