{"id":58869,"date":"2023-03-08T18:40:21","date_gmt":"2023-03-08T18:40:21","guid":{"rendered":"https:\/\/www.padaworks.com\/product\/light-brown-rug-100x150cm-area-rug-rustic-rug-soft-rug-cotton-area-rug-living-room-rug-hallway-rug-bedroom-rug-modern-rug\/"},"modified":"2026-02-20T23:49:07","modified_gmt":"2026-02-20T23:49:07","slug":"tapete-castanho-claro-100x150cm-tapete-de-area-tapete-rustico-tapete-macio-tapete-de-area-de-algodao-tapete-de-sala-tapete-de-corredor-tapete-de-quarto-tapete-moderno","status":"publish","type":"product","link":"https:\/\/www.padaworks.com\/pt\/product\/tapete-castanho-claro-100x150cm-tapete-de-area-tapete-rustico-tapete-macio-tapete-de-area-de-algodao-tapete-de-sala-tapete-de-corredor-tapete-de-quarto-tapete-moderno\/","title":{"rendered":"Camel - 100x150cm - Tapete de argolas"},"content":{"rendered":"<p>Tapete Camel 100x150cm<\/p>\n<p>Este tapete \u00e9 tecido num tear manual com tecidos reutilizados.<br \/>Estes tapetes s\u00e3o robustos, leves e podem ser lavados regularmente \u00e0 m\u00e3o ou \u00e0 m\u00e1quina.<br \/>\u00c9 ecol\u00f3gico porque reutiliza a mat\u00e9ria-prima desperdi\u00e7ada pela ind\u00fastria t\u00eaxtil.<br \/>Recomendamos a lavagem a frio ou a 30\u00b0C.<br \/>Uma vez que este tapete \u00e9 fabricado com produtos reciclados das ind\u00fastrias t\u00eaxteis, pode haver ligeiras varia\u00e7\u00f5es de cor.<\/p>\n<p>Feito \u00e0 m\u00e3o<br \/>Fabricado em Portugal<\/p>\n<p>Dimens\u00f5es:<br \/>C - 150 cm, L - 100 cm<br \/>C - 59,1 pol., L - 39,4 pol.<br \/>C - 4,9 p\u00e9s, L - 3,0 p\u00e9s<\/p>\n<p>As dimens\u00f5es podem variar ligeiramente.<\/p>","protected":false},"excerpt":{"rendered":"<p>Tapete Camel 100x150cm Este tapete \u00e9 tecido num tear manual com tecidos reutilizados.Estes tapetes s\u00e3o robustos, leves e podem ser lavados regularmente \u00e0 m\u00e3o ou \u00e0 m\u00e1quina.\u00c9 ecol\u00f3gico porque reutiliza mat\u00e9ria-prima desperdi\u00e7ada pela ind\u00fastria t\u00eaxtil.Recomendamos a lavagem a frio ou a 30\u00b0C.Uma vez que este tapete \u00e9 feito com produtos reciclados da ind\u00fastria t\u00eaxtil [...]<\/p>","protected":false},"featured_media":58870,"comment_status":"open","ping_status":"open","template":"","meta":{"_acf_changed":false},"product_brand":[],"product_cat":[2729],"product_tag":[1419,421,1207,648,481,871,575,717,1776,1656,515,468,623],"class_list":{"0":"post-58869","1":"product","2":"type-product","3":"status-publish","4":"has-post-thumbnail","6":"product_cat-ring-line","7":"product_tag-3x5-rug","8":"product_tag-bathroom-rug","9":"product_tag-brown-rug","10":"product_tag-carpet-rug","11":"product_tag-chunky-rug","12":"product_tag-custom-size-rug","13":"product_tag-kitchen-rug","14":"product_tag-large-rug","15":"product_tag-neutral-area-rug","16":"product_tag-rug-for-bedroom","17":"product_tag-rugs-for-living-room","18":"product_tag-scandinavian-rug","19":"product_tag-vintage-rug","20":"product_shipping_class-small-package","21":"pa_finish-with-fringes","22":"pa_finish-without-fringes","24":"first","25":"onbackorder","26":"taxable","27":"shipping-taxable","28":"purchasable","29":"product-type-variable","30":"has-default-attributes","31":"wvs-archive-product-wrapper"},"acf":[],"gallery_images":[58871,58872,58873,58874,58875,58876,58877,58878,58879,58881],"_links":{"self":[{"href":"https:\/\/www.padaworks.com\/pt\/wp-json\/wp\/v2\/product\/58869","targetHints":{"allow":["GET"]}}],"collection":[{"href":"https:\/\/www.padaworks.com\/pt\/wp-json\/wp\/v2\/product"}],"about":[{"href":"https:\/\/www.padaworks.com\/pt\/wp-json\/wp\/v2\/types\/product"}],"replies":[{"embeddable":true,"href":"https:\/\/www.padaworks.com\/pt\/wp-json\/wp\/v2\/comments?post=58869"}],"wp:featuredmedia":[{"embeddable":true,"href":"https:\/\/www.padaworks.com\/pt\/wp-json\/wp\/v2\/media\/58870"}],"wp:attachment":[{"href":"https:\/\/www.padaworks.com\/pt\/wp-json\/wp\/v2\/media?parent=58869"}],"wp:term":[{"taxonomy":"product_brand","embeddable":true,"href":"https:\/\/www.padaworks.com\/pt\/wp-json\/wp\/v2\/product_brand?post=58869"},{"taxonomy":"product_cat","embeddable":true,"href":"https:\/\/www.padaworks.com\/pt\/wp-json\/wp\/v2\/product_cat?post=58869"},{"taxonomy":"product_tag","embeddable":true,"href":"https:\/\/www.padaworks.com\/pt\/wp-json\/wp\/v2\/product_tag?post=58869"}],"curies":[{"name":"wp","href":"https:\/\/api.w.org\/{rel}","templated":true}]}}