{"id":58750,"date":"2023-03-05T19:28:36","date_gmt":"2023-03-05T19:28:36","guid":{"rendered":"https:\/\/www.padaworks.com\/product\/extra-large-black-and-white-rug-checkered-rug-custom-size-rug-handmade-rug-checkered-rug-black-and-white-bedroom-rug-unique-rug\/"},"modified":"2025-11-19T09:24:10","modified_gmt":"2025-11-19T09:24:10","slug":"tapete-preto-e-branco-extra-grande-tapete-axadrezado-tapete-de-tamanho-personalizado-tapete-feito-a-mao-tapete-axadrezado-tapete-de-quarto-preto-e-branco-tapete-unico","status":"publish","type":"product","link":"https:\/\/www.padaworks.com\/pt\/product\/tapete-preto-e-branco-extra-grande-tapete-axadrezado-tapete-de-tamanho-personalizado-tapete-feito-a-mao-tapete-axadrezado-tapete-de-quarto-preto-e-branco-tapete-unico\/","title":{"rendered":"Tapete preto e branco extra grande - 200x300cm - Tapete de argolas"},"content":{"rendered":"<p>Tapete preto e branco extra grande<\/p>\n<p>Estes tapetes s\u00e3o robustos e podem ser lavados regularmente \u00e0 m\u00e3o ou \u00e0 m\u00e1quina.<br \/>\u00c9 ecol\u00f3gico porque reutiliza a mat\u00e9ria-prima desperdi\u00e7ada pela ind\u00fastria t\u00eaxtil.<br \/>Recomendamos a lavagem a frio ou a 30\u00b0C.<br \/>Uma vez que este tapete \u00e9 fabricado com produtos reciclados das ind\u00fastrias t\u00eaxteis, pode haver ligeiras varia\u00e7\u00f5es de cor.<\/p>\n<p>\u00c9 poss\u00edvel fazer um tamanho e uma cor personalizados deste bonito tapete, contacte-nos ?<br \/>Temos mais cores dispon\u00edveis, por favor escolha a sua cor favorita para que possamos fazer o tapete perfeito para a sua casa!<\/p>\n<p>Feito \u00e0 m\u00e3o<br \/>Fabricado em Portugal<\/p>\n<p>Dimens\u00f5es:<br \/>C - 300 cm, L - 200 cm<br \/>C - 118,1 pol., L - 78,7 pol.<br \/>C - 9,8 p\u00e9s, L - 6,7 p\u00e9s<\/p>\n<p>As dimens\u00f5es podem variar ligeiramente.<\/p>","protected":false},"excerpt":{"rendered":"<p>Tapete Extra Grande Preto e Branco Estes tapetes s\u00e3o robustos e podem ser lavados regularmente \u00e0 m\u00e3o ou \u00e0 m\u00e1quina. \u00c9 ecol\u00f3gico porque reutiliza mat\u00e9ria-prima desperdi\u00e7ada pela ind\u00fastria t\u00eaxtil. Recomendamos a lavagem a frio ou a 30\u00b0C. Como este tapete \u00e9 feito com produtos reciclados das ind\u00fastrias t\u00eaxteis, pode haver ligeiras varia\u00e7\u00f5es de cor. [...]<\/p>","protected":false},"featured_media":58751,"comment_status":"open","ping_status":"open","template":"","meta":{"_acf_changed":false},"product_brand":[],"product_cat":[2729],"product_tag":[821,816,1787,1826,293,596,475,575,669,841,1656,594,595],"class_list":{"0":"post-58750","1":"product","2":"type-product","3":"status-publish","4":"has-post-thumbnail","6":"product_cat-ring-line","7":"product_tag-8x10-rug","8":"product_tag-area-rug","9":"product_tag-checker-rug","10":"product_tag-checkered-area-rug","11":"product_tag-cotton-rug","12":"product_tag-hallway-rug","13":"product_tag-handwoven-rug","14":"product_tag-kitchen-rug","15":"product_tag-minimalist-rug","16":"product_tag-modern-rug","17":"product_tag-rug-for-bedroom","18":"product_tag-rug-for-living-room","19":"product_tag-washable-rug","20":"product_shipping_class-small-package","22":"first","23":"instock","24":"taxable","25":"shipping-taxable","26":"purchasable","27":"product-type-simple"},"acf":[],"gallery_images":[58752,58753,58754,58755,58756,58757,58758,58759,58760],"_links":{"self":[{"href":"https:\/\/www.padaworks.com\/pt\/wp-json\/wp\/v2\/product\/58750","targetHints":{"allow":["GET"]}}],"collection":[{"href":"https:\/\/www.padaworks.com\/pt\/wp-json\/wp\/v2\/product"}],"about":[{"href":"https:\/\/www.padaworks.com\/pt\/wp-json\/wp\/v2\/types\/product"}],"replies":[{"embeddable":true,"href":"https:\/\/www.padaworks.com\/pt\/wp-json\/wp\/v2\/comments?post=58750"}],"wp:featuredmedia":[{"embeddable":true,"href":"https:\/\/www.padaworks.com\/pt\/wp-json\/wp\/v2\/media\/58751"}],"wp:attachment":[{"href":"https:\/\/www.padaworks.com\/pt\/wp-json\/wp\/v2\/media?parent=58750"}],"wp:term":[{"taxonomy":"product_brand","embeddable":true,"href":"https:\/\/www.padaworks.com\/pt\/wp-json\/wp\/v2\/product_brand?post=58750"},{"taxonomy":"product_cat","embeddable":true,"href":"https:\/\/www.padaworks.com\/pt\/wp-json\/wp\/v2\/product_cat?post=58750"},{"taxonomy":"product_tag","embeddable":true,"href":"https:\/\/www.padaworks.com\/pt\/wp-json\/wp\/v2\/product_tag?post=58750"}],"curies":[{"name":"wp","href":"https:\/\/api.w.org\/{rel}","templated":true}]}}