{"id":58444,"date":"2023-02-19T21:58:52","date_gmt":"2023-02-19T21:58:52","guid":{"rendered":"https:\/\/www.padaworks.com\/product\/long-olive-green-runner-rug-60x200cm-traditional-rug\/"},"modified":"2025-11-18T15:43:12","modified_gmt":"2025-11-18T15:43:12","slug":"tapete-comprido-verde-azeitona-60x200cm-tapete-tradicional","status":"publish","type":"product","link":"https:\/\/www.padaworks.com\/pt\/product\/tapete-comprido-verde-azeitona-60x200cm-tapete-tradicional\/","title":{"rendered":"Tapete comprido de corredor verde azeitona - 60x200cm - Tapete tradicional"},"content":{"rendered":"<p>Tapete comprido verde azeitona 200 cm<\/p>\n<p>Este tapete \u00e9 tecido num tear manual com tecidos reutilizados.<br \/>Estes tapetes s\u00e3o robustos, leves e podem ser lavados regularmente \u00e0 m\u00e3o ou \u00e0 m\u00e1quina.<br \/>\u00c9 ecol\u00f3gico porque reutiliza a mat\u00e9ria-prima desperdi\u00e7ada pela ind\u00fastria t\u00eaxtil.<br \/>Recomendamos a lavagem a frio ou a 30\u00b0C.<br \/>Uma vez que este tapete \u00e9 fabricado com produtos reciclados das ind\u00fastrias t\u00eaxteis, pode haver ligeiras varia\u00e7\u00f5es de cor.<\/p>\n<p>Feito \u00e0 m\u00e3o<br \/>Fabricado em Portugal<\/p>\n<p>Dimens\u00f5es:<br \/>C - 150 cm, L - 60 cm<br \/>C \u2013 150 cm, L \u2013 59 cm<br \/>C - 4,9 p\u00e9s, L - 2,0 p\u00e9s<\/p>\n<p>ou<\/p>\n<p>C \u2013 200 cm, L \u2013 60 cm<br \/>C - 78,7 pol., L - 23,2 pol.<br \/>C - 6,6 p\u00e9s, L - 2,0 p\u00e9s<\/p>\n<p>As dimens\u00f5es podem variar ligeiramente.<\/p>","protected":false},"excerpt":{"rendered":"<p>Tapete comprido verde azeitona 200cm Este tapete \u00e9 tecido num tear manual com tecidos reutilizados.Estes tapetes s\u00e3o robustos, leves e podem ser lavados regularmente \u00e0 m\u00e3o ou \u00e0 m\u00e1quina.\u00c9 ecol\u00f3gico porque reutiliza mat\u00e9ria-prima desperdi\u00e7ada pela ind\u00fastria t\u00eaxtil.Recomendamos a lavagem a frio ou a 30\u00b0C.Uma vez que este tapete \u00e9 feito com produtos reciclados de [...]<\/p>","protected":false},"featured_media":58445,"comment_status":"open","ping_status":"open","template":"","meta":{"_acf_changed":false},"product_brand":[],"product_cat":[2730],"product_tag":[421,477,478,293,619,650,596,513,1781,512,482,579,595],"class_list":{"0":"post-58444","1":"product","2":"type-product","3":"status-publish","4":"has-post-thumbnail","6":"product_cat-traditional","7":"product_tag-bathroom-rug","8":"product_tag-bedside-rug","9":"product_tag-boho-rug","10":"product_tag-cotton-rug","11":"product_tag-entry-rug","12":"product_tag-green-rug","13":"product_tag-hallway-rug","14":"product_tag-kitchen-runner","15":"product_tag-rug-for-kitchen","16":"product_tag-rug-runner","17":"product_tag-rugs-for-bedroom","18":"product_tag-vintage-runner-rug","19":"product_tag-washable-rug","20":"product_shipping_class-small-package","22":"first","23":"instock","24":"taxable","25":"shipping-taxable","26":"purchasable","27":"product-type-variable","28":"has-default-attributes","29":"wvs-archive-product-wrapper"},"acf":[],"gallery_images":[58446,58447,58448,58449,58450,58451,58452],"_links":{"self":[{"href":"https:\/\/www.padaworks.com\/pt\/wp-json\/wp\/v2\/product\/58444","targetHints":{"allow":["GET"]}}],"collection":[{"href":"https:\/\/www.padaworks.com\/pt\/wp-json\/wp\/v2\/product"}],"about":[{"href":"https:\/\/www.padaworks.com\/pt\/wp-json\/wp\/v2\/types\/product"}],"replies":[{"embeddable":true,"href":"https:\/\/www.padaworks.com\/pt\/wp-json\/wp\/v2\/comments?post=58444"}],"wp:featuredmedia":[{"embeddable":true,"href":"https:\/\/www.padaworks.com\/pt\/wp-json\/wp\/v2\/media\/58445"}],"wp:attachment":[{"href":"https:\/\/www.padaworks.com\/pt\/wp-json\/wp\/v2\/media?parent=58444"}],"wp:term":[{"taxonomy":"product_brand","embeddable":true,"href":"https:\/\/www.padaworks.com\/pt\/wp-json\/wp\/v2\/product_brand?post=58444"},{"taxonomy":"product_cat","embeddable":true,"href":"https:\/\/www.padaworks.com\/pt\/wp-json\/wp\/v2\/product_cat?post=58444"},{"taxonomy":"product_tag","embeddable":true,"href":"https:\/\/www.padaworks.com\/pt\/wp-json\/wp\/v2\/product_tag?post=58444"}],"curies":[{"name":"wp","href":"https:\/\/api.w.org\/{rel}","templated":true}]}}