{"id":58436,"date":"2023-02-19T21:58:34","date_gmt":"2023-02-19T21:58:34","guid":{"rendered":"https:\/\/www.padaworks.com\/product\/mini-grey-rug-rustic-rug-handmade-rug-cotton-rug-soft-rug-bath-rug-bathroom-rug-bath-mat-shower-mat-washable-rug-rag-rug\/"},"modified":"2025-11-19T09:24:31","modified_gmt":"2025-11-19T09:24:31","slug":"mini-tapete-cinzento-tapete-rustico-tapete-feito-a-mao-tapete-de-algodao-tapete-macio-tapete-de-banho-tapete-de-casa-de-banho-tapete-de-duche-tapete-lavavel-tapete-de-trapos","status":"publish","type":"product","link":"https:\/\/www.padaworks.com\/pt\/product\/mini-tapete-cinzento-tapete-rustico-tapete-feito-a-mao-tapete-de-algodao-tapete-macio-tapete-de-banho-tapete-de-casa-de-banho-tapete-de-duche-tapete-lavavel-tapete-de-trapos\/","title":{"rendered":"Mini Tapete Cinzento - 50x50cm - Tapete Nodoso"},"content":{"rendered":"<p>Mini tapete cinzento<\/p>\n<p>Este tapete \u00e9 tecido num tear manual com tecidos reutilizados.<br \/>Estes tapetes s\u00e3o robustos, leves e podem ser lavados regularmente \u00e0 m\u00e3o ou \u00e0 m\u00e1quina.<br \/>\u00c9 ecol\u00f3gico porque reutiliza a mat\u00e9ria-prima desperdi\u00e7ada pela ind\u00fastria t\u00eaxtil.<br \/>Recomendamos a lavagem a frio ou a 30\u00b0C.<br \/>Acabamento com costura b\u00e1sica.<br \/>Uma vez que este tapete \u00e9 fabricado com produtos reciclados das ind\u00fastrias t\u00eaxteis, pode haver ligeiras varia\u00e7\u00f5es de cor.<\/p>\n<p>Feito \u00e0 m\u00e3o<br \/>Fabricado em Portugal<\/p>\n<p>Dimens\u00f5es:<br \/>C - 50 cm, L - 50 cm<br \/>C - 19,7 pol., L - 19,7 pol.<br \/>C - 1,6 p\u00e9s, L - 1,6 p\u00e9s<\/p>\n<p>As dimens\u00f5es podem variar ligeiramente.<\/p>","protected":false},"excerpt":{"rendered":"<p>Tapete Mini Cinzento Este tapete \u00e9 tecido num tear manual com tecidos reutilizados.Estes tapetes s\u00e3o robustos, leves e podem ser lavados regularmente \u00e0 m\u00e3o ou \u00e0 m\u00e1quina.\u00c9 ecol\u00f3gico porque reutiliza mat\u00e9ria-prima desperdi\u00e7ada pela ind\u00fastria t\u00eaxtil.Recomendamos a lavagem a frio ou a 30\u00b0C.Acabamento com costura b\u00e1sica.Uma vez que este tapete \u00e9 feito com produtos reciclados [...]<\/p>","protected":false},"featured_media":58437,"comment_status":"open","ping_status":"open","template":"","meta":{"_acf_changed":false},"product_brand":[],"product_cat":[2731],"product_tag":[477,638,588,619,483,625,475,575,624,1007,467,706,623],"class_list":{"0":"post-58436","1":"product","2":"type-product","3":"status-publish","4":"has-post-thumbnail","6":"product_cat-knotted","7":"product_tag-bedside-rug","8":"product_tag-birthday-gift","9":"product_tag-door-mat","10":"product_tag-entry-rug","11":"product_tag-front-door-rug","12":"product_tag-grey-rug","13":"product_tag-handwoven-rug","14":"product_tag-kitchen-rug","15":"product_tag-laundry-rug","16":"product_tag-mini-rug","17":"product_tag-nursery-rug","18":"product_tag-table-mats","19":"product_tag-vintage-rug","20":"product_shipping_class-small-package","22":"first","23":"instock","24":"taxable","25":"shipping-taxable","26":"purchasable","27":"product-type-simple"},"acf":[],"gallery_images":[58438,58439,58440,58441,58442,58443],"_links":{"self":[{"href":"https:\/\/www.padaworks.com\/pt\/wp-json\/wp\/v2\/product\/58436","targetHints":{"allow":["GET"]}}],"collection":[{"href":"https:\/\/www.padaworks.com\/pt\/wp-json\/wp\/v2\/product"}],"about":[{"href":"https:\/\/www.padaworks.com\/pt\/wp-json\/wp\/v2\/types\/product"}],"replies":[{"embeddable":true,"href":"https:\/\/www.padaworks.com\/pt\/wp-json\/wp\/v2\/comments?post=58436"}],"wp:featuredmedia":[{"embeddable":true,"href":"https:\/\/www.padaworks.com\/pt\/wp-json\/wp\/v2\/media\/58437"}],"wp:attachment":[{"href":"https:\/\/www.padaworks.com\/pt\/wp-json\/wp\/v2\/media?parent=58436"}],"wp:term":[{"taxonomy":"product_brand","embeddable":true,"href":"https:\/\/www.padaworks.com\/pt\/wp-json\/wp\/v2\/product_brand?post=58436"},{"taxonomy":"product_cat","embeddable":true,"href":"https:\/\/www.padaworks.com\/pt\/wp-json\/wp\/v2\/product_cat?post=58436"},{"taxonomy":"product_tag","embeddable":true,"href":"https:\/\/www.padaworks.com\/pt\/wp-json\/wp\/v2\/product_tag?post=58436"}],"curies":[{"name":"wp","href":"https:\/\/api.w.org\/{rel}","templated":true}]}}