{"id":58378,"date":"2023-02-04T23:40:46","date_gmt":"2023-02-04T23:40:46","guid":{"rendered":"https:\/\/www.padaworks.com\/product\/white-swallows-with-hand-painted-flowers\/"},"modified":"2026-04-29T13:17:29","modified_gmt":"2026-04-29T13:17:29","slug":"andorinhas-brancas-com-flores-pintadas-a-mao","status":"publish","type":"product","link":"https:\/\/www.padaworks.com\/pt\/product\/andorinhas-brancas-com-flores-pintadas-a-mao\/","title":{"rendered":"Andorinhas brancas com flores pintadas \u00e0 m\u00e3o"},"content":{"rendered":"<p>Andorinhas brancas com flores pintadas \u00e0 m\u00e3o<\/p>\n<p>Feitos de barro com desenhos pintados \u00e0 m\u00e3o. Dispon\u00edvel em tr\u00eas tamanhos.<br \/>\nAs andorinhas s\u00e3o aves migrat\u00f3rias que assinalam a chegada da primavera. Estas aves t\u00eam uma carater\u00edstica que as distingue. Regressam quase sempre ao mesmo local onde fizeram o primeiro ninho e t\u00eam apenas um parceiro durante a viagem!<br \/>\nEm Portugal \u00e9 t\u00edpico ver estas andorinhas penduradas nas paredes das casas! S\u00e3o o s\u00edmbolo do Amor, da Fam\u00edlia, da Lealdade, do Lar e da Fidelidade.<br \/>\nSimbolizam os membros da fam\u00edlia. Os de tamanho grande s\u00e3o os pais, os de tamanho m\u00e9dio s\u00e3o os filhos e os de tamanho pequeno s\u00e3o os netos.<br \/>\nCrie tamb\u00e9m esta bela tradi\u00e7\u00e3o portuguesa na sua casa \ud83d\ude42<\/p>\n<p>Feito \u00e0 m\u00e3o<br \/>\nFeito em Portugal com produtos portugueses, dedica\u00e7\u00e3o e amor!!<\/p>\n<p>Dimens\u00f5es:<br \/>\nPEQUENO<br \/>\nC - 10 cm, L - 8 cm, P - 3 cm<br \/>\nC - 3,9 pol., L - 3,1 pol., P - 1,2 pol.<\/p>\n<p>M\u00c9DIO<br \/>\nC - 13 cm, L - 10 cm, P - 3 cm<br \/>\nC - 5,1 pol., L - 3,9 pol., P - 1,2 pol.<\/p>\n<p>GRANDE<br \/>\nC - 18 cm, L - 14 cm, P - 4 cm<br \/>\nC - 7,1 pol., L - 5,5 pol., P - 1,6 pol.<\/p>\n<p>T\u00eam uma abertura na parte de tr\u00e1s para serem pendurados na parede.<\/p>\n<p>As dimens\u00f5es podem variar ligeiramente.<\/p>","protected":false},"excerpt":{"rendered":"<p>White Swallows with Hand Painted Flowers Made of clay with with hand-painted designs. Available in three sizes. Swallows are migratory birds that indicate the arrival of spring. These birds have a characteristic that sets them apart. They almost always return to the same place where they first made the nest and have only one partner [&hellip;]<\/p>","protected":false},"featured_media":58379,"comment_status":"open","ping_status":"closed","template":"","meta":{"_acf_changed":false},"product_brand":[],"product_cat":[1550],"product_tag":[700,1801,699,660,1008,1545,1682,696,698,680,662,659,697],"class_list":{"0":"post-58378","1":"product","2":"type-product","3":"status-publish","4":"has-post-thumbnail","6":"product_cat-birds","7":"product_tag-bird-decor","8":"product_tag-bird-figurine","9":"product_tag-bird-wall-hanging","10":"product_tag-ceramic-swallow","11":"product_tag-ceramic-wall-art","12":"product_tag-handmade-art","13":"product_tag-portuguese-ceramics","14":"product_tag-small-swallows","15":"product_tag-wall-decor-swallow","16":"product_tag-wall-hanging","17":"product_tag-wall-swallows","18":"product_tag-wedding-decor","19":"product_tag-wedding-favor","20":"product_shipping_class-small-package","22":"first","23":"instock","24":"taxable","25":"shipping-taxable","26":"purchasable","27":"product-type-variable","28":"has-default-attributes","29":"wvs-archive-product-wrapper"},"acf":[],"gallery_images":[58380,58381,58382,58383,58384,58385,58386,58387,58388],"_links":{"self":[{"href":"https:\/\/www.padaworks.com\/pt\/wp-json\/wp\/v2\/product\/58378","targetHints":{"allow":["GET"]}}],"collection":[{"href":"https:\/\/www.padaworks.com\/pt\/wp-json\/wp\/v2\/product"}],"about":[{"href":"https:\/\/www.padaworks.com\/pt\/wp-json\/wp\/v2\/types\/product"}],"replies":[{"embeddable":true,"href":"https:\/\/www.padaworks.com\/pt\/wp-json\/wp\/v2\/comments?post=58378"}],"wp:featuredmedia":[{"embeddable":true,"href":"https:\/\/www.padaworks.com\/pt\/wp-json\/wp\/v2\/media\/58379"}],"wp:attachment":[{"href":"https:\/\/www.padaworks.com\/pt\/wp-json\/wp\/v2\/media?parent=58378"}],"wp:term":[{"taxonomy":"product_brand","embeddable":true,"href":"https:\/\/www.padaworks.com\/pt\/wp-json\/wp\/v2\/product_brand?post=58378"},{"taxonomy":"product_cat","embeddable":true,"href":"https:\/\/www.padaworks.com\/pt\/wp-json\/wp\/v2\/product_cat?post=58378"},{"taxonomy":"product_tag","embeddable":true,"href":"https:\/\/www.padaworks.com\/pt\/wp-json\/wp\/v2\/product_tag?post=58378"}],"curies":[{"name":"wp","href":"https:\/\/api.w.org\/{rel}","templated":true}]}}