{"id":58363,"date":"2023-02-04T23:40:00","date_gmt":"2023-02-04T23:40:00","guid":{"rendered":"https:\/\/www.padaworks.com\/product\/ceramic-black-birds-with-flowers-traditional-ceramic-ceramic-swallows-ceramic-wall-decor-ceramic-bird-bird-art-ceramic-wall-art\/"},"modified":"2026-03-06T10:05:37","modified_gmt":"2026-03-06T10:05:37","slug":"ceramica-passaros-pretos-com-flores-ceramica-tradicional-ceramica-andorinhas-ceramica-decoracao-de-parede-ceramica-passaro-arte-de-passaro-arte-de-parede-em-ceramica","status":"publish","type":"product","link":"https:\/\/www.padaworks.com\/pt\/product\/ceramica-passaros-pretos-com-flores-ceramica-tradicional-ceramica-andorinhas-ceramica-decoracao-de-parede-ceramica-passaro-arte-de-passaro-arte-de-parede-em-ceramica\/","title":{"rendered":"Cer\u00e2mica P\u00e1ssaros pretos com flores"},"content":{"rendered":"<p>Cer\u00e2mica P\u00e1ssaros pretos com flores<\/p>\n<p>As andorinhas s\u00e3o aves migrat\u00f3rias que indicam a chegada da primavera, que \u00e9 sin\u00f3nimo da chegada da \u00e9poca de namoro. Estas aves t\u00eam uma carater\u00edstica que as distingue. Regressam quase sempre ao mesmo local onde fizeram o primeiro ninho e t\u00eam apenas um parceiro pelo caminho! Por isso, tornaram-se s\u00edmbolo do Amor, da Fam\u00edlia, da Lealdade, do Lar e da Fidelidade.<\/p>\n<p>Por se terem tornado um s\u00edmbolo t\u00e3o importante, a sua troca entre casais profundamente apaixonados rapidamente se tornou habitual. S\u00e3o tamb\u00e9m o significado de harmonia e felicidade nas casas onde s\u00e3o pendurados.<\/p>\n<p>H\u00e1 tamb\u00e9m uma liga\u00e7\u00e3o entre estas magn\u00edficas aves e o povo portugu\u00eas. Povo conhecido por ser aventureiro, que saiu de casa em busca de novos mundos, mas que acabou por regressar a casa. Tal como a andorinha, apesar de ser uma ave migrat\u00f3ria, que explora todos os cantos do mundo, uma vez por ano, regressa sempre ao seu ninho de origem.<\/p>\n<p>Feito \u00e0 m\u00e3o<br \/>Fabricado em Portugal<\/p>\n<p>P\u00e1ssaros de cer\u00e2mica feitos e pintados \u00e0 m\u00e3o.<br \/>T\u00eam uma abertura na parte de tr\u00e1s para serem pendurados na parede.<\/p>\n<p>Dimens\u00f5es:<br \/>PEQUENO<br \/>C \u2013 10 cm, L \u2013 8 cm, P \u2013 3 cm<br \/>L \u2013 3,9 pol., L \u2013 3,1 pol., P \u2013 1,2 pol.<\/p>\n<p>M\u00c9DIO<br \/>C \u2013 13 cm, L \u2013 10 cm, P \u2013 3 cm<br \/>L \u2013 5,1 pol., L \u2013 3,9 pol., P \u2013 1,2 pol.<\/p>\n<p>GRANDE<br \/>C \u2013 18 cm, L \u2013 14 cm, P \u2013 4 cm<br \/>L \u2013 18 cm, L \u2013 14 cm, P \u2013 4 cm<\/p>\n<p>As dimens\u00f5es podem variar ligeiramente.<\/p>","protected":false},"excerpt":{"rendered":"<p>Ceramic Black Birds With Flowers Swallows are migratory birds that indicate the arrival of spring, which is synonymous with the arrival of the courtship season. These birds have a characteristic that sets them apart. They almost always return to the same place where they first made the nest and have only one partner along the [&hellip;]<\/p>","protected":false},"featured_media":58364,"comment_status":"open","ping_status":"open","template":"","meta":{"_acf_changed":false},"product_brand":[],"product_cat":[402,1550],"product_tag":[700,1740,1739,1038,1800,580,1738,664,1741,667,668,663],"class_list":{"0":"post-58363","1":"product","2":"type-product","3":"status-publish","4":"has-post-thumbnail","6":"product_cat-pottery","7":"product_cat-birds","8":"product_tag-bird-decor","9":"product_tag-bird-figurines","10":"product_tag-bird-ornament","11":"product_tag-birds-wall-hanging","12":"product_tag-black-bird","13":"product_tag-ceramic-sculpture","14":"product_tag-ceramic-set","15":"product_tag-ceramic-wall-swallow","16":"product_tag-ceramics-handmade","17":"product_tag-portuguese-gift","18":"product_tag-wall-hanging-swallow","19":"product_tag-wall-swallow","20":"product_shipping_class-small-package","22":"first","23":"instock","24":"taxable","25":"shipping-taxable","26":"purchasable","27":"product-type-variable","28":"has-default-attributes","29":"wvs-archive-product-wrapper"},"acf":[],"gallery_images":[58365,58366,58367,58368,58369,58370,58371],"_links":{"self":[{"href":"https:\/\/www.padaworks.com\/pt\/wp-json\/wp\/v2\/product\/58363","targetHints":{"allow":["GET"]}}],"collection":[{"href":"https:\/\/www.padaworks.com\/pt\/wp-json\/wp\/v2\/product"}],"about":[{"href":"https:\/\/www.padaworks.com\/pt\/wp-json\/wp\/v2\/types\/product"}],"replies":[{"embeddable":true,"href":"https:\/\/www.padaworks.com\/pt\/wp-json\/wp\/v2\/comments?post=58363"}],"wp:featuredmedia":[{"embeddable":true,"href":"https:\/\/www.padaworks.com\/pt\/wp-json\/wp\/v2\/media\/58364"}],"wp:attachment":[{"href":"https:\/\/www.padaworks.com\/pt\/wp-json\/wp\/v2\/media?parent=58363"}],"wp:term":[{"taxonomy":"product_brand","embeddable":true,"href":"https:\/\/www.padaworks.com\/pt\/wp-json\/wp\/v2\/product_brand?post=58363"},{"taxonomy":"product_cat","embeddable":true,"href":"https:\/\/www.padaworks.com\/pt\/wp-json\/wp\/v2\/product_cat?post=58363"},{"taxonomy":"product_tag","embeddable":true,"href":"https:\/\/www.padaworks.com\/pt\/wp-json\/wp\/v2\/product_tag?post=58363"}],"curies":[{"name":"wp","href":"https:\/\/api.w.org\/{rel}","templated":true}]}}