{"id":58339,"date":"2023-02-04T23:38:31","date_gmt":"2023-02-04T23:38:31","guid":{"rendered":"https:\/\/www.padaworks.com\/product\/ceramic-yellow-bird-with-hearts-hand-painted\/"},"modified":"2026-04-29T13:19:15","modified_gmt":"2026-04-29T13:19:15","slug":"passaro-amarelo-de-ceramica-com-coracoes-pintados-a-mao","status":"publish","type":"product","link":"https:\/\/www.padaworks.com\/pt\/product\/passaro-amarelo-de-ceramica-com-coracoes-pintados-a-mao\/","title":{"rendered":"P\u00e1ssaro amarelo com cora\u00e7\u00f5es em cer\u00e2mica pintado \u00e0 m\u00e3o"},"content":{"rendered":"<p>P\u00e1ssaro amarelo de cer\u00e2mica com cora\u00e7\u00f5es<\/p>\n<p>Feitos de barro com desenhos pintados \u00e0 m\u00e3o. Dispon\u00edvel em tr\u00eas tamanhos.<br \/>\nAs andorinhas s\u00e3o aves migrat\u00f3rias que assinalam a chegada da primavera. Estas aves t\u00eam uma carater\u00edstica que as distingue. Regressam quase sempre ao mesmo local onde fizeram o primeiro ninho e t\u00eam apenas um parceiro durante a viagem!<br \/>\nEm Portugal \u00e9 t\u00edpico ver estas andorinhas penduradas nas paredes das casas! S\u00e3o o s\u00edmbolo do Amor, da Fam\u00edlia, da Lealdade, do Lar e da Fidelidade.<br \/>\nSimbolizam os membros da fam\u00edlia. Os de tamanho grande s\u00e3o os pais, os de tamanho m\u00e9dio s\u00e3o os filhos e os de tamanho pequeno s\u00e3o os netos.<br \/>\nCrie tamb\u00e9m esta bela tradi\u00e7\u00e3o portuguesa na sua casa \ud83d\ude42<\/p>\n<p>Feito \u00e0 m\u00e3o<br \/>\nFeito em Portugal com produtos portugueses, dedica\u00e7\u00e3o e amor!!<\/p>\n<p>Dimens\u00f5es:<br \/>\nPEQUENO<br \/>\nC - 10 cm, L - 8 cm, P - 3 cm<br \/>\nC - 3,9 pol., L - 3,1 pol., P - 1,2 pol.<\/p>\n<p>M\u00c9DIO<br \/>\nC \u2013 12 cm, L \u2013 9 cm, P \u2013 3 cm<br \/>\nL \u2013 4,7 pol., L \u2013 3,5 pol., P \u2013 1,2 pol.<\/p>\n<p>GRANDE<br \/>\nC - 17 cm, L - 12 cm, P - 4 cm<br \/>\nC - 6,7 pol., L - 4,7 pol., P - 1,6 pol.<\/p>\n<p>T\u00eam uma abertura na parte de tr\u00e1s para serem pendurados na parede.<\/p>\n<p>As dimens\u00f5es podem variar ligeiramente.<\/p>","protected":false},"excerpt":{"rendered":"<p>Ceramic Yellow Bird With Hearts Made of clay with with hand-painted designs. Available in three sizes. Swallows are migratory birds that indicate the arrival of spring. These birds have a characteristic that sets them apart. They almost always return to the same place where they first made the nest and have only one partner along [&hellip;]<\/p>","protected":false},"featured_media":58340,"comment_status":"open","ping_status":"closed","template":"","meta":{"_acf_changed":false},"product_brand":[],"product_cat":[1550],"product_tag":[700,1677,1358,1039,580,660,664,862,1682,680,662,539,1680],"class_list":{"0":"post-58339","1":"product","2":"type-product","3":"status-publish","4":"has-post-thumbnail","6":"product_cat-birds","7":"product_tag-bird-decor","8":"product_tag-bird-gifts","9":"product_tag-bird-lover-gift","10":"product_tag-ceramic-bird","11":"product_tag-ceramic-sculpture","12":"product_tag-ceramic-swallow","13":"product_tag-ceramic-wall-swallow","14":"product_tag-christmas-gift","15":"product_tag-portuguese-ceramics","16":"product_tag-wall-hanging","17":"product_tag-wall-swallows","18":"product_tag-wedding-gift","19":"product_tag-yellow-bird","20":"product_shipping_class-small-package","22":"first","23":"instock","24":"taxable","25":"shipping-taxable","26":"purchasable","27":"product-type-variable","28":"has-default-attributes","29":"wvs-archive-product-wrapper"},"acf":[],"gallery_images":[58341,58342,58343,58344,58345,58346,58347],"_links":{"self":[{"href":"https:\/\/www.padaworks.com\/pt\/wp-json\/wp\/v2\/product\/58339","targetHints":{"allow":["GET"]}}],"collection":[{"href":"https:\/\/www.padaworks.com\/pt\/wp-json\/wp\/v2\/product"}],"about":[{"href":"https:\/\/www.padaworks.com\/pt\/wp-json\/wp\/v2\/types\/product"}],"replies":[{"embeddable":true,"href":"https:\/\/www.padaworks.com\/pt\/wp-json\/wp\/v2\/comments?post=58339"}],"wp:featuredmedia":[{"embeddable":true,"href":"https:\/\/www.padaworks.com\/pt\/wp-json\/wp\/v2\/media\/58340"}],"wp:attachment":[{"href":"https:\/\/www.padaworks.com\/pt\/wp-json\/wp\/v2\/media?parent=58339"}],"wp:term":[{"taxonomy":"product_brand","embeddable":true,"href":"https:\/\/www.padaworks.com\/pt\/wp-json\/wp\/v2\/product_brand?post=58339"},{"taxonomy":"product_cat","embeddable":true,"href":"https:\/\/www.padaworks.com\/pt\/wp-json\/wp\/v2\/product_cat?post=58339"},{"taxonomy":"product_tag","embeddable":true,"href":"https:\/\/www.padaworks.com\/pt\/wp-json\/wp\/v2\/product_tag?post=58339"}],"curies":[{"name":"wp","href":"https:\/\/api.w.org\/{rel}","templated":true}]}}