{"id":58325,"date":"2023-02-04T23:34:20","date_gmt":"2023-02-04T23:34:20","guid":{"rendered":"https:\/\/www.padaworks.com\/product\/black-birds-with-hearts-hand-painted\/"},"modified":"2026-04-14T14:47:01","modified_gmt":"2026-04-14T14:47:01","slug":"passaros-pretos-com-coracoes-pintados-a-mao","status":"publish","type":"product","link":"https:\/\/www.padaworks.com\/pt\/product\/passaros-pretos-com-coracoes-pintados-a-mao\/","title":{"rendered":"P\u00e1ssaros pretos com cora\u00e7\u00f5es pintados \u00e0 m\u00e3o"},"content":{"rendered":"<p>P\u00e1ssaros pretos com cora\u00e7\u00f5es pintados \u00e0 m\u00e3o<\/p>\n<p>As andorinhas s\u00e3o aves migrat\u00f3rias que indicam a chegada da primavera, que \u00e9 sin\u00f3nimo da chegada da \u00e9poca de namoro. Estas aves t\u00eam uma carater\u00edstica que as distingue. Regressam quase sempre ao mesmo local onde fizeram o primeiro ninho e t\u00eam apenas um parceiro pelo caminho! Por isso, tornaram-se s\u00edmbolo do Amor, da Fam\u00edlia, da Lealdade, do Lar e da Fidelidade.<\/p>\n<p>Por se terem tornado um s\u00edmbolo t\u00e3o importante, a sua troca entre casais profundamente apaixonados rapidamente se tornou habitual. S\u00e3o tamb\u00e9m o significado de harmonia e felicidade nas casas onde s\u00e3o pendurados.<\/p>\n<p>H\u00e1 tamb\u00e9m uma liga\u00e7\u00e3o entre estas magn\u00edficas aves e o povo portugu\u00eas. Povo conhecido por ser aventureiro, que saiu de casa em busca de novos mundos, mas que acabou por regressar a casa. Tal como a andorinha, apesar de ser uma ave migrat\u00f3ria, que explora todos os cantos do mundo, uma vez por ano, regressa sempre ao seu ninho de origem.<\/p>\n<p>Feito \u00e0 m\u00e3o<br \/>Fabricado em Portugal<\/p>\n<p>P\u00e1ssaros de cer\u00e2mica feitos e pintados \u00e0 m\u00e3o.<br \/>T\u00eam uma abertura na parte de tr\u00e1s para serem pendurados na parede.<\/p>\n<p>Dimens\u00f5es:<\/p>\n<p>PEQUENO<br \/>C \u2013 10 cm, L \u2013 8 cm, P \u2013 3 cm<br \/>L \u2013 3,9 pol., L \u2013 3,1 pol., P \u2013 1,2 pol.<\/p>\n<p>M\u00c9DIO<br \/>C \u2013 12 cm, L \u2013 9 cm, P \u2013 3 cm<br \/>L \u2013 4,7 pol., L \u2013 3,5 pol., P \u2013 1,2 pol.<\/p>\n<p>GRANDE<br \/>C \u2013 17 cm, L \u2013 12 cm, P \u2013 4 cm<br \/>L \u2013 17 cm, L \u2013 12 cm, P \u2013 4 cm<\/p>\n<p>As dimens\u00f5es podem variar ligeiramente.<\/p>","protected":false},"excerpt":{"rendered":"<p>Black Birds With Hearts Hand Painted Swallows are migratory birds that indicate the arrival of spring, which is synonymous with the arrival of the courtship season. These birds have a characteristic that sets them apart. They almost always return to the same place where they first made the nest and have only one partner along [&hellip;]<\/p>","protected":false},"featured_media":58326,"comment_status":"open","ping_status":"open","template":"","meta":{"_acf_changed":false},"product_brand":[],"product_cat":[402,1550],"product_tag":[1011,699,1231,1622,1008,494,479,1545,1682,540,698,662,697],"class_list":{"0":"post-58325","1":"product","2":"type-product","3":"status-publish","4":"has-post-thumbnail","6":"product_cat-pottery","7":"product_cat-birds","8":"product_tag-bird-wall-art","9":"product_tag-bird-wall-hanging","10":"product_tag-ceramic-decor","11":"product_tag-ceramic-pottery","12":"product_tag-ceramic-wall-art","13":"product_tag-ceramic-wall-hanging","14":"product_tag-gift-for-her","15":"product_tag-handmade-art","16":"product_tag-portuguese-ceramics","17":"product_tag-traditional-ceramic","18":"product_tag-wall-decor-swallow","19":"product_tag-wall-swallows","20":"product_tag-wedding-favor","21":"product_shipping_class-small-package","23":"first","24":"instock","25":"taxable","26":"shipping-taxable","27":"purchasable","28":"product-type-variable","29":"has-default-attributes","30":"wvs-archive-product-wrapper"},"acf":[],"gallery_images":[58327,58328,58329,58330,58331,58332,58333,58334],"_links":{"self":[{"href":"https:\/\/www.padaworks.com\/pt\/wp-json\/wp\/v2\/product\/58325","targetHints":{"allow":["GET"]}}],"collection":[{"href":"https:\/\/www.padaworks.com\/pt\/wp-json\/wp\/v2\/product"}],"about":[{"href":"https:\/\/www.padaworks.com\/pt\/wp-json\/wp\/v2\/types\/product"}],"replies":[{"embeddable":true,"href":"https:\/\/www.padaworks.com\/pt\/wp-json\/wp\/v2\/comments?post=58325"}],"wp:featuredmedia":[{"embeddable":true,"href":"https:\/\/www.padaworks.com\/pt\/wp-json\/wp\/v2\/media\/58326"}],"wp:attachment":[{"href":"https:\/\/www.padaworks.com\/pt\/wp-json\/wp\/v2\/media?parent=58325"}],"wp:term":[{"taxonomy":"product_brand","embeddable":true,"href":"https:\/\/www.padaworks.com\/pt\/wp-json\/wp\/v2\/product_brand?post=58325"},{"taxonomy":"product_cat","embeddable":true,"href":"https:\/\/www.padaworks.com\/pt\/wp-json\/wp\/v2\/product_cat?post=58325"},{"taxonomy":"product_tag","embeddable":true,"href":"https:\/\/www.padaworks.com\/pt\/wp-json\/wp\/v2\/product_tag?post=58325"}],"curies":[{"name":"wp","href":"https:\/\/api.w.org\/{rel}","templated":true}]}}