{"id":58281,"date":"2023-01-28T23:19:50","date_gmt":"2023-01-28T23:19:50","guid":{"rendered":"https:\/\/www.padaworks.com\/product\/small-oatmeal-rug-rug-for-bedroom-cotton-rug-bath-mat-bedside-rug-kitchen-rug-washable-rug-hallway-rug-vintage-rug-boho-rug\/"},"modified":"2026-02-20T23:44:42","modified_gmt":"2026-02-20T23:44:42","slug":"tapete-pequeno-de-aveia-50x100cm-tapete-com-no","status":"publish","type":"product","link":"https:\/\/www.padaworks.com\/pt\/product\/tapete-pequeno-de-aveia-50x100cm-tapete-com-no\/","title":{"rendered":"Tapete pequeno cor de aveia - 50x100cm - Tapete atado"},"content":{"rendered":"<p>Tapete pequeno em cor de aveia<\/p>\n<p>Estes tapetes s\u00e3o robustos, mas muito leves, e podem ser lavados regularmente \u00e0 m\u00e3o ou \u00e0 m\u00e1quina.<br \/>Para al\u00e9m de serem ecol\u00f3gicos, uma vez que reutilizam mat\u00e9ria-prima desperdi\u00e7ada pela ind\u00fastria, s\u00e3o muito mais saud\u00e1veis do que os tapetes de fibras sint\u00e9ticas.<br \/>Recomendamos a lavagem a frio ou a 30\u00b0C.<br \/>Uma vez que este tapete \u00e9 fabricado com produtos reciclados das ind\u00fastrias t\u00eaxteis, pode haver ligeiras varia\u00e7\u00f5es de cor.<\/p>\n<p>Feito \u00e0 m\u00e3o<br \/>Fabricado em Portugal<\/p>\n<p>Dimens\u00f5es:<br \/>C - 100 cm, L - 50 cm<br \/>C - 39,4 pol., L - 19,7 pol.<br \/>C - 3,3 p\u00e9s, L - 1,6 p\u00e9s<\/p>\n<p>As dimens\u00f5es podem variar ligeiramente.<\/p>","protected":false},"excerpt":{"rendered":"<p>Small Oatmeal Rug These rugs are robust, yet very light, and can be regularly washed by hand or machine.In addition to being ecological, as they reuse raw material wasted by the industry, they are much healthier than synthetic fiber rugs.We recommend cold washing or to 30\u00b0C.Since this rug is made with recycled products from the [&hellip;]<\/p>","protected":false},"featured_media":58282,"comment_status":"open","ping_status":"closed","template":"","meta":{"_acf_changed":false},"product_brand":[],"product_cat":[2731],"product_tag":[870,421,465,1207,619,483,420,475,624,476,817,592,620],"class_list":{"0":"post-58281","1":"product","2":"type-product","3":"status-publish","4":"has-post-thumbnail","6":"product_cat-knotted","7":"product_tag-2x4-rug","8":"product_tag-bathroom-rug","9":"product_tag-bedroom-rug","10":"product_tag-brown-rug","11":"product_tag-entry-rug","12":"product_tag-front-door-rug","13":"product_tag-handmade-rug","14":"product_tag-handwoven-rug","15":"product_tag-laundry-rug","16":"product_tag-recycled-rugs","17":"product_tag-shower-mat","18":"product_tag-small-rug","19":"product_tag-woven-rug","20":"product_shipping_class-small-package","22":"first","23":"instock","24":"taxable","25":"shipping-taxable","26":"purchasable","27":"product-type-simple"},"acf":[],"gallery_images":[58283,58284,58285,58286,58287,58288,58289],"_links":{"self":[{"href":"https:\/\/www.padaworks.com\/pt\/wp-json\/wp\/v2\/product\/58281","targetHints":{"allow":["GET"]}}],"collection":[{"href":"https:\/\/www.padaworks.com\/pt\/wp-json\/wp\/v2\/product"}],"about":[{"href":"https:\/\/www.padaworks.com\/pt\/wp-json\/wp\/v2\/types\/product"}],"replies":[{"embeddable":true,"href":"https:\/\/www.padaworks.com\/pt\/wp-json\/wp\/v2\/comments?post=58281"}],"wp:featuredmedia":[{"embeddable":true,"href":"https:\/\/www.padaworks.com\/pt\/wp-json\/wp\/v2\/media\/58282"}],"wp:attachment":[{"href":"https:\/\/www.padaworks.com\/pt\/wp-json\/wp\/v2\/media?parent=58281"}],"wp:term":[{"taxonomy":"product_brand","embeddable":true,"href":"https:\/\/www.padaworks.com\/pt\/wp-json\/wp\/v2\/product_brand?post=58281"},{"taxonomy":"product_cat","embeddable":true,"href":"https:\/\/www.padaworks.com\/pt\/wp-json\/wp\/v2\/product_cat?post=58281"},{"taxonomy":"product_tag","embeddable":true,"href":"https:\/\/www.padaworks.com\/pt\/wp-json\/wp\/v2\/product_tag?post=58281"}],"curies":[{"name":"wp","href":"https:\/\/api.w.org\/{rel}","templated":true}]}}