{"id":58256,"date":"2023-01-28T23:15:51","date_gmt":"2023-01-28T23:15:51","guid":{"rendered":"https:\/\/www.padaworks.com\/product\/set-of-2-lilac-swallows-portuguese-ceramics-ceramic-swallows-ceramic-bird-ceramic-wall-hanging-nursery-wall-decor-sympathy-gift\/"},"modified":"2026-02-18T12:02:24","modified_gmt":"2026-02-18T12:02:24","slug":"conjunto-de-2-andorinhas-lilas-ceramica-portuguesa-andorinhas-ceramica-passaro-ceramica-decoracao-de-parede-quarto-de-bebe-decoracao-de-parede-simpatia-presente","status":"publish","type":"product","link":"https:\/\/www.padaworks.com\/pt\/product\/conjunto-de-2-andorinhas-lilas-ceramica-portuguesa-andorinhas-ceramica-passaro-ceramica-decoracao-de-parede-quarto-de-bebe-decoracao-de-parede-simpatia-presente\/","title":{"rendered":"Andorinha lil\u00e1s pintada \u00e0 m\u00e3o"},"content":{"rendered":"<p>Andorinha lil\u00e1s<\/p>\n<p>As andorinhas s\u00e3o aves migrat\u00f3rias que indicam a chegada da primavera, que \u00e9 sin\u00f3nimo da chegada da \u00e9poca de namoro. Estas aves t\u00eam uma carater\u00edstica que as distingue. Regressam quase sempre ao mesmo local onde fizeram o primeiro ninho e t\u00eam apenas um parceiro pelo caminho! Por isso, tornaram-se s\u00edmbolo do Amor, da Fam\u00edlia, da Lealdade, do Lar e da Fidelidade.<\/p>\n<p>Por se terem tornado um s\u00edmbolo t\u00e3o importante, a sua troca entre casais profundamente apaixonados rapidamente se tornou habitual. S\u00e3o tamb\u00e9m o significado de harmonia e felicidade nas casas onde s\u00e3o pendurados.<\/p>\n<p>H\u00e1 tamb\u00e9m uma liga\u00e7\u00e3o entre estas magn\u00edficas aves e o povo portugu\u00eas. Povo conhecido por ser aventureiro, que saiu de casa em busca de novos mundos, mas que acabou por regressar a casa. Tal como a andorinha, apesar de ser uma ave migrat\u00f3ria, que explora todos os cantos do mundo, uma vez por ano, regressa sempre ao seu ninho de origem.<\/p>\n<p>Feito \u00e0 m\u00e3o<br \/>Fabricado em Portugal<br \/>As dimens\u00f5es podem variar ligeiramente.<\/p>\n<p>Dimens\u00f5es:<br \/>C - 12 cm, L - 12 cm, P - 5 cm<br \/>C - 4,7 pol., L - 4,7 pol., P - 2,0 pol.<\/p>","protected":false},"excerpt":{"rendered":"<p>Lilac Swallow Swallows are migratory birds that indicate the arrival of spring, which is synonymous with the arrival of the courtship season. These birds have a characteristic that sets them apart. They almost always return to the same place where they first made the nest and have only one partner along the way! Therefore, they [&hellip;]<\/p>","protected":false},"featured_media":58257,"comment_status":"open","ping_status":"open","template":"","meta":{"_acf_changed":false},"product_brand":[],"product_cat":[402,1550],"product_tag":[1465,1011,699,1795,664,544,1466,1464,1012,1013,680,662,539],"class_list":{"0":"post-58256","1":"product","2":"type-product","3":"status-publish","4":"has-post-thumbnail","6":"product_cat-pottery","7":"product_cat-birds","8":"product_tag-bird-home-decor","9":"product_tag-bird-wall-art","10":"product_tag-bird-wall-hanging","11":"product_tag-ceramic-figurines","12":"product_tag-ceramic-wall-swallow","13":"product_tag-gift-from-portugal","14":"product_tag-handmade-ceramic","15":"product_tag-miniature-birds","16":"product_tag-swallow-wall","17":"product_tag-swallow-wall-hanging","18":"product_tag-wall-hanging","19":"product_tag-wall-swallows","20":"product_tag-wedding-gift","21":"product_shipping_class-small-package","23":"first","24":"instock","25":"sale","26":"taxable","27":"shipping-taxable","28":"purchasable","29":"product-type-simple"},"acf":[],"gallery_images":[58258,58259,58260,58261,58262,58263],"_links":{"self":[{"href":"https:\/\/www.padaworks.com\/pt\/wp-json\/wp\/v2\/product\/58256","targetHints":{"allow":["GET"]}}],"collection":[{"href":"https:\/\/www.padaworks.com\/pt\/wp-json\/wp\/v2\/product"}],"about":[{"href":"https:\/\/www.padaworks.com\/pt\/wp-json\/wp\/v2\/types\/product"}],"replies":[{"embeddable":true,"href":"https:\/\/www.padaworks.com\/pt\/wp-json\/wp\/v2\/comments?post=58256"}],"wp:featuredmedia":[{"embeddable":true,"href":"https:\/\/www.padaworks.com\/pt\/wp-json\/wp\/v2\/media\/58257"}],"wp:attachment":[{"href":"https:\/\/www.padaworks.com\/pt\/wp-json\/wp\/v2\/media?parent=58256"}],"wp:term":[{"taxonomy":"product_brand","embeddable":true,"href":"https:\/\/www.padaworks.com\/pt\/wp-json\/wp\/v2\/product_brand?post=58256"},{"taxonomy":"product_cat","embeddable":true,"href":"https:\/\/www.padaworks.com\/pt\/wp-json\/wp\/v2\/product_cat?post=58256"},{"taxonomy":"product_tag","embeddable":true,"href":"https:\/\/www.padaworks.com\/pt\/wp-json\/wp\/v2\/product_tag?post=58256"}],"curies":[{"name":"wp","href":"https:\/\/api.w.org\/{rel}","templated":true}]}}