{"id":58241,"date":"2023-01-28T23:13:49","date_gmt":"2023-01-28T23:13:49","guid":{"rendered":"https:\/\/www.padaworks.com\/product\/orange-hand-painted-swallow\/"},"modified":"2026-02-18T12:02:05","modified_gmt":"2026-02-18T12:02:05","slug":"andorinha-pintada-a-mao-em-laranja","status":"publish","type":"product","link":"https:\/\/www.padaworks.com\/pt\/product\/andorinha-pintada-a-mao-em-laranja\/","title":{"rendered":"Andorinha pintada \u00e0 m\u00e3o em laranja"},"content":{"rendered":"<p>Andorinha-laranja<\/p>\n<p>As andorinhas s\u00e3o aves migrat\u00f3rias que indicam a chegada da primavera, que \u00e9 sin\u00f3nimo da chegada da \u00e9poca de namoro. Estas aves t\u00eam uma carater\u00edstica que as distingue. Regressam quase sempre ao mesmo local onde fizeram o primeiro ninho e t\u00eam apenas um parceiro pelo caminho! Por isso, tornaram-se s\u00edmbolo do Amor, da Fam\u00edlia, da Lealdade, do Lar e da Fidelidade.<\/p>\n<p>Por se terem tornado um s\u00edmbolo t\u00e3o importante, a sua troca entre casais profundamente apaixonados rapidamente se tornou habitual. S\u00e3o tamb\u00e9m o significado de harmonia e felicidade nas casas onde s\u00e3o pendurados.<\/p>\n<p>H\u00e1 tamb\u00e9m uma liga\u00e7\u00e3o entre estas magn\u00edficas aves e o povo portugu\u00eas. Povo conhecido por ser aventureiro, que saiu de casa em busca de novos mundos, mas que acabou por regressar a casa. Tal como a andorinha, apesar de ser uma ave migrat\u00f3ria, que explora todos os cantos do mundo, uma vez por ano, regressa sempre ao seu ninho de origem.<\/p>\n<p>Feito \u00e0 m\u00e3o<br \/>Fabricado em Portugal<br \/>As dimens\u00f5es podem variar ligeiramente.<\/p>\n<p>Dimens\u00f5es:<br \/>C - 12 cm, L - 12 cm, P - 5 cm<br \/>C - 4,7 pol., L - 4,7 pol., P - 2,0 pol.<\/p>","protected":false},"excerpt":{"rendered":"<p>As andorinhas cor de laranja s\u00e3o aves migrat\u00f3rias que assinalam a chegada da primavera, que \u00e9 sin\u00f3nimo da chegada da \u00e9poca de namoro. Estas aves t\u00eam uma carater\u00edstica que as distingue. Regressam quase sempre ao mesmo local onde fizeram o primeiro ninho e t\u00eam apenas um parceiro durante o percurso! Por isso, [...]<\/p>","protected":false},"featured_media":58242,"comment_status":"open","ping_status":"open","template":"","meta":{"_acf_changed":false},"product_brand":[],"product_cat":[402,1550],"product_tag":[700,1739,1038,580,1738,1008,664,661,1743,667,665,668,663],"class_list":{"0":"post-58241","1":"product","2":"type-product","3":"status-publish","4":"has-post-thumbnail","6":"product_cat-pottery","7":"product_cat-birds","8":"product_tag-bird-decor","9":"product_tag-bird-ornament","10":"product_tag-birds-wall-hanging","11":"product_tag-ceramic-sculpture","12":"product_tag-ceramic-set","13":"product_tag-ceramic-wall-art","14":"product_tag-ceramic-wall-swallow","15":"product_tag-glazed-swallows","16":"product_tag-orange-bird","17":"product_tag-portuguese-gift","18":"product_tag-portuguese-pottery","19":"product_tag-wall-hanging-swallow","20":"product_tag-wall-swallow","21":"product_shipping_class-small-package","23":"first","24":"instock","25":"taxable","26":"shipping-taxable","27":"purchasable","28":"product-type-simple"},"acf":[],"gallery_images":[58243,58244,58245,58246,58247],"_links":{"self":[{"href":"https:\/\/www.padaworks.com\/pt\/wp-json\/wp\/v2\/product\/58241","targetHints":{"allow":["GET"]}}],"collection":[{"href":"https:\/\/www.padaworks.com\/pt\/wp-json\/wp\/v2\/product"}],"about":[{"href":"https:\/\/www.padaworks.com\/pt\/wp-json\/wp\/v2\/types\/product"}],"replies":[{"embeddable":true,"href":"https:\/\/www.padaworks.com\/pt\/wp-json\/wp\/v2\/comments?post=58241"}],"wp:featuredmedia":[{"embeddable":true,"href":"https:\/\/www.padaworks.com\/pt\/wp-json\/wp\/v2\/media\/58242"}],"wp:attachment":[{"href":"https:\/\/www.padaworks.com\/pt\/wp-json\/wp\/v2\/media?parent=58241"}],"wp:term":[{"taxonomy":"product_brand","embeddable":true,"href":"https:\/\/www.padaworks.com\/pt\/wp-json\/wp\/v2\/product_brand?post=58241"},{"taxonomy":"product_cat","embeddable":true,"href":"https:\/\/www.padaworks.com\/pt\/wp-json\/wp\/v2\/product_cat?post=58241"},{"taxonomy":"product_tag","embeddable":true,"href":"https:\/\/www.padaworks.com\/pt\/wp-json\/wp\/v2\/product_tag?post=58241"}],"curies":[{"name":"wp","href":"https:\/\/api.w.org\/{rel}","templated":true}]}}