{"id":58151,"date":"2023-01-28T22:56:41","date_gmt":"2023-01-28T22:56:41","guid":{"rendered":"https:\/\/www.padaworks.com\/product\/large-rectangular-bird-cage-old-bown-handmade-cage-canary-cage-bird-house-parakeet-cage-aviary-wood-bird-cade-outdoor-cage\/"},"modified":"2026-04-08T07:46:46","modified_gmt":"2026-04-08T07:46:46","slug":"gaiola-retangular-grande-para-passaros-gaiola-artesanal-old-bown-gaiola-para-canarios-casa-para-passaros-gaiola-para-periquitos-aviario-gaiola-de-madeira-para-passaros-gaiola-exterior","status":"publish","type":"product","link":"https:\/\/www.padaworks.com\/pt\/product\/gaiola-retangular-grande-para-passaros-gaiola-artesanal-old-bown-gaiola-para-canarios-casa-para-passaros-gaiola-para-periquitos-aviario-gaiola-de-madeira-para-passaros-gaiola-exterior\/","title":{"rendered":"Gaiola retangular grande para p\u00e1ssaros - Castanho"},"content":{"rendered":"<p>Gaiola retangular grande para p\u00e1ssaros Old Bown<\/p>\n<p>Ofere\u00e7a ao seu ador\u00e1vel p\u00e1ssaro uma gaiola nova e grande, com um design atrativo que pode facilmente acrescentar \u00e0 decora\u00e7\u00e3o da sua casa.<br \/>Esta gaiola \u00e9 toda produzida de forma artesanal, utilizando material de grande qualidade, utilizamos madeira tratada e arame galvanizado.<\/p>\n<p>Carater\u00edsticas da gaiola:<br \/>- Duas portas de entrada<br \/>- Duas portas laterais (para aceder ao ninho)<br \/>- Duas gavetas de res\u00edduos para facilitar a limpeza do ch\u00e3o das duas partes da gaiola<br \/>- Uma parte para dividir a gaiola em 2 gaiolas<br \/>- Uma pega de arame em cada lado<\/p>\n<p>Feito \u00e0 m\u00e3o<br \/>Fabricado em Portugal<\/p>\n<p>Dimens\u00f5es:<br \/>C - 62 cm, L - 32 cm, A - 40 cm<br \/>C - 24,4 pol., L - 12,6 pol., A - 15,7 pol.<\/p>\n<p>Espa\u00e7amento entre fios - 1 cm; 0,4 in<\/p>\n<p>Este produto \u00e9 cuidadosamente embalado para garantir que chega em boas condi\u00e7\u00f5es \u00e0 sua casa.<br \/>As dimens\u00f5es podem variar ligeiramente.<\/p>","protected":false},"excerpt":{"rendered":"<p>Large Rectangular Bird Cage Old Bown Give to your lovely bird a new and large cage, with one attractive design that you can easily add in you home decor.This cage is all produce handy, using material with great quality, we use real wood treated and galvanized wire. Features of the cage:&#8211; Two front door&#8211; Two [&hellip;]<\/p>","protected":false},"featured_media":58152,"comment_status":"open","ping_status":"closed","template":"","meta":{"_acf_changed":false},"product_brand":[],"product_cat":[509,132],"product_tag":[570,567,815,497,814,561,504,563,813,722,568,505,499],"class_list":{"0":"post-58151","1":"product","2":"type-product","3":"status-publish","4":"has-post-thumbnail","6":"product_cat-pet-supplies","7":"product_cat-bird-cages","8":"product_tag-antique-bird-cage","9":"product_tag-aviary-cage","10":"product_tag-bird-accessories","11":"product_tag-bird-cage","12":"product_tag-bird-lover","13":"product_tag-birds-cage","14":"product_tag-budgie-cage","15":"product_tag-large-bird-cage","16":"product_tag-large-cage","17":"product_tag-large-wooden-cage","18":"product_tag-parrot-cage","19":"product_tag-vintage-bird-cage","20":"product_tag-wooden-bird-cage","21":"product_shipping_class-large-package","23":"first","24":"instock","25":"taxable","26":"shipping-taxable","27":"purchasable","28":"product-type-simple"},"acf":[],"gallery_images":[58153,58154,58155,58156,58157],"_links":{"self":[{"href":"https:\/\/www.padaworks.com\/pt\/wp-json\/wp\/v2\/product\/58151","targetHints":{"allow":["GET"]}}],"collection":[{"href":"https:\/\/www.padaworks.com\/pt\/wp-json\/wp\/v2\/product"}],"about":[{"href":"https:\/\/www.padaworks.com\/pt\/wp-json\/wp\/v2\/types\/product"}],"replies":[{"embeddable":true,"href":"https:\/\/www.padaworks.com\/pt\/wp-json\/wp\/v2\/comments?post=58151"}],"wp:featuredmedia":[{"embeddable":true,"href":"https:\/\/www.padaworks.com\/pt\/wp-json\/wp\/v2\/media\/58152"}],"wp:attachment":[{"href":"https:\/\/www.padaworks.com\/pt\/wp-json\/wp\/v2\/media?parent=58151"}],"wp:term":[{"taxonomy":"product_brand","embeddable":true,"href":"https:\/\/www.padaworks.com\/pt\/wp-json\/wp\/v2\/product_brand?post=58151"},{"taxonomy":"product_cat","embeddable":true,"href":"https:\/\/www.padaworks.com\/pt\/wp-json\/wp\/v2\/product_cat?post=58151"},{"taxonomy":"product_tag","embeddable":true,"href":"https:\/\/www.padaworks.com\/pt\/wp-json\/wp\/v2\/product_tag?post=58151"}],"curies":[{"name":"wp","href":"https:\/\/api.w.org\/{rel}","templated":true}]}}