{"id":58132,"date":"2023-01-28T22:54:58","date_gmt":"2023-01-28T22:54:58","guid":{"rendered":"https:\/\/www.padaworks.com\/product\/small-jute-rug-cream-jute-rug-handwoven-rug-bedside-rug-nursery-rug-bathroom-rug-bath-mat-boho-rug-bedroom-rug-entry-rug\/"},"modified":"2026-01-08T12:46:55","modified_gmt":"2026-01-08T12:46:55","slug":"pequeno-tapete-de-juta-e-creme-60x110cm-tapete-de-argolas","status":"publish","type":"product","link":"https:\/\/www.padaworks.com\/pt\/product\/pequeno-tapete-de-juta-e-creme-60x110cm-tapete-de-argolas\/","title":{"rendered":"Tapete pequeno de juta e creme - 60x110cm - Tapete de argolas"},"content":{"rendered":"<p>Tapete pequeno de juta<\/p>\n<p>Este tapete \u00e9 tecido num tear manual com tecidos reutilizados.<br \/>Estes tapetes s\u00e3o robustos e leves.<br \/>\u00c9 ecol\u00f3gico porque reutiliza a mat\u00e9ria-prima desperdi\u00e7ada pela ind\u00fastria t\u00eaxtil. <\/p>\n<p>Feito \u00e0 m\u00e3o<br \/>Fabricado em Portugal<\/p>\n<p>Dimens\u00f5es:<br \/>C \u2013 120 cm, L \u2013 65 cm<br \/>C \u2013 119,4 cm, L \u2013 65 cm<br \/>C \u2013 3,9 p\u00e9s, L \u2013 2,1 p\u00e9s<\/p>\n<p>As dimens\u00f5es podem variar ligeiramente.<\/p>","protected":false},"excerpt":{"rendered":"<p>Small Jute Rug This rug is woven in a manual loom with fabrics reused.These rugs are robust and light.It is ecological because they reuse raw material wasted by the textil industry. Artisan MadeMade in Portugal Dimensions:L &#8211; 120 cm, W &#8211; 65 cmL &#8211; 47,2 in, W &#8211; 25,6 inL &#8211; 3,9 ft, W &#8211; [&hellip;]<\/p>","protected":false},"featured_media":58133,"comment_status":"open","ping_status":"closed","template":"","meta":{"_acf_changed":false},"product_brand":[],"product_cat":[2729],"product_tag":[1786,589,293,729,420,480,1781,482,1782,1785,592,1783,1784],"class_list":{"0":"post-58132","1":"product","2":"type-product","3":"status-publish","4":"has-post-thumbnail","6":"product_cat-ring-line","7":"product_tag-2x5-jute-rug","8":"product_tag-bath-rug","9":"product_tag-cotton-rug","10":"product_tag-front-door-mat","11":"product_tag-handmade-rug","12":"product_tag-rag-rug","13":"product_tag-rug-for-kitchen","14":"product_tag-rugs-for-bedroom","15":"product_tag-scallop-jute-rug","16":"product_tag-sisal-rug","17":"product_tag-small-rug","18":"product_tag-white-jute-rug","19":"product_tag-woven-jute-rug","20":"product_shipping_class-small-package","22":"first","23":"instock","24":"taxable","25":"shipping-taxable","26":"purchasable","27":"product-type-simple"},"acf":[],"gallery_images":[58134,58135,58136,58137,58138,58139,58140,58141],"_links":{"self":[{"href":"https:\/\/www.padaworks.com\/pt\/wp-json\/wp\/v2\/product\/58132","targetHints":{"allow":["GET"]}}],"collection":[{"href":"https:\/\/www.padaworks.com\/pt\/wp-json\/wp\/v2\/product"}],"about":[{"href":"https:\/\/www.padaworks.com\/pt\/wp-json\/wp\/v2\/types\/product"}],"replies":[{"embeddable":true,"href":"https:\/\/www.padaworks.com\/pt\/wp-json\/wp\/v2\/comments?post=58132"}],"wp:featuredmedia":[{"embeddable":true,"href":"https:\/\/www.padaworks.com\/pt\/wp-json\/wp\/v2\/media\/58133"}],"wp:attachment":[{"href":"https:\/\/www.padaworks.com\/pt\/wp-json\/wp\/v2\/media?parent=58132"}],"wp:term":[{"taxonomy":"product_brand","embeddable":true,"href":"https:\/\/www.padaworks.com\/pt\/wp-json\/wp\/v2\/product_brand?post=58132"},{"taxonomy":"product_cat","embeddable":true,"href":"https:\/\/www.padaworks.com\/pt\/wp-json\/wp\/v2\/product_cat?post=58132"},{"taxonomy":"product_tag","embeddable":true,"href":"https:\/\/www.padaworks.com\/pt\/wp-json\/wp\/v2\/product_tag?post=58132"}],"curies":[{"name":"wp","href":"https:\/\/api.w.org\/{rel}","templated":true}]}}