{"id":58031,"date":"2022-12-03T17:27:01","date_gmt":"2022-12-03T17:27:01","guid":{"rendered":"https:\/\/www.padaworks.com\/product\/marionette-bee-marionette-antique-marionette-kids-toy-vintage-toys-educational-toys-gift-for-kids-kids-gift-christmas-gift\/"},"modified":"2025-11-19T09:25:00","modified_gmt":"2025-11-19T09:25:00","slug":"marioneta-abelha-marioneta-antiga-marioneta-para-criancas-brinquedos-antigos-brinquedos-antigos-brinquedos-educativos-prenda-para-criancas-prenda-para-criancas-prenda-de-natal","status":"publish","type":"product","link":"https:\/\/www.padaworks.com\/pt\/product\/marioneta-abelha-marioneta-antiga-marioneta-para-criancas-brinquedos-antigos-brinquedos-antigos-brinquedos-educativos-prenda-para-criancas-prenda-para-criancas-prenda-de-natal\/","title":{"rendered":"Abelha Marioneta"},"content":{"rendered":"<p>Abelha Marioneta<\/p>\n<p>Este produto \u00e9 fabricado e pintado \u00e0 m\u00e3o<\/p>\n<p>Feito \u00e0 m\u00e3o<br \/>Fabricado em Portugal<\/p>\n<p>Dimens\u00f5es:<br \/>C - 13 cm, L - 13 cm, A - 13 cm<br \/>C - 5,1 pol., L - 5,1 pol., A - 5,1 pol.<\/p>\n<p>As dimens\u00f5es podem variar ligeiramente.<\/p>","protected":false},"excerpt":{"rendered":"<p>Marionette Bee This product is made and painted by hand Artisan MadeMade in Portugal Dimensions:L &#8211; 13 cm, W &#8211; 13 cm, H &#8211; 13 cmL &#8211; 5,1 in, W &#8211; 5,1 in, H &#8211; 5,1 in The dimensions may vary slightly.<\/p>","protected":false},"featured_media":58032,"comment_status":"open","ping_status":"open","template":"","meta":{"_acf_changed":false},"product_brand":[],"product_cat":[2725],"product_tag":[1766,1762,1755,1760,1756,1759,1761,1763,1753,1758,1754,1757,1221],"class_list":{"0":"post-58031","1":"product","2":"type-product","3":"status-publish","4":"has-post-thumbnail","6":"product_cat-handcrafted-games","7":"product_tag-bee-puppet","8":"product_tag-children-toys","9":"product_tag-finger-puppet","10":"product_tag-funny-gift","11":"product_tag-hand-puppets","12":"product_tag-kids-birthday-gift","13":"product_tag-kids-crafts","14":"product_tag-learning-toys","15":"product_tag-marionette-puppet","16":"product_tag-paper-puppets","17":"product_tag-puppet","18":"product_tag-puppet-theater","19":"product_tag-toys-for-boys","20":"product_shipping_class-small-package","22":"first","23":"instock","24":"taxable","25":"shipping-taxable","26":"purchasable","27":"product-type-simple"},"acf":[],"gallery_images":[58033,58034,58035,58036,58037],"_links":{"self":[{"href":"https:\/\/www.padaworks.com\/pt\/wp-json\/wp\/v2\/product\/58031","targetHints":{"allow":["GET"]}}],"collection":[{"href":"https:\/\/www.padaworks.com\/pt\/wp-json\/wp\/v2\/product"}],"about":[{"href":"https:\/\/www.padaworks.com\/pt\/wp-json\/wp\/v2\/types\/product"}],"replies":[{"embeddable":true,"href":"https:\/\/www.padaworks.com\/pt\/wp-json\/wp\/v2\/comments?post=58031"}],"wp:featuredmedia":[{"embeddable":true,"href":"https:\/\/www.padaworks.com\/pt\/wp-json\/wp\/v2\/media\/58032"}],"wp:attachment":[{"href":"https:\/\/www.padaworks.com\/pt\/wp-json\/wp\/v2\/media?parent=58031"}],"wp:term":[{"taxonomy":"product_brand","embeddable":true,"href":"https:\/\/www.padaworks.com\/pt\/wp-json\/wp\/v2\/product_brand?post=58031"},{"taxonomy":"product_cat","embeddable":true,"href":"https:\/\/www.padaworks.com\/pt\/wp-json\/wp\/v2\/product_cat?post=58031"},{"taxonomy":"product_tag","embeddable":true,"href":"https:\/\/www.padaworks.com\/pt\/wp-json\/wp\/v2\/product_tag?post=58031"}],"curies":[{"name":"wp","href":"https:\/\/api.w.org\/{rel}","templated":true}]}}