{"id":57942,"date":"2022-12-03T17:17:14","date_gmt":"2022-12-03T17:17:14","guid":{"rendered":"https:\/\/www.padaworks.com\/product\/large-black-and-white-rug-150x200cm-traditional-rug\/"},"modified":"2025-12-07T14:27:11","modified_gmt":"2025-12-07T14:27:11","slug":"tapete-grande-preto-e-branco-150x200cm-tapete-tradicional","status":"publish","type":"product","link":"https:\/\/www.padaworks.com\/pt\/product\/tapete-grande-preto-e-branco-150x200cm-tapete-tradicional\/","title":{"rendered":"Tapete preto e branco grande - 150x200cm - Tapete tradicional"},"content":{"rendered":"<p>Tapete grande preto e branco<\/p>\n<p>Este tapete \u00e9 tecido num tear manual com tecidos reutilizados.<br \/>Estes tapetes s\u00e3o robustos, leves e podem ser lavados regularmente \u00e0 m\u00e3o ou \u00e0 m\u00e1quina.<br \/>\u00c9 ecol\u00f3gico porque reutiliza a mat\u00e9ria-prima desperdi\u00e7ada pela ind\u00fastria t\u00eaxtil.<br \/>Recomendamos a lavagem a frio ou a 30\u00b0C.<br \/>Uma vez que este tapete \u00e9 fabricado com produtos reciclados das ind\u00fastrias t\u00eaxteis, pode haver ligeiras varia\u00e7\u00f5es de cor.<\/p>\n<p>Feito \u00e0 m\u00e3o<br \/>Fabricado em Portugal<\/p>\n<p>Dimens\u00f5es:<br \/>C - 200 cm, L - 150 cm<br \/>C - 78,7 pol., L - 59,1 pol.<br \/>C - 6,6 p\u00e9s, L - 4,9 p\u00e9s<\/p>\n<p>As dimens\u00f5es podem variar entre 5\/10 cm<\/p>","protected":false},"excerpt":{"rendered":"<p>Tapete grande preto e branco Este tapete \u00e9 tecido num tear manual com tecidos reutilizados.Estes tapetes s\u00e3o robustos, leves e podem ser lavados regularmente \u00e0 m\u00e3o ou \u00e0 m\u00e1quina.\u00c9 ecol\u00f3gico porque reutiliza mat\u00e9ria-prima desperdi\u00e7ada pela ind\u00fastria t\u00eaxtil.Recomendamos a lavagem a frio ou a 30\u00b0C.Uma vez que este tapete \u00e9 feito com produtos reciclados de [...]<\/p>","protected":false},"featured_media":57943,"comment_status":"open","ping_status":"closed","template":"","meta":{"_acf_changed":false},"product_brand":[],"product_cat":[2730],"product_tag":[655,473,421,465,837,582,590,420,475,630,575,581,482],"class_list":{"0":"post-57942","1":"product","2":"type-product","3":"status-publish","4":"has-post-thumbnail","6":"product_cat-traditional","7":"product_tag-5x7-rug","8":"product_tag-abstract-rug","9":"product_tag-bathroom-rug","10":"product_tag-bedroom-rug","11":"product_tag-black-and-white-rug","12":"product_tag-cotton-carpet","13":"product_tag-floor-mat","14":"product_tag-handmade-rug","15":"product_tag-handwoven-rug","16":"product_tag-kids-room-rug","17":"product_tag-kitchen-rug","18":"product_tag-living-room-rug","19":"product_tag-rugs-for-bedroom","20":"product_shipping_class-small-package","22":"first","23":"instock","24":"sale","25":"taxable","26":"shipping-taxable","27":"purchasable","28":"product-type-simple"},"acf":[],"gallery_images":[57944,57945,57946,57947,57948,57949,57950,57951,57952],"_links":{"self":[{"href":"https:\/\/www.padaworks.com\/pt\/wp-json\/wp\/v2\/product\/57942","targetHints":{"allow":["GET"]}}],"collection":[{"href":"https:\/\/www.padaworks.com\/pt\/wp-json\/wp\/v2\/product"}],"about":[{"href":"https:\/\/www.padaworks.com\/pt\/wp-json\/wp\/v2\/types\/product"}],"replies":[{"embeddable":true,"href":"https:\/\/www.padaworks.com\/pt\/wp-json\/wp\/v2\/comments?post=57942"}],"wp:featuredmedia":[{"embeddable":true,"href":"https:\/\/www.padaworks.com\/pt\/wp-json\/wp\/v2\/media\/57943"}],"wp:attachment":[{"href":"https:\/\/www.padaworks.com\/pt\/wp-json\/wp\/v2\/media?parent=57942"}],"wp:term":[{"taxonomy":"product_brand","embeddable":true,"href":"https:\/\/www.padaworks.com\/pt\/wp-json\/wp\/v2\/product_brand?post=57942"},{"taxonomy":"product_cat","embeddable":true,"href":"https:\/\/www.padaworks.com\/pt\/wp-json\/wp\/v2\/product_cat?post=57942"},{"taxonomy":"product_tag","embeddable":true,"href":"https:\/\/www.padaworks.com\/pt\/wp-json\/wp\/v2\/product_tag?post=57942"}],"curies":[{"name":"wp","href":"https:\/\/api.w.org\/{rel}","templated":true}]}}