{"id":57891,"date":"2022-12-03T17:12:06","date_gmt":"2022-12-03T17:12:06","guid":{"rendered":"https:\/\/www.padaworks.com\/product\/vintage-ceramic-jug-15lt-fruit-design\/"},"modified":"2025-11-19T09:25:11","modified_gmt":"2025-11-19T09:25:11","slug":"jarro-de-ceramica-vintage-15lt-design-de-fruta","status":"publish","type":"product","link":"https:\/\/www.padaworks.com\/pt\/product\/jarro-de-ceramica-vintage-15lt-design-de-fruta\/","title":{"rendered":"Jarro de cer\u00e2mica vintage 1,5Lt Desenho de fruta"},"content":{"rendered":"<p>Jarro de cer\u00e2mica<\/p>\n<p>Este produto \u00e9 fabricado e pintado \u00e0 m\u00e3o<\/p>\n<p>Feito \u00e0 m\u00e3o<br \/>Fabricado em Portugal<\/p>\n<p>Dimens\u00f5es:<br \/>\u00d8 - 12 cm, H - 23 cm<br \/>\u00d8 - 4,7 in, H - 9,1 in<\/p>\n<p>Capacidade - 1,5L<\/p>\n<p>As dimens\u00f5es e as ilustra\u00e7\u00f5es podem variar ligeiramente.<\/p>","protected":false},"excerpt":{"rendered":"<p>Jarro de cer\u00e2mica Este produto \u00e9 feito e pintado \u00e0 m\u00e3o Feito \u00e0 m\u00e3o Feito em Portugal Dimens\u00f5es:\u00d8 - 12 cm, H - 23 cm\u00d8 - 4,7 in, H - 9,1 in Capacidade - 1,5L As dimens\u00f5es e ilustra\u00e7\u00f5es podem variar ligeiramente.<\/p>","protected":false},"featured_media":57892,"comment_status":"open","ping_status":"open","template":"","meta":{"_acf_changed":false},"product_brand":[],"product_cat":[402,1767],"product_tag":[1736,495,1731,1729,1682,1728,1735,1730,1734,1732,1673,1733,1737],"class_list":{"0":"post-57891","1":"product","2":"type-product","3":"status-publish","4":"has-post-thumbnail","6":"product_cat-pottery","7":"product_cat-kitchenware","8":"product_tag-antique-pitcher","9":"product_tag-ceramic-art","10":"product_tag-ceramic-pot","11":"product_tag-ceramic-vase","12":"product_tag-portuguese-ceramics","13":"product_tag-pottery-jug","14":"product_tag-sangria-pitcher","15":"product_tag-stoneware-jug","16":"product_tag-stoneware-pitcher","17":"product_tag-vintage-ceramic-vase","18":"product_tag-vintage-ceramics","19":"product_tag-water-pitcher","20":"product_tag-wine-pitcher","21":"product_shipping_class-small-package","23":"first","24":"instock","25":"sale","26":"taxable","27":"shipping-taxable","28":"purchasable","29":"product-type-simple"},"acf":[],"gallery_images":[57893,57894,57895,57896,57897],"_links":{"self":[{"href":"https:\/\/www.padaworks.com\/pt\/wp-json\/wp\/v2\/product\/57891","targetHints":{"allow":["GET"]}}],"collection":[{"href":"https:\/\/www.padaworks.com\/pt\/wp-json\/wp\/v2\/product"}],"about":[{"href":"https:\/\/www.padaworks.com\/pt\/wp-json\/wp\/v2\/types\/product"}],"replies":[{"embeddable":true,"href":"https:\/\/www.padaworks.com\/pt\/wp-json\/wp\/v2\/comments?post=57891"}],"wp:featuredmedia":[{"embeddable":true,"href":"https:\/\/www.padaworks.com\/pt\/wp-json\/wp\/v2\/media\/57892"}],"wp:attachment":[{"href":"https:\/\/www.padaworks.com\/pt\/wp-json\/wp\/v2\/media?parent=57891"}],"wp:term":[{"taxonomy":"product_brand","embeddable":true,"href":"https:\/\/www.padaworks.com\/pt\/wp-json\/wp\/v2\/product_brand?post=57891"},{"taxonomy":"product_cat","embeddable":true,"href":"https:\/\/www.padaworks.com\/pt\/wp-json\/wp\/v2\/product_cat?post=57891"},{"taxonomy":"product_tag","embeddable":true,"href":"https:\/\/www.padaworks.com\/pt\/wp-json\/wp\/v2\/product_tag?post=57891"}],"curies":[{"name":"wp","href":"https:\/\/api.w.org\/{rel}","templated":true}]}}