{"id":57872,"date":"2022-12-03T17:10:57","date_gmt":"2022-12-03T17:10:57","guid":{"rendered":"https:\/\/www.padaworks.com\/product\/vintage-ceramic-plate-fruit-design\/"},"modified":"2025-11-19T09:25:14","modified_gmt":"2025-11-19T09:25:14","slug":"prato-de-ceramica-vintage-com-desenho-de-fruta","status":"publish","type":"product","link":"https:\/\/www.padaworks.com\/pt\/product\/prato-de-ceramica-vintage-com-desenho-de-fruta\/","title":{"rendered":"Prato de cer\u00e2mica vintage com desenho de fruta"},"content":{"rendered":"<p>Prato de fruta<\/p>\n<p>Este produto \u00e9 fabricado e pintado \u00e0 m\u00e3o<\/p>\n<p>Feito \u00e0 m\u00e3o<br \/>Fabricado em Portugal<\/p>\n<p>Dimens\u00f5es:<br \/>\u00d8 \u2013 22 cm, A \u2013 5 cm<br \/>\u00d8 \u2013 8,7 pol., A \u2013 2,0 pol.<\/p>\n<p>As dimens\u00f5es e as ilustra\u00e7\u00f5es podem variar ligeiramente.<\/p>","protected":false},"excerpt":{"rendered":"<p>Fruit Plate This product is made and painted by hand Artisan MadeMade in Portugal Dimensions:\u00d8 &#8211; 22 cm, H &#8211; 5 cm\u00d8 &#8211; 8,7 in, H &#8211; 2,0 in The dimensions and illustrations may vary slightly.<\/p>","protected":false},"featured_media":57873,"comment_status":"open","ping_status":"open","template":"","meta":{"_acf_changed":false},"product_brand":[],"product_cat":[402,1767],"product_tag":[495,1648,1621,1642,1647,1622,1644,1724,1725,1721,1632,1726,1641],"class_list":{"0":"post-57872","1":"product","2":"type-product","3":"status-publish","4":"has-post-thumbnail","6":"product_cat-pottery","7":"product_cat-kitchenware","8":"product_tag-ceramic-art","9":"product_tag-ceramic-bowl","10":"product_tag-ceramic-dinnerware","11":"product_tag-ceramic-dish","12":"product_tag-ceramic-dishes","13":"product_tag-ceramic-pottery","14":"product_tag-ceramic-ring-dish","15":"product_tag-decorative-plate","16":"product_tag-porcelain-plates","17":"product_tag-portugal-plate","18":"product_tag-serving-plates","19":"product_tag-soup-plate","20":"product_tag-stoneware-plates","21":"product_shipping_class-small-package","23":"first","24":"instock","25":"sale","26":"taxable","27":"shipping-taxable","28":"purchasable","29":"product-type-simple"},"acf":[],"gallery_images":[57874,57875,57876,57877,57878,57879,57880,57881],"_links":{"self":[{"href":"https:\/\/www.padaworks.com\/pt\/wp-json\/wp\/v2\/product\/57872","targetHints":{"allow":["GET"]}}],"collection":[{"href":"https:\/\/www.padaworks.com\/pt\/wp-json\/wp\/v2\/product"}],"about":[{"href":"https:\/\/www.padaworks.com\/pt\/wp-json\/wp\/v2\/types\/product"}],"replies":[{"embeddable":true,"href":"https:\/\/www.padaworks.com\/pt\/wp-json\/wp\/v2\/comments?post=57872"}],"wp:featuredmedia":[{"embeddable":true,"href":"https:\/\/www.padaworks.com\/pt\/wp-json\/wp\/v2\/media\/57873"}],"wp:attachment":[{"href":"https:\/\/www.padaworks.com\/pt\/wp-json\/wp\/v2\/media?parent=57872"}],"wp:term":[{"taxonomy":"product_brand","embeddable":true,"href":"https:\/\/www.padaworks.com\/pt\/wp-json\/wp\/v2\/product_brand?post=57872"},{"taxonomy":"product_cat","embeddable":true,"href":"https:\/\/www.padaworks.com\/pt\/wp-json\/wp\/v2\/product_cat?post=57872"},{"taxonomy":"product_tag","embeddable":true,"href":"https:\/\/www.padaworks.com\/pt\/wp-json\/wp\/v2\/product_tag?post=57872"}],"curies":[{"name":"wp","href":"https:\/\/api.w.org\/{rel}","templated":true}]}}