{"id":57861,"date":"2022-12-03T17:09:46","date_gmt":"2022-12-03T17:09:46","guid":{"rendered":"https:\/\/www.padaworks.com\/product\/vintage-ceramic-platter-fruit-design\/"},"modified":"2025-11-19T09:25:15","modified_gmt":"2025-11-19T09:25:15","slug":"travessa-de-ceramica-vintage-com-desenho-de-fruta","status":"publish","type":"product","link":"https:\/\/www.padaworks.com\/pt\/product\/travessa-de-ceramica-vintage-com-desenho-de-fruta\/","title":{"rendered":"Prato de cer\u00e2mica vintage com desenho de fruta"},"content":{"rendered":"<p>Prato de cer\u00e2mica<\/p>\n<p>Este produto \u00e9 fabricado e pintado \u00e0 m\u00e3o<\/p>\n<p>Feito \u00e0 m\u00e3o<br \/>Fabricado em Portugal<\/p>\n<p>Dimens\u00f5es:<br \/>C - 39 cm, L - 19 cm, A - 4 cm<br \/>C - 15,4 pol., L - 7,5 pol., A - 1,6 pol.<\/p>\n<p>As dimens\u00f5es e as ilustra\u00e7\u00f5es podem variar ligeiramente.<\/p>","protected":false},"excerpt":{"rendered":"<p>Ceramic Platter This product is made and painted by hand Artisan MadeMade in Portugal Dimensions:L &#8211; 39 cm, W &#8211; 19 cm, H &#8211; 4 cmL &#8211; 15,4 in, W &#8211; 7,5 in, H &#8211; 1,6 in The dimensions and illustrations may vary slightly.<\/p>","protected":false},"featured_media":57862,"comment_status":"open","ping_status":"open","template":"","meta":{"_acf_changed":false},"product_brand":[],"product_cat":[402,1767],"product_tag":[495,1621,1642,1622,1644,1718,1720,1716,1721,1717,1632,1641,1719],"class_list":{"0":"post-57861","1":"product","2":"type-product","3":"status-publish","4":"has-post-thumbnail","6":"product_cat-pottery","7":"product_cat-kitchenware","8":"product_tag-ceramic-art","9":"product_tag-ceramic-dinnerware","10":"product_tag-ceramic-dish","11":"product_tag-ceramic-pottery","12":"product_tag-ceramic-ring-dish","13":"product_tag-ceramic-serving-dish","14":"product_tag-ceramic-serving-tray","15":"product_tag-ceramic-tray","16":"product_tag-portugal-plate","17":"product_tag-pottery-platter","18":"product_tag-serving-plates","19":"product_tag-stoneware-plates","20":"product_tag-vintage-platter","21":"product_shipping_class-small-package","23":"first","24":"instock","25":"sale","26":"taxable","27":"shipping-taxable","28":"purchasable","29":"product-type-simple"},"acf":[],"gallery_images":[57863,57864,57865,57866,57867,57868,57869,57870,57871],"_links":{"self":[{"href":"https:\/\/www.padaworks.com\/pt\/wp-json\/wp\/v2\/product\/57861","targetHints":{"allow":["GET"]}}],"collection":[{"href":"https:\/\/www.padaworks.com\/pt\/wp-json\/wp\/v2\/product"}],"about":[{"href":"https:\/\/www.padaworks.com\/pt\/wp-json\/wp\/v2\/types\/product"}],"replies":[{"embeddable":true,"href":"https:\/\/www.padaworks.com\/pt\/wp-json\/wp\/v2\/comments?post=57861"}],"wp:featuredmedia":[{"embeddable":true,"href":"https:\/\/www.padaworks.com\/pt\/wp-json\/wp\/v2\/media\/57862"}],"wp:attachment":[{"href":"https:\/\/www.padaworks.com\/pt\/wp-json\/wp\/v2\/media?parent=57861"}],"wp:term":[{"taxonomy":"product_brand","embeddable":true,"href":"https:\/\/www.padaworks.com\/pt\/wp-json\/wp\/v2\/product_brand?post=57861"},{"taxonomy":"product_cat","embeddable":true,"href":"https:\/\/www.padaworks.com\/pt\/wp-json\/wp\/v2\/product_cat?post=57861"},{"taxonomy":"product_tag","embeddable":true,"href":"https:\/\/www.padaworks.com\/pt\/wp-json\/wp\/v2\/product_tag?post=57861"}],"curies":[{"name":"wp","href":"https:\/\/api.w.org\/{rel}","templated":true}]}}