{"id":57810,"date":"2022-12-03T16:56:57","date_gmt":"2022-12-03T16:56:57","guid":{"rendered":"https:\/\/www.padaworks.com\/product\/wooden-bird-nest-outdoor-house\/"},"modified":"2026-02-12T14:51:44","modified_gmt":"2026-02-12T14:51:44","slug":"casa-exterior-de-madeira-para-ninhos-de-passaros","status":"publish","type":"product","link":"https:\/\/www.padaworks.com\/pt\/product\/casa-exterior-de-madeira-para-ninhos-de-passaros\/","title":{"rendered":"Casa de madeira para exterior com ninho de p\u00e1ssaro"},"content":{"rendered":"<p>Ninho de p\u00e1ssaro em madeira<\/p>\n<p>D\u00ea ao seu espa\u00e7o interior ou exterior uma casa de p\u00e1ssaros \u00fanica.<br \/>O objetivo \u00e9 proporcionar um ambiente exterior amigo do ambiente, fazendo com que as aves obtenham uma nova casa de p\u00e1ssaros.<br \/>Com um design diferente e uma pe\u00e7a robusta que pode facilmente acrescentar \u00e0 decora\u00e7\u00e3o interior ou exterior da sua casa.<br \/>Este produto \u00e9 \u00fanico, feito com madeira reciclada e todo ele feito \u00e0 m\u00e3o.<\/p>\n<p>Feito \u00e0 m\u00e3o<br \/>Fabricado em Portugal<\/p>\n<p>Dimens\u00f5es:<br \/>C - 20 cm, L - 19 cm, A - 25 cm<br \/>C - 7,9 pol., L - 7,5 pol., A - 9,8 pol.<\/p>\n<p>As dimens\u00f5es podem variar ligeiramente.<br \/>Inclui uma pe\u00e7a para pendurar.<br \/>Este produto \u00e9 cuidadosamente embalado para garantir que chega em boas condi\u00e7\u00f5es \u00e0 sua casa.<\/p>","protected":false},"excerpt":{"rendered":"<p>Wooden Bird Nest Give your indoor or outdoor space a unique birdhouse.It is to provide an environment-friendly outdoor environment, making birds get a new birdhouse.With a different design and robust piece that you can easily add to your home&#8217;s interior or exterior decor.This product is unique, made with recycled wood and all handmade. Artisan MadeMade [&hellip;]<\/p>","protected":false},"featured_media":57811,"comment_status":"open","ping_status":"closed","template":"","meta":{"_acf_changed":false},"product_brand":[],"product_cat":[509,1064,2719],"product_tag":[497,565,1703,1689,1692,1687,1688,1690,1691,1265,505,1701,499],"class_list":{"0":"post-57810","1":"product","2":"type-product","3":"status-publish","4":"has-post-thumbnail","6":"product_cat-pet-supplies","7":"product_cat-beds-and-cots","8":"product_cat-special-offers","9":"product_tag-bird-cage","10":"product_tag-bird-cage-wood","11":"product_tag-bird-house-decor","12":"product_tag-bird-memory","13":"product_tag-bird-nest-box","14":"product_tag-bird-nest-hanger","15":"product_tag-bird-nest-stand","16":"product_tag-bird-nest-starter","17":"product_tag-bird-nest-wall-decor","18":"product_tag-outdoor-decor","19":"product_tag-vintage-bird-cage","20":"product_tag-wall-art-decor","21":"product_tag-wooden-bird-cage","22":"product_shipping_class-small-package","24":"first","25":"instock","26":"sale","27":"taxable","28":"shipping-taxable","29":"purchasable","30":"product-type-simple"},"acf":[],"gallery_images":[57812,57813,57814,57815],"_links":{"self":[{"href":"https:\/\/www.padaworks.com\/pt\/wp-json\/wp\/v2\/product\/57810","targetHints":{"allow":["GET"]}}],"collection":[{"href":"https:\/\/www.padaworks.com\/pt\/wp-json\/wp\/v2\/product"}],"about":[{"href":"https:\/\/www.padaworks.com\/pt\/wp-json\/wp\/v2\/types\/product"}],"replies":[{"embeddable":true,"href":"https:\/\/www.padaworks.com\/pt\/wp-json\/wp\/v2\/comments?post=57810"}],"wp:featuredmedia":[{"embeddable":true,"href":"https:\/\/www.padaworks.com\/pt\/wp-json\/wp\/v2\/media\/57811"}],"wp:attachment":[{"href":"https:\/\/www.padaworks.com\/pt\/wp-json\/wp\/v2\/media?parent=57810"}],"wp:term":[{"taxonomy":"product_brand","embeddable":true,"href":"https:\/\/www.padaworks.com\/pt\/wp-json\/wp\/v2\/product_brand?post=57810"},{"taxonomy":"product_cat","embeddable":true,"href":"https:\/\/www.padaworks.com\/pt\/wp-json\/wp\/v2\/product_cat?post=57810"},{"taxonomy":"product_tag","embeddable":true,"href":"https:\/\/www.padaworks.com\/pt\/wp-json\/wp\/v2\/product_tag?post=57810"}],"curies":[{"name":"wp","href":"https:\/\/api.w.org\/{rel}","templated":true}]}}