{"id":57800,"date":"2022-12-03T16:54:19","date_gmt":"2022-12-03T16:54:19","guid":{"rendered":"https:\/\/www.padaworks.com\/product\/vintage-bird-house-antique-bird-home-wood-bird-nest-love-birds-unique-bird-home-wood-art-bird-box-garden-birds-kids-gift\/"},"modified":"2026-02-12T14:48:57","modified_gmt":"2026-02-12T14:48:57","slug":"casinha-de-passaros-vintage-casinha-de-passaros-antiga-ninho-de-passaros-em-madeira-pombinhos-casinha-de-passaros-exclusiva-arte-em-madeira-caixa-para-passaros-passaros-de-jardim-presente-para-crianca","status":"publish","type":"product","link":"https:\/\/www.padaworks.com\/pt\/product\/casinha-de-passaros-vintage-casinha-de-passaros-antiga-ninho-de-passaros-em-madeira-pombinhos-casinha-de-passaros-exclusiva-arte-em-madeira-caixa-para-passaros-passaros-de-jardim-presente-para-crianca\/","title":{"rendered":"Ninho de exterior vintage"},"content":{"rendered":"<p>Casa de p\u00e1ssaros vintage<\/p>\n<p>D\u00ea ao seu espa\u00e7o interior ou exterior uma casa de p\u00e1ssaros \u00fanica.<br \/>O objetivo \u00e9 proporcionar um ambiente exterior amigo do ambiente, fazendo com que as aves obtenham uma nova casa de p\u00e1ssaros.<br \/>Com um design diferente e uma pe\u00e7a robusta que pode facilmente adicionar \u00e0 decora\u00e7\u00e3o interior ou exterior da sua casa.<br \/>Este produto \u00e9 \u00fanico, feito com madeira reciclada e todo ele feito \u00e0 m\u00e3o.<\/p>\n<p>Feito \u00e0 m\u00e3o<br \/>Fabricado em Portugal<\/p>\n<p>Dimens\u00f5es:<br \/>C \u2013 33 cm, L \u2013 26 cm, A \u2013 34 cm<br \/>L \u2013 33 cm, L \u2013 26 cm, A \u2013 34 cm<\/p>\n<p>As dimens\u00f5es podem variar ligeiramente.<br \/>Inclui uma pe\u00e7a para pendurar.<br \/>Este produto \u00e9 cuidadosamente embalado para garantir que chega em boas condi\u00e7\u00f5es \u00e0 sua casa.<\/p>","protected":false},"excerpt":{"rendered":"<p>Casa de p\u00e1ssaros vintage D\u00ea ao seu espa\u00e7o interior ou exterior uma casa de p\u00e1ssaros \u00fanica. O objetivo \u00e9 proporcionar um ambiente exterior ecol\u00f3gico, dando aos p\u00e1ssaros uma nova casa. Com um design diferente e uma pe\u00e7a robusta que pode facilmente adicionar \u00e0 decora\u00e7\u00e3o interior ou exterior da sua casa. Este produto \u00e9 \u00fanico, feito com madeira reciclada e totalmente artesanal. Feito por artes\u00e3os [\u2026]<\/p>","protected":false},"featured_media":57801,"comment_status":"open","ping_status":"closed","template":"","meta":{"_acf_changed":false},"product_brand":[],"product_cat":[509,1064,2719],"product_tag":[497,1689,1687,1688,571,1697,508,1700,1698,505,1699,499,1694],"class_list":{"0":"post-57800","1":"product","2":"type-product","3":"status-publish","4":"has-post-thumbnail","6":"product_cat-pet-supplies","7":"product_cat-beds-and-cots","8":"product_cat-special-offers","9":"product_tag-bird-cage","10":"product_tag-bird-memory","11":"product_tag-bird-nest-hanger","12":"product_tag-bird-nest-stand","13":"product_tag-decorative-bird-cage","14":"product_tag-garden-decor","15":"product_tag-gift-for-pet-bird","16":"product_tag-haging-wall-art","17":"product_tag-patio-decoration","18":"product_tag-vintage-bird-cage","19":"product_tag-wood-bird-house","20":"product_tag-wooden-bird-cage","21":"product_tag-wooden-bird-nest","22":"product_shipping_class-small-package","24":"first","25":"instock","26":"sale","27":"taxable","28":"shipping-taxable","29":"purchasable","30":"product-type-simple"},"acf":[],"gallery_images":[57802,57803,57804,57805,57806,57807,57808,57809],"_links":{"self":[{"href":"https:\/\/www.padaworks.com\/pt\/wp-json\/wp\/v2\/product\/57800","targetHints":{"allow":["GET"]}}],"collection":[{"href":"https:\/\/www.padaworks.com\/pt\/wp-json\/wp\/v2\/product"}],"about":[{"href":"https:\/\/www.padaworks.com\/pt\/wp-json\/wp\/v2\/types\/product"}],"replies":[{"embeddable":true,"href":"https:\/\/www.padaworks.com\/pt\/wp-json\/wp\/v2\/comments?post=57800"}],"wp:featuredmedia":[{"embeddable":true,"href":"https:\/\/www.padaworks.com\/pt\/wp-json\/wp\/v2\/media\/57801"}],"wp:attachment":[{"href":"https:\/\/www.padaworks.com\/pt\/wp-json\/wp\/v2\/media?parent=57800"}],"wp:term":[{"taxonomy":"product_brand","embeddable":true,"href":"https:\/\/www.padaworks.com\/pt\/wp-json\/wp\/v2\/product_brand?post=57800"},{"taxonomy":"product_cat","embeddable":true,"href":"https:\/\/www.padaworks.com\/pt\/wp-json\/wp\/v2\/product_cat?post=57800"},{"taxonomy":"product_tag","embeddable":true,"href":"https:\/\/www.padaworks.com\/pt\/wp-json\/wp\/v2\/product_tag?post=57800"}],"curies":[{"name":"wp","href":"https:\/\/api.w.org\/{rel}","templated":true}]}}