{"id":57747,"date":"2022-12-03T16:40:18","date_gmt":"2022-12-03T16:40:18","guid":{"rendered":"https:\/\/www.padaworks.com\/product\/ceramic-rooster-to-paint-15cm\/"},"modified":"2026-04-14T13:47:48","modified_gmt":"2026-04-14T13:47:48","slug":"galo-de-ceramica-para-pintar-15-cm","status":"publish","type":"product","link":"https:\/\/www.padaworks.com\/pt\/product\/galo-de-ceramica-para-pintar-15-cm\/","title":{"rendered":"Galo de cer\u00e2mica para pintar - 15cm"},"content":{"rendered":"<p>Galo de cer\u00e2mica para pintar<\/p>\n<p>Feito \u00e0 m\u00e3o<br \/>Fabricado em Portugal<br \/>As dimens\u00f5es podem variar ligeiramente.<\/p>\n<p>Dimens\u00f5es:<br \/>C \u2013 12 cm, L \u2013 6 cm, A \u2013 15 cm<br \/>L \u2013 4,7 pol., L \u2013 2,4 pol., A \u2013 5,9 pol.<\/p>","protected":false},"excerpt":{"rendered":"<p>Galo de cer\u00e2mica para pintar Feito \u00e0 m\u00e3oFabricado em PortugalAs dimens\u00f5es podem variar ligeiramente. Dimens\u00f5es:C - 12 cm, L - 6 cm, A - 15 cmC - 4,7 pol., L - 2,4 pol., A - 5,9 pol.<\/p>","protected":false},"featured_media":57748,"comment_status":"open","ping_status":"open","template":"","meta":{"_acf_changed":false},"product_brand":[],"product_cat":[402,1549],"product_tag":[550,919,580,1001,544,545,549,546,681,547,548,542,697],"class_list":{"0":"post-57747","1":"product","2":"type-product","3":"status-publish","4":"has-post-thumbnail","6":"product_cat-pottery","7":"product_cat-roosters","8":"product_tag-ceramic-figurine","9":"product_tag-ceramic-rooster","10":"product_tag-ceramic-sculpture","11":"product_tag-farmhouse-kitchen","12":"product_tag-gift-from-portugal","13":"product_tag-good-luck-rooster","14":"product_tag-handmade-ceramics","15":"product_tag-lucky-rooster","16":"product_tag-portuguese-rooster","17":"product_tag-rooster-decor","18":"product_tag-rooster-figurine","19":"product_tag-traditional-rooster","20":"product_tag-wedding-favor","21":"product_shipping_class-small-package","23":"first","24":"onbackorder","25":"sale","26":"taxable","27":"shipping-taxable","28":"purchasable","29":"product-type-simple"},"acf":[],"gallery_images":[57749,57750,57751,57752,57753],"_links":{"self":[{"href":"https:\/\/www.padaworks.com\/pt\/wp-json\/wp\/v2\/product\/57747","targetHints":{"allow":["GET"]}}],"collection":[{"href":"https:\/\/www.padaworks.com\/pt\/wp-json\/wp\/v2\/product"}],"about":[{"href":"https:\/\/www.padaworks.com\/pt\/wp-json\/wp\/v2\/types\/product"}],"replies":[{"embeddable":true,"href":"https:\/\/www.padaworks.com\/pt\/wp-json\/wp\/v2\/comments?post=57747"}],"wp:featuredmedia":[{"embeddable":true,"href":"https:\/\/www.padaworks.com\/pt\/wp-json\/wp\/v2\/media\/57748"}],"wp:attachment":[{"href":"https:\/\/www.padaworks.com\/pt\/wp-json\/wp\/v2\/media?parent=57747"}],"wp:term":[{"taxonomy":"product_brand","embeddable":true,"href":"https:\/\/www.padaworks.com\/pt\/wp-json\/wp\/v2\/product_brand?post=57747"},{"taxonomy":"product_cat","embeddable":true,"href":"https:\/\/www.padaworks.com\/pt\/wp-json\/wp\/v2\/product_cat?post=57747"},{"taxonomy":"product_tag","embeddable":true,"href":"https:\/\/www.padaworks.com\/pt\/wp-json\/wp\/v2\/product_tag?post=57747"}],"curies":[{"name":"wp","href":"https:\/\/api.w.org\/{rel}","templated":true}]}}