{"id":57727,"date":"2022-12-03T16:35:22","date_gmt":"2022-12-03T16:35:22","guid":{"rendered":"https:\/\/www.padaworks.com\/product\/ceramic-fish-to-paint-ceramic-sardines-ceramic-figurines-to-paint-bisque-to-paint-hanging-sardine-sardine-art-sardine-gifts\/"},"modified":"2026-04-17T23:26:53","modified_gmt":"2026-04-17T23:26:53","slug":"sardinha-grande-de-ceramica-para-pintar-19-cm","status":"publish","type":"product","link":"https:\/\/www.padaworks.com\/pt\/product\/sardinha-grande-de-ceramica-para-pintar-19-cm\/","title":{"rendered":"Sardinha grande de cer\u00e2mica para pintar 19 cm"},"content":{"rendered":"<p>Sardinha grande de cer\u00e2mica para pintar 19 cm<\/p>\n<p>Peixes de cer\u00e2mica prontos a pintar. Peixes com ou sem escamas dispon\u00edveis.<br \/>\n\u00d3timo para pinturas de fam\u00edlia, para criar a sua pr\u00f3pria decora\u00e7\u00e3o ou simplesmente para utilizar como est\u00e1.<br \/>\nT\u00eam uma abertura na parte de tr\u00e1s para serem pendurados na parede.<\/p>\n<p>Feito \u00e0 m\u00e3o<br \/>\nFeito em Portugal com produtos portugueses, dedica\u00e7\u00e3o e amor!!<\/p>\n<p>Dimens\u00f5es:<br \/>\nC - 19 cm, L - 2 cm, A - 4 cm<br \/>\nC - 7,5 pol., L - 0,8 pol., A - 1,6 pol.<\/p>\n<p>As dimens\u00f5es podem variar ligeiramente.<\/p>","protected":false},"excerpt":{"rendered":"<p>Large Ceramic Sardine To Paint 19cm Ready-to-paint ceramic fish. Fish with or without scales available. Great for family paintings, creating your own decor, or simply using them as is. They have an opening on the back to hang on the wall. Artisan Made Made in Portugal with portuguese products, dedication and love!! Dimensions: L &#8211; [&hellip;]<\/p>","protected":false},"featured_media":102611,"comment_status":"open","ping_status":"closed","template":"","meta":{"_acf_changed":false},"product_brand":[],"product_cat":[1551],"product_tag":[492,395,1008,494,1685,1684,396,479,544,1508,493,491,1124],"class_list":{"0":"post-57727","1":"product","2":"type-product","3":"status-publish","4":"has-post-thumbnail","6":"product_cat-fishes","7":"product_tag-ceramic-fish","8":"product_tag-ceramic-painted","9":"product_tag-ceramic-wall-art","10":"product_tag-ceramic-wall-hanging","11":"product_tag-fish-art","12":"product_tag-fish-decor","13":"product_tag-fish-wall-hanging","14":"product_tag-gift-for-her","15":"product_tag-gift-from-portugal","16":"product_tag-kitchen-wall-hanging","17":"product_tag-outdoor-wall-decor","18":"product_tag-sardine-wall-hanging","19":"product_tag-vintage-ceramic","20":"product_shipping_class-small-package","22":"first","23":"instock","24":"taxable","25":"shipping-taxable","26":"purchasable","27":"product-type-variable","28":"has-default-attributes","29":"wvs-archive-product-wrapper"},"acf":[],"gallery_images":[102605,102608,102609,102607,102606,102604,102610],"_links":{"self":[{"href":"https:\/\/www.padaworks.com\/pt\/wp-json\/wp\/v2\/product\/57727","targetHints":{"allow":["GET"]}}],"collection":[{"href":"https:\/\/www.padaworks.com\/pt\/wp-json\/wp\/v2\/product"}],"about":[{"href":"https:\/\/www.padaworks.com\/pt\/wp-json\/wp\/v2\/types\/product"}],"replies":[{"embeddable":true,"href":"https:\/\/www.padaworks.com\/pt\/wp-json\/wp\/v2\/comments?post=57727"}],"wp:featuredmedia":[{"embeddable":true,"href":"https:\/\/www.padaworks.com\/pt\/wp-json\/wp\/v2\/media\/102611"}],"wp:attachment":[{"href":"https:\/\/www.padaworks.com\/pt\/wp-json\/wp\/v2\/media?parent=57727"}],"wp:term":[{"taxonomy":"product_brand","embeddable":true,"href":"https:\/\/www.padaworks.com\/pt\/wp-json\/wp\/v2\/product_brand?post=57727"},{"taxonomy":"product_cat","embeddable":true,"href":"https:\/\/www.padaworks.com\/pt\/wp-json\/wp\/v2\/product_cat?post=57727"},{"taxonomy":"product_tag","embeddable":true,"href":"https:\/\/www.padaworks.com\/pt\/wp-json\/wp\/v2\/product_tag?post=57727"}],"curies":[{"name":"wp","href":"https:\/\/api.w.org\/{rel}","templated":true}]}}