{"id":57721,"date":"2022-12-03T16:34:52","date_gmt":"2022-12-03T16:34:52","guid":{"rendered":"https:\/\/www.padaworks.com\/product\/small-ceramic-sardine-to-paint\/"},"modified":"2026-04-14T17:02:27","modified_gmt":"2026-04-14T17:02:27","slug":"sardinha-pequena-de-ceramica-para-pintar-15-cm","status":"publish","type":"product","link":"https:\/\/www.padaworks.com\/pt\/product\/sardinha-pequena-de-ceramica-para-pintar-15-cm\/","title":{"rendered":"Sardinha pequena de cer\u00e2mica para pintar 15 cm"},"content":{"rendered":"<p>Sardinha pequena de cer\u00e2mica para pintar 15 cm<\/p>\n<p>Peixes de cer\u00e2mica prontos a pintar. Peixes com ou sem escamas dispon\u00edveis.<br \/>\n\u00d3timo para pinturas de fam\u00edlia, para criar a sua pr\u00f3pria decora\u00e7\u00e3o ou simplesmente para utilizar como est\u00e1.<br \/>\nT\u00eam uma abertura na parte de tr\u00e1s para serem pendurados na parede.<\/p>\n<p>Feito \u00e0 m\u00e3o<br \/>\nFeito em Portugal com produtos portugueses, dedica\u00e7\u00e3o e amor!!<\/p>\n<p>Dimens\u00f5es:<br \/>\nC \u2013 15 cm, L \u2013 2 cm, A \u2013 3,5 cm<br \/>\nL \u2013 15 cm, L \u2013 2 cm, A \u2013 3,5 cm<\/p>\n<p>As dimens\u00f5es podem variar ligeiramente.<\/p>","protected":false},"excerpt":{"rendered":"<p>Small Ceramic Sardine To Paint 15cm Ready-to-paint ceramic fish. Fish with or without scales available. Great for family paintings, creating your own decor, or simply using them as is. They have an opening on the back to hang on the wall. Artisan Made Made in Portugal with portuguese products, dedication and love!! Dimensions: L &#8211; [&hellip;]<\/p>","protected":false},"featured_media":102600,"comment_status":"open","ping_status":"closed","template":"","meta":{"_acf_changed":false},"product_brand":[],"product_cat":[1551],"product_tag":[495,1008,494,1685,490,1684,1619,396,1466,493,487,491,1686],"class_list":{"0":"post-57721","1":"product","2":"type-product","3":"status-publish","4":"has-post-thumbnail","6":"product_cat-fishes","7":"product_tag-ceramic-art","8":"product_tag-ceramic-wall-art","9":"product_tag-ceramic-wall-hanging","10":"product_tag-fish-art","11":"product_tag-fish-ceramic-painted","12":"product_tag-fish-decor","13":"product_tag-fish-wall-art","14":"product_tag-fish-wall-hanging","15":"product_tag-handmade-ceramic","16":"product_tag-outdoor-wall-decor","17":"product_tag-painted-sardines","18":"product_tag-sardine-wall-hanging","19":"product_tag-to-paint","20":"product_shipping_class-small-package","22":"first","23":"instock","24":"taxable","25":"shipping-taxable","26":"purchasable","27":"product-type-variable","28":"has-default-attributes","29":"wvs-archive-product-wrapper"},"acf":[],"gallery_images":[102596,102597,102598,102595,102599],"_links":{"self":[{"href":"https:\/\/www.padaworks.com\/pt\/wp-json\/wp\/v2\/product\/57721","targetHints":{"allow":["GET"]}}],"collection":[{"href":"https:\/\/www.padaworks.com\/pt\/wp-json\/wp\/v2\/product"}],"about":[{"href":"https:\/\/www.padaworks.com\/pt\/wp-json\/wp\/v2\/types\/product"}],"replies":[{"embeddable":true,"href":"https:\/\/www.padaworks.com\/pt\/wp-json\/wp\/v2\/comments?post=57721"}],"wp:featuredmedia":[{"embeddable":true,"href":"https:\/\/www.padaworks.com\/pt\/wp-json\/wp\/v2\/media\/102600"}],"wp:attachment":[{"href":"https:\/\/www.padaworks.com\/pt\/wp-json\/wp\/v2\/media?parent=57721"}],"wp:term":[{"taxonomy":"product_brand","embeddable":true,"href":"https:\/\/www.padaworks.com\/pt\/wp-json\/wp\/v2\/product_brand?post=57721"},{"taxonomy":"product_cat","embeddable":true,"href":"https:\/\/www.padaworks.com\/pt\/wp-json\/wp\/v2\/product_cat?post=57721"},{"taxonomy":"product_tag","embeddable":true,"href":"https:\/\/www.padaworks.com\/pt\/wp-json\/wp\/v2\/product_tag?post=57721"}],"curies":[{"name":"wp","href":"https:\/\/api.w.org\/{rel}","templated":true}]}}