{"id":57703,"date":"2022-12-03T16:34:03","date_gmt":"2022-12-03T16:34:03","guid":{"rendered":"https:\/\/www.padaworks.com\/product\/ceramic-bird-to-paint-with-relief\/"},"modified":"2026-04-29T10:08:58","modified_gmt":"2026-04-29T10:08:58","slug":"passaro-de-ceramica-para-pintar-com-relevo","status":"publish","type":"product","link":"https:\/\/www.padaworks.com\/pt\/product\/passaro-de-ceramica-para-pintar-com-relevo\/","title":{"rendered":"P\u00e1ssaro em cer\u00e2mica para pintar com relevo"},"content":{"rendered":"<p>P\u00e1ssaro em cer\u00e2mica para pintar com relevo<\/p>\n<p>P\u00e1ssaro em cer\u00e2mica pronto a pintar. Dispon\u00edvel em tr\u00eas tamanhos.<br \/>\n\u00d3timo para pinturas de fam\u00edlia, para criar a sua pr\u00f3pria decora\u00e7\u00e3o ou simplesmente para utilizar como est\u00e1.<br \/>\nT\u00eam uma abertura na parte de tr\u00e1s para serem pendurados na parede.<\/p>\n<p>Feito \u00e0 m\u00e3o<br \/>\nFeito em Portugal com produtos portugueses, dedica\u00e7\u00e3o e amor!!<\/p>\n<p>Dimens\u00f5es:<br \/>\nPequeno<br \/>\nC \u2013 10 cm, L \u2013 8 cm, P \u2013 3 cm<br \/>\nL \u2013 3,9 pol., L \u2013 3,1 pol., P \u2013 1,2 pol.<\/p>\n<p>M\u00e9dio<br \/>\nC \u2013 12 cm, L \u2013 9 cm, P \u2013 3 cm<br \/>\nL \u2013 4,7 pol., L \u2013 3,5 pol., P \u2013 1,2 pol.<\/p>\n<p>Grande<br \/>\nC \u2013 16 cm, L \u2013 12 cm, P \u2013 4 cm<br \/>\nL \u2013 16 cm, L \u2013 12 cm, P \u2013 4 cm<\/p>\n<p>As dimens\u00f5es podem variar ligeiramente.<\/p>","protected":false},"excerpt":{"rendered":"<p>Ceramic Bird To Paint With Relief Ready-to-paint ceramic bird. Available in three sizes. Great for family paintings, creating your own decor, or simply using them as is. They have an opening on the back to hang on the wall. Artisan Made Made in Portugal with portuguese products, dedication and love!! Dimensions: Small L &#8211; 10 [&hellip;]<\/p>","protected":false},"featured_media":102578,"comment_status":"open","ping_status":"closed","template":"","meta":{"_acf_changed":false},"product_brand":[],"product_cat":[1550],"product_tag":[699,1231,1622,1008,494,862,1466,1682,1683,696,698,662,697],"class_list":{"0":"post-57703","1":"product","2":"type-product","3":"status-publish","4":"has-post-thumbnail","6":"product_cat-birds","7":"product_tag-bird-wall-hanging","8":"product_tag-ceramic-decor","9":"product_tag-ceramic-pottery","10":"product_tag-ceramic-wall-art","11":"product_tag-ceramic-wall-hanging","12":"product_tag-christmas-gift","13":"product_tag-handmade-ceramic","14":"product_tag-portuguese-ceramics","15":"product_tag-ready-to-paint","16":"product_tag-small-swallows","17":"product_tag-wall-decor-swallow","18":"product_tag-wall-swallows","19":"product_tag-wedding-favor","20":"product_shipping_class-small-package","22":"first","23":"instock","24":"taxable","25":"shipping-taxable","26":"purchasable","27":"product-type-variable","28":"wvs-archive-product-wrapper"},"acf":[],"gallery_images":[102577,102579,102580,102581,102576,102582],"_links":{"self":[{"href":"https:\/\/www.padaworks.com\/pt\/wp-json\/wp\/v2\/product\/57703","targetHints":{"allow":["GET"]}}],"collection":[{"href":"https:\/\/www.padaworks.com\/pt\/wp-json\/wp\/v2\/product"}],"about":[{"href":"https:\/\/www.padaworks.com\/pt\/wp-json\/wp\/v2\/types\/product"}],"replies":[{"embeddable":true,"href":"https:\/\/www.padaworks.com\/pt\/wp-json\/wp\/v2\/comments?post=57703"}],"wp:featuredmedia":[{"embeddable":true,"href":"https:\/\/www.padaworks.com\/pt\/wp-json\/wp\/v2\/media\/102578"}],"wp:attachment":[{"href":"https:\/\/www.padaworks.com\/pt\/wp-json\/wp\/v2\/media?parent=57703"}],"wp:term":[{"taxonomy":"product_brand","embeddable":true,"href":"https:\/\/www.padaworks.com\/pt\/wp-json\/wp\/v2\/product_brand?post=57703"},{"taxonomy":"product_cat","embeddable":true,"href":"https:\/\/www.padaworks.com\/pt\/wp-json\/wp\/v2\/product_cat?post=57703"},{"taxonomy":"product_tag","embeddable":true,"href":"https:\/\/www.padaworks.com\/pt\/wp-json\/wp\/v2\/product_tag?post=57703"}],"curies":[{"name":"wp","href":"https:\/\/api.w.org\/{rel}","templated":true}]}}