{"id":57681,"date":"2022-11-11T00:50:09","date_gmt":"2022-11-11T00:50:09","guid":{"rendered":"https:\/\/www.padaworks.com\/product\/wooden-miniature-airplane\/"},"modified":"2025-11-19T09:25:33","modified_gmt":"2025-11-19T09:25:33","slug":"miniatura-de-aviao-em-madeira","status":"publish","type":"product","link":"https:\/\/www.padaworks.com\/pt\/product\/miniatura-de-aviao-em-madeira\/","title":{"rendered":"Avi\u00e3o em miniatura de madeira"},"content":{"rendered":"<p>Avi\u00e3o de madeira<\/p>\n<p>Brinquedo de madeira para crian\u00e7as<br \/>Pintado com tintas naturais sem produtos qu\u00edmicos<br \/>Pode ser utilizado por crian\u00e7as<br \/>Feito \u00e0 m\u00e3o<\/p>\n<p>Dimens\u00f5es:<\/p>\n<p>C \u2013 13 cm, L \u2013 10 cm, A \u2013 5 cm<br \/>C \u2013 13 cm, L \u2013 10 cm, A \u2013 5 cm<\/p>\n<p>As cores podem variar<\/p>","protected":false},"excerpt":{"rendered":"<p>Avi\u00e3o de madeira Brinquedo de madeira para crian\u00e7asPintado com tintas naturais sem qu\u00edmicosPode ser usado por crian\u00e7asFabricado artesanalmente Dimens\u00f5es: L - 13cm, W - 10cm, H - 5cmL - 5,12in, W - 3,94in, H - 1,97in As cores podem variar<\/p>","protected":false},"featured_media":57682,"comment_status":"open","ping_status":"open","template":"","meta":{"_acf_changed":false},"product_brand":[],"product_cat":[2725],"product_tag":[237,263,600,1226,1227,1224,605,1206,1225,973,1228,893,1202],"class_list":{"0":"post-57681","1":"product","2":"type-product","3":"status-publish","4":"has-post-thumbnail","6":"product_cat-handcrafted-games","7":"product_tag-airplane","8":"product_tag-children-toy","9":"product_tag-ecologic-toys","10":"product_tag-handmade-wooden-toys","11":"product_tag-kids-wood-toys","12":"product_tag-miniature-airplane","13":"product_tag-sustainable-toy","14":"product_tag-sustainable-wood-toy","15":"product_tag-wood-airplane","16":"product_tag-wooden-airplane","17":"product_tag-wooden-airplane-toy","18":"product_tag-wooden-toy","19":"product_tag-wooden-vehicle-toys","20":"product_shipping_class-small-package","22":"first","23":"instock","24":"sale","25":"taxable","26":"shipping-taxable","27":"purchasable","28":"product-type-simple"},"acf":[],"gallery_images":[57683,57684],"_links":{"self":[{"href":"https:\/\/www.padaworks.com\/pt\/wp-json\/wp\/v2\/product\/57681","targetHints":{"allow":["GET"]}}],"collection":[{"href":"https:\/\/www.padaworks.com\/pt\/wp-json\/wp\/v2\/product"}],"about":[{"href":"https:\/\/www.padaworks.com\/pt\/wp-json\/wp\/v2\/types\/product"}],"replies":[{"embeddable":true,"href":"https:\/\/www.padaworks.com\/pt\/wp-json\/wp\/v2\/comments?post=57681"}],"wp:featuredmedia":[{"embeddable":true,"href":"https:\/\/www.padaworks.com\/pt\/wp-json\/wp\/v2\/media\/57682"}],"wp:attachment":[{"href":"https:\/\/www.padaworks.com\/pt\/wp-json\/wp\/v2\/media?parent=57681"}],"wp:term":[{"taxonomy":"product_brand","embeddable":true,"href":"https:\/\/www.padaworks.com\/pt\/wp-json\/wp\/v2\/product_brand?post=57681"},{"taxonomy":"product_cat","embeddable":true,"href":"https:\/\/www.padaworks.com\/pt\/wp-json\/wp\/v2\/product_cat?post=57681"},{"taxonomy":"product_tag","embeddable":true,"href":"https:\/\/www.padaworks.com\/pt\/wp-json\/wp\/v2\/product_tag?post=57681"}],"curies":[{"name":"wp","href":"https:\/\/api.w.org\/{rel}","templated":true}]}}