{"id":57650,"date":"2022-10-09T22:45:05","date_gmt":"2022-10-09T22:45:05","guid":{"rendered":"https:\/\/www.padaworks.com\/product\/stone-gray-portuguese-rooster-40cm\/"},"modified":"2026-01-15T00:17:07","modified_gmt":"2026-01-15T00:17:07","slug":"galo-portugues-cinza-pedra-40-cm","status":"publish","type":"product","link":"https:\/\/www.padaworks.com\/pt\/product\/galo-portugues-cinza-pedra-40-cm\/","title":{"rendered":"Galo Portugu\u00eas Cinza Pedra - 40cm"},"content":{"rendered":"<p>Arte do Galo<br \/>Tamanho extra grande<\/p>\n<p>A figura do galo de Barcelos tem origem na interessante lenda popular que transporta Barcelos para a \u00e9poca medieval, e que conta a hist\u00f3ria de um peregrino a caminho de Santiago de Compostela, que foi milagrosamente salvo da forca, gra\u00e7as a Santiago, quando um galo cantou e se fez ouvir de forma surpreendente.<br \/>Foi a partir dos anos 50 e 60 que o galo de Barcelos se tornou um s\u00edmbolo do turismo nacional e um \u00edcone da identidade de uma na\u00e7\u00e3o.<\/p>\n<p>Com cores vivas, multifacetadas em tamanho e formas, um testemunho das diferen\u00e7as culturais e da variedade etnogr\u00e1fica de Portugal.<br \/>A imagem do galo de Barcelos \u00e9 universal e \u00e9 um s\u00edmbolo da identidade portuguesa presente em muitas partes do mundo, ultrapassando as fronteiras do concelho que lhe deu o nome.<\/p>\n<p>Feito \u00e0 m\u00e3o<br \/>Pintado \u00e0 m\u00e3o<br \/>Fabricado em Portugal<br \/>As dimens\u00f5es podem variar ligeiramente.<\/p>\n<p>Dimens\u00f5es:<br \/>C \u2013 24 cm, L \u2013 16 cm, A \u2013 39 cm<br \/>L \u2013 23,9 cm, L \u2013 16 cm, A \u2013 39 cm<\/p>","protected":false},"excerpt":{"rendered":"<p>Rooster ArtExtra Large Size The figure of the rooster of Barcelos comes from the interesting popular legend that transports Barcelos to medieval times, and which tells the story of a pilgrim on his way to Santiago de Compostela, who was miraculously saved from the gallows, thanks to Santiago, when a rooster crowed made itself heard [&hellip;]<\/p>","protected":false},"featured_media":57651,"comment_status":"open","ping_status":"open","template":"","meta":{"_acf_changed":false},"product_brand":[],"product_cat":[402,1549],"product_tag":[1341,550,580,545,549,543,546,1229,547,548,1670,1671,1673],"class_list":{"0":"post-57650","1":"product","2":"type-product","3":"status-publish","4":"has-post-thumbnail","6":"product_cat-pottery","7":"product_cat-roosters","8":"product_tag-ceramic-bisque","9":"product_tag-ceramic-figurine","10":"product_tag-ceramic-sculpture","11":"product_tag-good-luck-rooster","12":"product_tag-handmade-ceramics","13":"product_tag-handpainted-rooster","14":"product_tag-lucky-rooster","15":"product_tag-new-home-gift","16":"product_tag-rooster-decor","17":"product_tag-rooster-figurine","18":"product_tag-rooster-kitchen","19":"product_tag-rooster-statue","20":"product_tag-vintage-ceramics","22":"first","23":"instock","24":"sale","25":"taxable","26":"shipping-taxable","27":"purchasable","28":"product-type-simple"},"acf":[],"gallery_images":[57652,57653,57654,57655,57656],"_links":{"self":[{"href":"https:\/\/www.padaworks.com\/pt\/wp-json\/wp\/v2\/product\/57650","targetHints":{"allow":["GET"]}}],"collection":[{"href":"https:\/\/www.padaworks.com\/pt\/wp-json\/wp\/v2\/product"}],"about":[{"href":"https:\/\/www.padaworks.com\/pt\/wp-json\/wp\/v2\/types\/product"}],"replies":[{"embeddable":true,"href":"https:\/\/www.padaworks.com\/pt\/wp-json\/wp\/v2\/comments?post=57650"}],"wp:featuredmedia":[{"embeddable":true,"href":"https:\/\/www.padaworks.com\/pt\/wp-json\/wp\/v2\/media\/57651"}],"wp:attachment":[{"href":"https:\/\/www.padaworks.com\/pt\/wp-json\/wp\/v2\/media?parent=57650"}],"wp:term":[{"taxonomy":"product_brand","embeddable":true,"href":"https:\/\/www.padaworks.com\/pt\/wp-json\/wp\/v2\/product_brand?post=57650"},{"taxonomy":"product_cat","embeddable":true,"href":"https:\/\/www.padaworks.com\/pt\/wp-json\/wp\/v2\/product_cat?post=57650"},{"taxonomy":"product_tag","embeddable":true,"href":"https:\/\/www.padaworks.com\/pt\/wp-json\/wp\/v2\/product_tag?post=57650"}],"curies":[{"name":"wp","href":"https:\/\/api.w.org\/{rel}","templated":true}]}}