{"id":57639,"date":"2022-10-09T22:42:23","date_gmt":"2022-10-09T22:42:23","guid":{"rendered":"https:\/\/www.padaworks.com\/product\/mint-green-portuguese-rooster-40cm\/"},"modified":"2026-01-15T00:17:08","modified_gmt":"2026-01-15T00:17:08","slug":"galo-portugues-verde-menta-40cm","status":"publish","type":"product","link":"https:\/\/www.padaworks.com\/pt\/product\/galo-portugues-verde-menta-40cm\/","title":{"rendered":"Galo Portugu\u00eas Verde Hortel\u00e3 - 40cm"},"content":{"rendered":"<p>Galo de cer\u00e2mica extragrande<br \/>Galo Verde Hortel\u00e3<\/p>\n<p>A figura do galo de Barcelos tem origem na interessante lenda popular que transporta Barcelos para a \u00e9poca medieval, e que conta a hist\u00f3ria de um peregrino a caminho de Santiago de Compostela, que foi milagrosamente salvo da forca, gra\u00e7as a Santiago, quando um galo cantou e se fez ouvir de forma surpreendente.<br \/>It was from the 50s and 60s that the rooster of Barcelos became a symbol of national tourism and an icon of a nation&#39;s identity.<\/p>\n<p>With bright colors, multifaceted in size and shapes, a testament to Portugal&#39;s cultural differences and ethnographic variety.<br \/>A imagem do galo de Barcelos \u00e9 universal e \u00e9 um s\u00edmbolo da identidade portuguesa presente em muitas partes do mundo, ultrapassando as fronteiras do concelho que lhe deu o nome.<\/p>\n<p>Feito \u00e0 m\u00e3o<br \/>Pintado \u00e0 m\u00e3o<br \/>Fabricado em Portugal<br \/>As dimens\u00f5es podem variar ligeiramente.<\/p>\n<p>Dimens\u00f5es:<br \/>C \u2013 24 cm, L \u2013 16 cm, A \u2013 39 cm<br \/>L \u2013 23,9 cm, L \u2013 16 cm, A \u2013 39 cm<\/p>","protected":false},"excerpt":{"rendered":"<p>Extra Large Ceramic RoosterMint Green Rooster The figure of the rooster of Barcelos comes from the interesting popular legend that transports Barcelos to medieval times, and which tells the story of a pilgrim on his way to Santiago de Compostela, who was miraculously saved from the gallows, thanks to Santiago, when a rooster crowed made [&hellip;]<\/p>","protected":false},"featured_media":57640,"comment_status":"open","ping_status":"open","template":"","meta":{"_acf_changed":false},"product_brand":[],"product_cat":[402,1549],"product_tag":[550,580,1672,544,545,1668,549,573,546,547,1669,542,539],"class_list":{"0":"post-57639","1":"product","2":"type-product","3":"status-publish","4":"has-post-thumbnail","6":"product_cat-pottery","7":"product_cat-roosters","8":"product_tag-ceramic-figurine","9":"product_tag-ceramic-sculpture","10":"product_tag-farmhouse-rooster","11":"product_tag-gift-from-portugal","12":"product_tag-good-luck-rooster","13":"product_tag-hand-painted-ceramic","14":"product_tag-handmade-ceramics","15":"product_tag-housewarming-gift","16":"product_tag-lucky-rooster","17":"product_tag-rooster-decor","18":"product_tag-rooster-figurines","19":"product_tag-traditional-rooster","20":"product_tag-wedding-gift","21":"product_shipping_class-small-package","23":"first","24":"instock","25":"sale","26":"taxable","27":"shipping-taxable","28":"purchasable","29":"product-type-simple"},"acf":[],"gallery_images":[57641,57642,57643],"_links":{"self":[{"href":"https:\/\/www.padaworks.com\/pt\/wp-json\/wp\/v2\/product\/57639","targetHints":{"allow":["GET"]}}],"collection":[{"href":"https:\/\/www.padaworks.com\/pt\/wp-json\/wp\/v2\/product"}],"about":[{"href":"https:\/\/www.padaworks.com\/pt\/wp-json\/wp\/v2\/types\/product"}],"replies":[{"embeddable":true,"href":"https:\/\/www.padaworks.com\/pt\/wp-json\/wp\/v2\/comments?post=57639"}],"wp:featuredmedia":[{"embeddable":true,"href":"https:\/\/www.padaworks.com\/pt\/wp-json\/wp\/v2\/media\/57640"}],"wp:attachment":[{"href":"https:\/\/www.padaworks.com\/pt\/wp-json\/wp\/v2\/media?parent=57639"}],"wp:term":[{"taxonomy":"product_brand","embeddable":true,"href":"https:\/\/www.padaworks.com\/pt\/wp-json\/wp\/v2\/product_brand?post=57639"},{"taxonomy":"product_cat","embeddable":true,"href":"https:\/\/www.padaworks.com\/pt\/wp-json\/wp\/v2\/product_cat?post=57639"},{"taxonomy":"product_tag","embeddable":true,"href":"https:\/\/www.padaworks.com\/pt\/wp-json\/wp\/v2\/product_tag?post=57639"}],"curies":[{"name":"wp","href":"https:\/\/api.w.org\/{rel}","templated":true}]}}