{"id":57465,"date":"2022-10-09T21:34:33","date_gmt":"2022-10-09T21:34:33","guid":{"rendered":"https:\/\/www.padaworks.com\/product\/magazine-holder-newspaper-rack-magazine-rack-storage-basket-book-basket-boho-decor-wood-magazine-holder-farmhouse-living-room\/"},"modified":"2026-03-06T10:05:04","modified_gmt":"2026-03-06T10:05:04","slug":"porta-revistas-de-vime-com-pequenos-quadrados","status":"publish","type":"product","link":"https:\/\/www.padaworks.com\/pt\/product\/porta-revistas-de-vime-com-pequenos-quadrados\/","title":{"rendered":"Porta-revistas de vime - Com quadrados pequenos"},"content":{"rendered":"<p>Porta-revistas<\/p>\n<p>Este porta-revistas \u00e9 totalmente feito \u00e0 m\u00e3o, com um design vintage que pode facilmente adicionar \u00e0 decora\u00e7\u00e3o da sua casa.<br \/>Tem duas divis\u00f5es onde pode colocar os seus jornais e revistas.<\/p>\n<p>Dimens\u00f5es:<br \/>C \u2013 32 cm, L \u2013 31 cm, A \u2013 45 cm<br \/>L \u2013 32 cm, L \u2013 31 cm, A \u2013 45 cm<\/p>\n<p>As dimens\u00f5es podem variar ligeiramente.<\/p>","protected":false},"excerpt":{"rendered":"<p>Magazine Holder This magazine holder is full handmade, with one vintage design that you can easily add in your home decor.It has two divisions where you can put your newspapers and magazines. Dimensions:L &#8211; 32 cm, W &#8211; 31 cm, H &#8211; 45 cmL &#8211; 12,6 in, W &#8211; 12,2 in, H &#8211; 17,7 in [&hellip;]<\/p>","protected":false},"featured_media":57466,"comment_status":"open","ping_status":"closed","template":"","meta":{"_acf_changed":false},"product_brand":[],"product_cat":[2721],"product_tag":[674,321,676,677,672,675,673,671,678,679,572,316,1660],"class_list":{"0":"post-57465","1":"product","2":"type-product","3":"status-publish","4":"has-post-thumbnail","6":"product_cat-decorative","7":"product_tag-book-holder","8":"product_tag-book-rack","9":"product_tag-farmhouse-basket","10":"product_tag-living-room-decor","11":"product_tag-magazine-basket","12":"product_tag-magazine-storage","13":"product_tag-newspaper-basket","14":"product_tag-newspaper-holder","15":"product_tag-office-decor","16":"product_tag-vintage-basket","17":"product_tag-vintage-decor","18":"product_tag-wicker-rack","19":"product_tag-wood-magazine-rack","20":"product_shipping_class-small-package","22":"first","23":"instock","24":"taxable","25":"shipping-taxable","26":"purchasable","27":"product-type-simple"},"acf":[],"gallery_images":[57467,57468,57469,57470,57471,57472,57473,57474,57475],"_links":{"self":[{"href":"https:\/\/www.padaworks.com\/pt\/wp-json\/wp\/v2\/product\/57465","targetHints":{"allow":["GET"]}}],"collection":[{"href":"https:\/\/www.padaworks.com\/pt\/wp-json\/wp\/v2\/product"}],"about":[{"href":"https:\/\/www.padaworks.com\/pt\/wp-json\/wp\/v2\/types\/product"}],"replies":[{"embeddable":true,"href":"https:\/\/www.padaworks.com\/pt\/wp-json\/wp\/v2\/comments?post=57465"}],"wp:featuredmedia":[{"embeddable":true,"href":"https:\/\/www.padaworks.com\/pt\/wp-json\/wp\/v2\/media\/57466"}],"wp:attachment":[{"href":"https:\/\/www.padaworks.com\/pt\/wp-json\/wp\/v2\/media?parent=57465"}],"wp:term":[{"taxonomy":"product_brand","embeddable":true,"href":"https:\/\/www.padaworks.com\/pt\/wp-json\/wp\/v2\/product_brand?post=57465"},{"taxonomy":"product_cat","embeddable":true,"href":"https:\/\/www.padaworks.com\/pt\/wp-json\/wp\/v2\/product_cat?post=57465"},{"taxonomy":"product_tag","embeddable":true,"href":"https:\/\/www.padaworks.com\/pt\/wp-json\/wp\/v2\/product_tag?post=57465"}],"curies":[{"name":"wp","href":"https:\/\/api.w.org\/{rel}","templated":true}]}}