{"id":57371,"date":"2022-10-09T21:08:55","date_gmt":"2022-10-09T21:08:55","guid":{"rendered":"https:\/\/www.padaworks.com\/product\/vintage-ceramic-olives-plate\/"},"modified":"2026-04-18T10:23:00","modified_gmt":"2026-04-18T10:23:00","slug":"prato-vintage-de-ceramica-para-azeitonas","status":"publish","type":"product","link":"https:\/\/www.padaworks.com\/pt\/product\/prato-vintage-de-ceramica-para-azeitonas\/","title":{"rendered":"Prato de cer\u00e2mica vintage com azeitonas"},"content":{"rendered":"<p>Prato de azeitona<\/p>\n<p>Este produto \u00e9 fabricado e pintado \u00e0 m\u00e3o<\/p>\n<p>Feito \u00e0 m\u00e3o<br \/>Fabricado em Portugal<\/p>\n<p>Dimens\u00f5es:<br \/>C - 15 cm, L - 12 cm, A - 4 cm<br \/>C - 5,9 pol., L - 4,7 pol., A - 1,6 pol.<\/p>\n<p>As dimens\u00f5es e as ilustra\u00e7\u00f5es podem variar ligeiramente.<\/p>","protected":false},"excerpt":{"rendered":"<p>Prato de azeitona Este produto \u00e9 feito e pintado \u00e0 m\u00e3o Feito \u00e0 m\u00e3o Artesanalmente Fabricado em Portugal Dimens\u00f5es:C - 15 cm, L - 12 cm, A - 4 cmC - 5,9 pol., L - 4,7 pol., A - 1,6 pol. As dimens\u00f5es e ilustra\u00e7\u00f5es podem variar ligeiramente.<\/p>","protected":false},"featured_media":57372,"comment_status":"open","ping_status":"closed","template":"","meta":{"_acf_changed":false},"product_brand":[],"product_cat":[1767],"product_tag":[495,1648,1621,1642,1647,1643,1622,1644,1645,1632,1646,1641,1631],"class_list":{"0":"post-57371","1":"product","2":"type-product","3":"status-publish","4":"has-post-thumbnail","6":"product_cat-kitchenware","7":"product_tag-ceramic-art","8":"product_tag-ceramic-bowl","9":"product_tag-ceramic-dinnerware","10":"product_tag-ceramic-dish","11":"product_tag-ceramic-dishes","12":"product_tag-ceramic-platter","13":"product_tag-ceramic-pottery","14":"product_tag-ceramic-ring-dish","15":"product_tag-green-dinner-plates","16":"product_tag-serving-plates","17":"product_tag-small-plates","18":"product_tag-stoneware-plates","19":"product_tag-tapas-plate","20":"product_shipping_class-small-package","22":"first","23":"instock","24":"sale","25":"taxable","26":"shipping-taxable","27":"purchasable","28":"product-type-simple"},"acf":[],"gallery_images":[57373,57374,57375,57376,57377,57378,57379,57380,57381],"_links":{"self":[{"href":"https:\/\/www.padaworks.com\/pt\/wp-json\/wp\/v2\/product\/57371","targetHints":{"allow":["GET"]}}],"collection":[{"href":"https:\/\/www.padaworks.com\/pt\/wp-json\/wp\/v2\/product"}],"about":[{"href":"https:\/\/www.padaworks.com\/pt\/wp-json\/wp\/v2\/types\/product"}],"replies":[{"embeddable":true,"href":"https:\/\/www.padaworks.com\/pt\/wp-json\/wp\/v2\/comments?post=57371"}],"wp:featuredmedia":[{"embeddable":true,"href":"https:\/\/www.padaworks.com\/pt\/wp-json\/wp\/v2\/media\/57372"}],"wp:attachment":[{"href":"https:\/\/www.padaworks.com\/pt\/wp-json\/wp\/v2\/media?parent=57371"}],"wp:term":[{"taxonomy":"product_brand","embeddable":true,"href":"https:\/\/www.padaworks.com\/pt\/wp-json\/wp\/v2\/product_brand?post=57371"},{"taxonomy":"product_cat","embeddable":true,"href":"https:\/\/www.padaworks.com\/pt\/wp-json\/wp\/v2\/product_cat?post=57371"},{"taxonomy":"product_tag","embeddable":true,"href":"https:\/\/www.padaworks.com\/pt\/wp-json\/wp\/v2\/product_tag?post=57371"}],"curies":[{"name":"wp","href":"https:\/\/api.w.org\/{rel}","templated":true}]}}