{"id":57363,"date":"2022-10-09T21:07:26","date_gmt":"2022-10-09T21:07:26","guid":{"rendered":"https:\/\/www.padaworks.com\/product\/vintage-ceramic-bowl-fruit-design\/"},"modified":"2026-02-12T11:48:24","modified_gmt":"2026-02-12T11:48:24","slug":"taca-de-ceramica-vintage-design-de-fruta","status":"publish","type":"product","link":"https:\/\/www.padaworks.com\/pt\/product\/taca-de-ceramica-vintage-design-de-fruta\/","title":{"rendered":"Ta\u00e7a de cer\u00e2mica vintage com desenho de fruta"},"content":{"rendered":"<p>Ta\u00e7a de cer\u00e2mica vintage<\/p>\n<p>Este produto \u00e9 fabricado e pintado \u00e0 m\u00e3o<\/p>\n<p>Feito \u00e0 m\u00e3o<br \/>Fabricado em Portugal<\/p>\n<p>Dimens\u00f5es:<br \/>\u00d8 - 15 cm, H - 9 cm<br \/>\u00d8 - 5,9 in, H - 3,5 in<\/p>\n<p>As dimens\u00f5es e as ilustra\u00e7\u00f5es podem variar ligeiramente.<\/p>","protected":false},"excerpt":{"rendered":"<p>Vintage Ceramic Bowl This product is made and painted by hand Artisan MadeMade in Portugal Dimensions:\u00d8 &#8211; 15 cm, H &#8211; 9 cm\u00d8 &#8211; 5,9 in, H &#8211; 3,5 in The dimensions and illustrations may vary slightly.<\/p>","protected":false},"featured_media":57364,"comment_status":"open","ping_status":"closed","template":"","meta":{"_acf_changed":false},"product_brand":[],"product_cat":[402,1767,2719],"product_tag":[1621,1622,1637,1638,253,1633,1640,1634,1632,1639,1636,1635,1631],"class_list":{"0":"post-57363","1":"product","2":"type-product","3":"status-publish","4":"has-post-thumbnail","6":"product_cat-pottery","7":"product_cat-kitchenware","8":"product_cat-special-offers","9":"product_tag-ceramic-dinnerware","10":"product_tag-ceramic-pottery","11":"product_tag-cereal-bowl","12":"product_tag-clay-bowl","13":"product_tag-fruit-bowl","14":"product_tag-pottery-bowl","15":"product_tag-rice-bowl","16":"product_tag-serving-bowl","17":"product_tag-serving-plates","18":"product_tag-small-ceramic-bowl","19":"product_tag-soup-bowl","20":"product_tag-stoneware-bowl","21":"product_tag-tapas-plate","22":"product_shipping_class-small-package","24":"first","25":"instock","26":"sale","27":"taxable","28":"shipping-taxable","29":"purchasable","30":"product-type-simple"},"acf":[],"gallery_images":[57365,57366,57367,57368,57369,57370],"_links":{"self":[{"href":"https:\/\/www.padaworks.com\/pt\/wp-json\/wp\/v2\/product\/57363","targetHints":{"allow":["GET"]}}],"collection":[{"href":"https:\/\/www.padaworks.com\/pt\/wp-json\/wp\/v2\/product"}],"about":[{"href":"https:\/\/www.padaworks.com\/pt\/wp-json\/wp\/v2\/types\/product"}],"replies":[{"embeddable":true,"href":"https:\/\/www.padaworks.com\/pt\/wp-json\/wp\/v2\/comments?post=57363"}],"wp:featuredmedia":[{"embeddable":true,"href":"https:\/\/www.padaworks.com\/pt\/wp-json\/wp\/v2\/media\/57364"}],"wp:attachment":[{"href":"https:\/\/www.padaworks.com\/pt\/wp-json\/wp\/v2\/media?parent=57363"}],"wp:term":[{"taxonomy":"product_brand","embeddable":true,"href":"https:\/\/www.padaworks.com\/pt\/wp-json\/wp\/v2\/product_brand?post=57363"},{"taxonomy":"product_cat","embeddable":true,"href":"https:\/\/www.padaworks.com\/pt\/wp-json\/wp\/v2\/product_cat?post=57363"},{"taxonomy":"product_tag","embeddable":true,"href":"https:\/\/www.padaworks.com\/pt\/wp-json\/wp\/v2\/product_tag?post=57363"}],"curies":[{"name":"wp","href":"https:\/\/api.w.org\/{rel}","templated":true}]}}