{"id":57352,"date":"2022-10-09T21:05:49","date_gmt":"2022-10-09T21:05:49","guid":{"rendered":"https:\/\/www.padaworks.com\/product\/vintage-salt-cellar-fruit-design\/"},"modified":"2026-03-03T22:30:42","modified_gmt":"2026-03-03T22:30:42","slug":"saleiro-vintage-com-desenho-de-frutas","status":"publish","type":"product","link":"https:\/\/www.padaworks.com\/pt\/product\/saleiro-vintage-com-desenho-de-frutas\/","title":{"rendered":"Fruta de saleiro vintage Desenho"},"content":{"rendered":"<p>Salgueiro Vintage em Cer\u00e2mica<\/p>\n<p>Este produto \u00e9 fabricado e pintado \u00e0 m\u00e3o<\/p>\n<p>Feito \u00e0 m\u00e3o<br \/>Fabricado em Portugal<\/p>\n<p>Dimens\u00f5es:<br \/>PEQUENO<br \/>C \u2013 17 cm, L \u2013 8 cm, A \u2013 17 cm<br \/>C \u2013 17 cm, L \u2013 7,9 cm, A \u2013 17 cm<\/p>\n<p>GRANDE<br \/>C \u2013 20 cm, L \u2013 11 cm, A \u2013 20 cm<br \/>L \u2013 20 cm, L \u2013 11 cm, A \u2013 20 cm<\/p>\n<p>As dimens\u00f5es e as ilustra\u00e7\u00f5es podem variar ligeiramente.<\/p>","protected":false},"excerpt":{"rendered":"<p>Ceramic Vintage Salt Cellar This product is made and painted by hand Artisan MadeMade in Portugal Dimensions:SMALLL &#8211; 17 cm, W &#8211; 8 cm, H &#8211; 17 cmL &#8211; 6,7 in, W &#8211; 3,1 in, H &#8211; 6,7 in LARGEL &#8211; 20 cm, W &#8211; 11 cm, H &#8211; 20 cmL &#8211; 7,9 in, W [&hellip;]<\/p>","protected":false},"featured_media":57353,"comment_status":"open","ping_status":"open","template":"","meta":{"_acf_changed":false},"product_brand":[],"product_cat":[402,1767],"product_tag":[1621,1622,1625,1001,479,1630,1627,1623,1629,1626,1624,1628,1124],"class_list":{"0":"post-57352","1":"product","2":"type-product","3":"status-publish","4":"has-post-thumbnail","6":"product_cat-pottery","7":"product_cat-kitchenware","8":"product_tag-ceramic-dinnerware","9":"product_tag-ceramic-pottery","10":"product_tag-ceramic-salt-cellar","11":"product_tag-farmhouse-kitchen","12":"product_tag-gift-for-her","13":"product_tag-salt-bowl","14":"product_tag-salt-box","15":"product_tag-salt-cellar","16":"product_tag-salt-cellar-with-lid","17":"product_tag-salt-keeper","18":"product_tag-salt-pig","19":"product_tag-salt-pinch-pot","20":"product_tag-vintage-ceramic","21":"product_shipping_class-small-package","23":"first","24":"instock","25":"taxable","26":"shipping-taxable","27":"purchasable","28":"product-type-variable","29":"has-default-attributes","30":"wvs-archive-product-wrapper"},"acf":[],"gallery_images":[57354,57355,57356,57357,57358,57359,57360,57361,57362,64478],"_links":{"self":[{"href":"https:\/\/www.padaworks.com\/pt\/wp-json\/wp\/v2\/product\/57352","targetHints":{"allow":["GET"]}}],"collection":[{"href":"https:\/\/www.padaworks.com\/pt\/wp-json\/wp\/v2\/product"}],"about":[{"href":"https:\/\/www.padaworks.com\/pt\/wp-json\/wp\/v2\/types\/product"}],"replies":[{"embeddable":true,"href":"https:\/\/www.padaworks.com\/pt\/wp-json\/wp\/v2\/comments?post=57352"}],"wp:featuredmedia":[{"embeddable":true,"href":"https:\/\/www.padaworks.com\/pt\/wp-json\/wp\/v2\/media\/57353"}],"wp:attachment":[{"href":"https:\/\/www.padaworks.com\/pt\/wp-json\/wp\/v2\/media?parent=57352"}],"wp:term":[{"taxonomy":"product_brand","embeddable":true,"href":"https:\/\/www.padaworks.com\/pt\/wp-json\/wp\/v2\/product_brand?post=57352"},{"taxonomy":"product_cat","embeddable":true,"href":"https:\/\/www.padaworks.com\/pt\/wp-json\/wp\/v2\/product_cat?post=57352"},{"taxonomy":"product_tag","embeddable":true,"href":"https:\/\/www.padaworks.com\/pt\/wp-json\/wp\/v2\/product_tag?post=57352"}],"curies":[{"name":"wp","href":"https:\/\/api.w.org\/{rel}","templated":true}]}}