{"id":57314,"date":"2022-10-09T21:00:38","date_gmt":"2022-10-09T21:00:38","guid":{"rendered":"https:\/\/www.padaworks.com\/product\/ceramic-sardines-hand-painted\/"},"modified":"2026-03-18T12:08:58","modified_gmt":"2026-03-18T12:08:58","slug":"sardinhas-em-ceramica-pintadas-a-mao","status":"publish","type":"product","link":"https:\/\/www.padaworks.com\/pt\/product\/sardinhas-em-ceramica-pintadas-a-mao\/","title":{"rendered":"Sardinhas em cer\u00e2mica pintadas \u00e0 m\u00e3o"},"content":{"rendered":"<p>Peixe de cer\u00e2mica pintado \u00e0 m\u00e3o<\/p>\n<p>Peixes de cer\u00e2mica feitos e pintados \u00e0 m\u00e3o.<br \/>\nT\u00eam uma abertura na parte de tr\u00e1s para serem pendurados na parede.<\/p>\n<p>Feito \u00e0 m\u00e3o<br \/>\nFabricado em Portugal<\/p>\n<p>Dimens\u00f5es:<br \/>\nC - 18 cm, L - 2,5 cm, A - 4 cm<br \/>\nC - 7,1 pol., L - 1,0 pol., A - 1,6 pol.<\/p>\n<p>As dimens\u00f5es e as ilustra\u00e7\u00f5es podem variar ligeiramente.<\/p>","protected":false},"excerpt":{"rendered":"<p>Ceramic Fish Hand Painted Ceramic fishs made and painted by hand. They have an opening on the back to hang on the wall. Artisan Made Made in Portugal Dimensions: L \u2013 18 cm, W \u2013 2,5 cm, H \u2013 4 cm L \u2013 7,1 in, W \u2013 1,0 in, H \u2013 1,6 in The dimensions [&hellip;]<\/p>","protected":false},"featured_media":57315,"comment_status":"open","ping_status":"closed","template":"","meta":{"_acf_changed":false},"product_brand":[],"product_cat":[402,1551],"product_tag":[495,1618,395,1008,494,490,1619,396,544,1466,493,488,491],"class_list":{"0":"post-57314","1":"product","2":"type-product","3":"status-publish","4":"has-post-thumbnail","6":"product_cat-pottery","7":"product_cat-fishes","8":"product_tag-ceramic-art","9":"product_tag-ceramic-fish-decor","10":"product_tag-ceramic-painted","11":"product_tag-ceramic-wall-art","12":"product_tag-ceramic-wall-hanging","13":"product_tag-fish-ceramic-painted","14":"product_tag-fish-wall-art","15":"product_tag-fish-wall-hanging","16":"product_tag-gift-from-portugal","17":"product_tag-handmade-ceramic","18":"product_tag-outdoor-wall-decor","19":"product_tag-portuguese-sardine","20":"product_tag-sardine-wall-hanging","21":"product_shipping_class-small-package","23":"first","24":"instock","25":"taxable","26":"shipping-taxable","27":"purchasable","28":"product-type-variable","29":"has-default-attributes","30":"wvs-archive-product-wrapper"},"acf":[],"gallery_images":[57316,57317,57318,57319,57320,57321,57322,57323,57324],"_links":{"self":[{"href":"https:\/\/www.padaworks.com\/pt\/wp-json\/wp\/v2\/product\/57314","targetHints":{"allow":["GET"]}}],"collection":[{"href":"https:\/\/www.padaworks.com\/pt\/wp-json\/wp\/v2\/product"}],"about":[{"href":"https:\/\/www.padaworks.com\/pt\/wp-json\/wp\/v2\/types\/product"}],"replies":[{"embeddable":true,"href":"https:\/\/www.padaworks.com\/pt\/wp-json\/wp\/v2\/comments?post=57314"}],"wp:featuredmedia":[{"embeddable":true,"href":"https:\/\/www.padaworks.com\/pt\/wp-json\/wp\/v2\/media\/57315"}],"wp:attachment":[{"href":"https:\/\/www.padaworks.com\/pt\/wp-json\/wp\/v2\/media?parent=57314"}],"wp:term":[{"taxonomy":"product_brand","embeddable":true,"href":"https:\/\/www.padaworks.com\/pt\/wp-json\/wp\/v2\/product_brand?post=57314"},{"taxonomy":"product_cat","embeddable":true,"href":"https:\/\/www.padaworks.com\/pt\/wp-json\/wp\/v2\/product_cat?post=57314"},{"taxonomy":"product_tag","embeddable":true,"href":"https:\/\/www.padaworks.com\/pt\/wp-json\/wp\/v2\/product_tag?post=57314"}],"curies":[{"name":"wp","href":"https:\/\/api.w.org\/{rel}","templated":true}]}}