{"id":57306,"date":"1970-01-01T00:00:00","date_gmt":"1970-01-01T00:00:00","guid":{"rendered":"https:\/\/www.padaworks.com\/product\/firewood-basket-with-handle1\/"},"modified":"2026-04-21T18:56:23","modified_gmt":"2026-04-21T18:56:23","slug":"cesto-para-lenha-com-pega1","status":"publish","type":"product","link":"https:\/\/www.padaworks.com\/pt\/product\/cesto-para-lenha-com-pega1\/","title":{"rendered":"Cesto de lenha com pega"},"content":{"rendered":"<p>Cesto de lenha redondo<\/p>\n<p>Feito \u00e0 m\u00e3o<br \/>Fabricado em Portugal<\/p>\n<p>- Interior forrado com pano de saco para evitar a liberta\u00e7\u00e3o de sujidade<br \/>- Cesto para troncos em vime natural<br \/>- Pega de transporte para facilitar o transporte<br \/>- Perfeito para transportar e armazenar troncos no interior<br \/>- F\u00e1cil de limpar<br \/>- Decora\u00e7\u00e3o perfeita para a casa<br \/>- Amigo do ambiente<\/p>\n<p>Dimens\u00f5es:<\/p>\n<p>Pequeno:<br \/>Diam - 42cm, H - 37cm<br \/>Diam - 16,5in, H - 14,6in<\/p>\n<p>M\u00e9dio:<br \/>Diam - 47cm, H - 38cm<br \/>Diam - 18,5in, H - 15in<\/p>\n<p>Grande:<br \/>Diam - 52cm, H - 39cm<br \/>Diam - 20,5in, H - 15,4in<\/p>\n<p>Pode existir um erro de 1 - 2 cm devido \u00e0 produ\u00e7\u00e3o manual<\/p>","protected":false},"excerpt":{"rendered":"<p>Round Firewood Basket Artisan MadeMade In Portugal &#8211; Interior lined with sackcloth to prevent the release of dirt&#8211; Natural wicker log basket&#8211; Carry handle for ease of transportation&#8211; Perfect to transport and store logs indoors&#8211; Easy to wipe clean&#8211; Perfect decoration for Home&#8211; Eco friendly Dimensions: Small:Diam &#8211; 42cm, H &#8211; 37cmDiam &#8211; 16,5in, H [&hellip;]<\/p>","protected":false},"featured_media":57307,"comment_status":"open","ping_status":"closed","template":"","meta":{"_acf_changed":false},"product_brand":[],"product_cat":[137],"product_tag":[994,1182,524,1181,1614,319,532,537,530,533,534,1541,1538,312,439,1581,536,538],"class_list":{"0":"post-57306","1":"product","2":"type-product","3":"status-publish","4":"has-post-thumbnail","6":"product_cat-firewood-baskets","7":"product_tag-basket-for-firewood","8":"product_tag-basket-with-handle","9":"product_tag-basket-with-lid","10":"product_tag-carrying-firewood","11":"product_tag-decor-basket","12":"product_tag-farmhouse-decor","13":"product_tag-fireplace-basket","14":"product_tag-fireplace-decor","15":"product_tag-firewood-basket","16":"product_tag-firewood-holder","17":"product_tag-firewood-rack","18":"product_tag-handwoven-basket","19":"product_tag-large-wicker-basket","20":"product_tag-storage-basket","21":"product_tag-wicker-basket","22":"product_tag-wood-storage","23":"product_tag-wooden-basket","24":"product_tag-woven-basket","25":"product_shipping_class-large-package","27":"first","28":"instock","29":"taxable","30":"shipping-taxable","31":"purchasable","32":"product-type-simple"},"acf":[],"gallery_images":[57308,57309,57310,57311,57312,57313],"_links":{"self":[{"href":"https:\/\/www.padaworks.com\/pt\/wp-json\/wp\/v2\/product\/57306","targetHints":{"allow":["GET"]}}],"collection":[{"href":"https:\/\/www.padaworks.com\/pt\/wp-json\/wp\/v2\/product"}],"about":[{"href":"https:\/\/www.padaworks.com\/pt\/wp-json\/wp\/v2\/types\/product"}],"replies":[{"embeddable":true,"href":"https:\/\/www.padaworks.com\/pt\/wp-json\/wp\/v2\/comments?post=57306"}],"wp:featuredmedia":[{"embeddable":true,"href":"https:\/\/www.padaworks.com\/pt\/wp-json\/wp\/v2\/media\/57307"}],"wp:attachment":[{"href":"https:\/\/www.padaworks.com\/pt\/wp-json\/wp\/v2\/media?parent=57306"}],"wp:term":[{"taxonomy":"product_brand","embeddable":true,"href":"https:\/\/www.padaworks.com\/pt\/wp-json\/wp\/v2\/product_brand?post=57306"},{"taxonomy":"product_cat","embeddable":true,"href":"https:\/\/www.padaworks.com\/pt\/wp-json\/wp\/v2\/product_cat?post=57306"},{"taxonomy":"product_tag","embeddable":true,"href":"https:\/\/www.padaworks.com\/pt\/wp-json\/wp\/v2\/product_tag?post=57306"}],"curies":[{"name":"wp","href":"https:\/\/api.w.org\/{rel}","templated":true}]}}