{"id":57286,"date":"1970-01-01T00:00:00","date_gmt":"1970-01-01T00:00:00","guid":{"rendered":"https:\/\/www.padaworks.com\/product\/wicker-picnic-basket-rectangular-cream-large-2\/"},"modified":"2026-04-21T14:47:47","modified_gmt":"2026-04-21T14:47:47","slug":"cesto-de-piquenique-de-vime-retangular-creme-grande-2","status":"publish","type":"product","link":"https:\/\/www.padaworks.com\/pt\/product\/cesto-de-piquenique-de-vime-retangular-creme-grande-2\/","title":{"rendered":"Cesto de piquenique em vime - Retangular Creme - Grande"},"content":{"rendered":"<p>Cesto de piquenique<\/p>\n<p>Perfeito para um piquenique com a fam\u00edlia e os amigos.<br \/>Pr\u00e1tico para transportar alimentos para a praia, jardins ou campo.<br \/>\u00c9 um produto totalmente feito \u00e0 m\u00e3o, amigo do ambiente e sustent\u00e1vel!<\/p>\n<p>Com forro no interior, 100% Algod\u00e3o<br \/>Feito \u00e0 m\u00e3o<br \/>Fabricado em Portugal <\/p>\n<p>Dimens\u00f5es:<br \/>Pequeno<br \/>C - 37 cm, L - 26 cm, A - 18 cm, A com pega - 28 cm<br \/>C - 14,6 pol., L - 10,2 pol., A - 7,1 pol., A com pega - 11,0 pol.<\/p>\n<p>As dimens\u00f5es podem variar ligeiramente<\/p>","protected":false},"excerpt":{"rendered":"<p>Picnic Basket Perfect for a picnic with family and friends.Practical for transporting food to the beach, gardens or countryside.It is an all handmade product, environmentally friendly and sustainable! With lining inside, 100% CottonArtisan MadeMade in Portugal Dimensions:SmallL &#8211; 37 cm, W &#8211; 26 cm, H &#8211; 18 cm, H with handle &#8211; 28 cmL &#8211; [&hellip;]<\/p>","protected":false},"featured_media":57287,"comment_status":"open","ping_status":"open","template":"","meta":{"_acf_changed":false},"product_brand":[],"product_cat":[448],"product_tag":[524,653,652,654,309,443,445,1541,522,1538,336,523,437,520,1540,1539,679,440,521],"class_list":{"0":"post-57286","1":"product","2":"type-product","3":"status-publish","4":"has-post-thumbnail","6":"product_cat-picnic","7":"product_tag-basket-with-lid","8":"product_tag-classic-basket","9":"product_tag-cute-picnic-basket","10":"product_tag-easter-basket","11":"product_tag-fruit-basket","12":"product_tag-gathering-basket","13":"product_tag-gift-basket","14":"product_tag-handwoven-basket","15":"product_tag-large-picnic-basket","16":"product_tag-large-wicker-basket","17":"product_tag-picnic-basket","18":"product_tag-picnic-basket-for-4","19":"product_tag-picnic-basket-set","20":"product_tag-picnic-baskets","21":"product_tag-picnic-storage-basket","22":"product_tag-pie-basket","23":"product_tag-vintage-basket","24":"product_tag-vintage-picnic","25":"product_tag-wicker-picnic-basket","26":"product_shipping_class-large-package","28":"first","29":"instock","30":"taxable","31":"shipping-taxable","32":"purchasable","33":"product-type-simple"},"acf":[],"gallery_images":[57288,57289,57290,57291,57292,57293,57294,57295,57296],"_links":{"self":[{"href":"https:\/\/www.padaworks.com\/pt\/wp-json\/wp\/v2\/product\/57286","targetHints":{"allow":["GET"]}}],"collection":[{"href":"https:\/\/www.padaworks.com\/pt\/wp-json\/wp\/v2\/product"}],"about":[{"href":"https:\/\/www.padaworks.com\/pt\/wp-json\/wp\/v2\/types\/product"}],"replies":[{"embeddable":true,"href":"https:\/\/www.padaworks.com\/pt\/wp-json\/wp\/v2\/comments?post=57286"}],"wp:featuredmedia":[{"embeddable":true,"href":"https:\/\/www.padaworks.com\/pt\/wp-json\/wp\/v2\/media\/57287"}],"wp:attachment":[{"href":"https:\/\/www.padaworks.com\/pt\/wp-json\/wp\/v2\/media?parent=57286"}],"wp:term":[{"taxonomy":"product_brand","embeddable":true,"href":"https:\/\/www.padaworks.com\/pt\/wp-json\/wp\/v2\/product_brand?post=57286"},{"taxonomy":"product_cat","embeddable":true,"href":"https:\/\/www.padaworks.com\/pt\/wp-json\/wp\/v2\/product_cat?post=57286"},{"taxonomy":"product_tag","embeddable":true,"href":"https:\/\/www.padaworks.com\/pt\/wp-json\/wp\/v2\/product_tag?post=57286"}],"curies":[{"name":"wp","href":"https:\/\/api.w.org\/{rel}","templated":true}]}}