{"id":57279,"date":"2022-09-22T14:20:08","date_gmt":"2022-09-22T14:20:08","guid":{"rendered":"https:\/\/www.padaworks.com\/product\/classic-bird-cage-brown\/"},"modified":"2025-11-19T09:26:07","modified_gmt":"2025-11-19T09:26:07","slug":"gaiola-classica-para-passaros-castanha","status":"publish","type":"product","link":"https:\/\/www.padaworks.com\/pt\/product\/gaiola-classica-para-passaros-castanha\/","title":{"rendered":"Gaiola cl\u00e1ssica para p\u00e1ssaros - castanha"},"content":{"rendered":"<p>Gaiola cl\u00e1ssica para p\u00e1ssaros - castanha<\/p>\n<p>Esta gaiola \u00e9 toda feita \u00e0 m\u00e3o com madeira reutilizada.<br \/>Esta madeira \u00e9 recolhida nos centros de res\u00edduos e transformada nesta bela gaiola.<br \/>Inclu\u00eda dois comedouros.<\/p>\n<p>Dimens\u00f5es:<br \/>C - 37 cm, L - 28 cm, A - 44 cm<br \/>C - 14,6 pol., L - 11,0 pol., A - 17,3 pol.<\/p>\n<p>Materiais:<br \/>Madeira e arame galvanizado<\/p>\n<p>As dimens\u00f5es podem variar ligeiramente.<\/p>","protected":false},"excerpt":{"rendered":"<p>Classic Bird Cage &#8211; Brown This cage is all handmade with reused wood.This wood is collected from waste centers and transformed into this beautiful cage.Included two feeders. Dimensions:L &#8211; 37 cm, W &#8211; 28 cm, H &#8211; 44 cmL &#8211; 14,6 in, W &#8211; 11,0 in, H &#8211; 17,3 in Materials:Wood and Galvanized Wire The [&hellip;]<\/p>","protected":false},"featured_media":57280,"comment_status":"open","ping_status":"open","template":"","meta":{"_acf_changed":false},"product_brand":[],"product_cat":[509,132],"product_tag":[570,497,507,755,1110,498,1070,504,1068,571,1542,1178,503,1449,977,505,1072,499],"class_list":{"0":"post-57279","1":"product","2":"type-product","3":"status-publish","4":"has-post-thumbnail","6":"product_cat-pet-supplies","7":"product_cat-bird-cages","8":"product_tag-antique-bird-cage","9":"product_tag-bird-cage","10":"product_tag-bird-cage-decor","11":"product_tag-bird-cage-wooden","12":"product_tag-bird-cages-for-birds","13":"product_tag-bird-home","14":"product_tag-bird-house","15":"product_tag-budgie-cage","16":"product_tag-canary-cage","17":"product_tag-decorative-bird-cage","18":"product_tag-eco-friendly-cage","19":"product_tag-handmade-cage","20":"product_tag-parakeet-cage","21":"product_tag-personalized-cage","22":"product_tag-silvestrism-cage","23":"product_tag-vintage-bird-cage","24":"product_tag-wooden-aviary","25":"product_tag-wooden-bird-cage","26":"product_shipping_class-large-package","28":"first","29":"instock","30":"taxable","31":"shipping-taxable","32":"purchasable","33":"product-type-simple"},"acf":[],"gallery_images":[57281,57282,57283,57284,57285],"_links":{"self":[{"href":"https:\/\/www.padaworks.com\/pt\/wp-json\/wp\/v2\/product\/57279","targetHints":{"allow":["GET"]}}],"collection":[{"href":"https:\/\/www.padaworks.com\/pt\/wp-json\/wp\/v2\/product"}],"about":[{"href":"https:\/\/www.padaworks.com\/pt\/wp-json\/wp\/v2\/types\/product"}],"replies":[{"embeddable":true,"href":"https:\/\/www.padaworks.com\/pt\/wp-json\/wp\/v2\/comments?post=57279"}],"wp:featuredmedia":[{"embeddable":true,"href":"https:\/\/www.padaworks.com\/pt\/wp-json\/wp\/v2\/media\/57280"}],"wp:attachment":[{"href":"https:\/\/www.padaworks.com\/pt\/wp-json\/wp\/v2\/media?parent=57279"}],"wp:term":[{"taxonomy":"product_brand","embeddable":true,"href":"https:\/\/www.padaworks.com\/pt\/wp-json\/wp\/v2\/product_brand?post=57279"},{"taxonomy":"product_cat","embeddable":true,"href":"https:\/\/www.padaworks.com\/pt\/wp-json\/wp\/v2\/product_cat?post=57279"},{"taxonomy":"product_tag","embeddable":true,"href":"https:\/\/www.padaworks.com\/pt\/wp-json\/wp\/v2\/product_tag?post=57279"}],"curies":[{"name":"wp","href":"https:\/\/api.w.org\/{rel}","templated":true}]}}