{"id":57272,"date":"2022-09-22T14:19:04","date_gmt":"2022-09-22T14:19:04","guid":{"rendered":"https:\/\/www.padaworks.com\/product\/handmade-cotton-basket\/"},"modified":"2026-02-23T16:05:04","modified_gmt":"2026-02-23T16:05:04","slug":"cesto-de-algodao-feito-a-mao","status":"publish","type":"product","link":"https:\/\/www.padaworks.com\/pt\/product\/cesto-de-algodao-feito-a-mao\/","title":{"rendered":"Cesto de algod\u00e3o feito \u00e0 m\u00e3o"},"content":{"rendered":"<p>Cesto de algod\u00e3o feito \u00e0 m\u00e3o<\/p>\n<p>Este cesto \u00e9 tecido num tear manual com tecidos reutilizados de f\u00e1bricas t\u00eaxteis.<br \/>S\u00e3o robustos e podem ser lavados regularmente \u00e0 m\u00e3o ou \u00e0 m\u00e1quina.<br \/>Recomendamos a lavagem a frio ou a 30\u00b0C.<\/p>\n<p>Feito \u00e0 m\u00e3o<br \/>Fabricado em Portugal<\/p>\n<p>Dimens\u00f5es:<br \/>\u00d8 - 23 cm, H - 14 cm<br \/>\u00d8 - 9,1 in, H - 5,5 in<\/p>\n<p>As dimens\u00f5es podem variar ligeiramente.<\/p>","protected":false},"excerpt":{"rendered":"<p>Handmade Cotton Basket This basket is woven in a manual loom with fabrics reused from textile factories.They are robust and can be regularly washed by hand or machine.We recommend cold washing or to 30\u00b0C. Artisan MadeMade in Portugal Dimensions:\u00d8 &#8211; 23 cm, H &#8211; 14 cm\u00d8 &#8211; 9,1 in, H &#8211; 5,5 in The dimensions [&hellip;]<\/p>","protected":false},"featured_media":57273,"comment_status":"open","ping_status":"closed","template":"","meta":{"_acf_changed":false},"product_brand":[],"product_cat":[2721,2728],"product_tag":[1536,885,1535,1543,1234,1544,676,445,479,1541,573,642,1528,1514,312,643,1537,679,538],"class_list":{"0":"post-57272","1":"product","2":"type-product","3":"status-publish","4":"has-post-thumbnail","6":"product_cat-decorative","7":"product_cat-soft","8":"product_tag-baby-basket","9":"product_tag-bathroom-decor","10":"product_tag-bathroom-decorations","11":"product_tag-cotton-basket","12":"product_tag-entry-basket","13":"product_tag-fabric-baskets","14":"product_tag-farmhouse-basket","15":"product_tag-gift-basket","16":"product_tag-gift-for-her","17":"product_tag-handwoven-basket","18":"product_tag-housewarming-gift","19":"product_tag-laundry-basket","20":"product_tag-nursery-basket","21":"product_tag-organizer-basket","22":"product_tag-storage-basket","23":"product_tag-toy-basket","24":"product_tag-utensil-holder","25":"product_tag-vintage-basket","26":"product_tag-woven-basket","27":"product_shipping_class-small-package","29":"first","30":"instock","31":"taxable","32":"shipping-taxable","33":"purchasable","34":"product-type-simple"},"acf":[],"gallery_images":[57274,57275,57276,57277,57278],"_links":{"self":[{"href":"https:\/\/www.padaworks.com\/pt\/wp-json\/wp\/v2\/product\/57272","targetHints":{"allow":["GET"]}}],"collection":[{"href":"https:\/\/www.padaworks.com\/pt\/wp-json\/wp\/v2\/product"}],"about":[{"href":"https:\/\/www.padaworks.com\/pt\/wp-json\/wp\/v2\/types\/product"}],"replies":[{"embeddable":true,"href":"https:\/\/www.padaworks.com\/pt\/wp-json\/wp\/v2\/comments?post=57272"}],"wp:featuredmedia":[{"embeddable":true,"href":"https:\/\/www.padaworks.com\/pt\/wp-json\/wp\/v2\/media\/57273"}],"wp:attachment":[{"href":"https:\/\/www.padaworks.com\/pt\/wp-json\/wp\/v2\/media?parent=57272"}],"wp:term":[{"taxonomy":"product_brand","embeddable":true,"href":"https:\/\/www.padaworks.com\/pt\/wp-json\/wp\/v2\/product_brand?post=57272"},{"taxonomy":"product_cat","embeddable":true,"href":"https:\/\/www.padaworks.com\/pt\/wp-json\/wp\/v2\/product_cat?post=57272"},{"taxonomy":"product_tag","embeddable":true,"href":"https:\/\/www.padaworks.com\/pt\/wp-json\/wp\/v2\/product_tag?post=57272"}],"curies":[{"name":"wp","href":"https:\/\/api.w.org\/{rel}","templated":true}]}}