{"id":57240,"date":"2022-09-22T07:39:42","date_gmt":"2022-09-22T07:39:42","guid":{"rendered":"https:\/\/www.padaworks.com\/product\/fruit-wicker-basket-large\/"},"modified":"2025-11-19T09:26:12","modified_gmt":"2025-11-19T09:26:12","slug":"cesto-de-vime-grande-para-frutas","status":"publish","type":"product","link":"https:\/\/www.padaworks.com\/pt\/product\/cesto-de-vime-grande-para-frutas\/","title":{"rendered":"Cesto de vime para fruta - Grande"},"content":{"rendered":"<p>Cesto de vime para fruta - Grande<\/p>\n<p>Esta linda cesta tecida \u00e0 m\u00e3o \u00e9 uma obra de arte perfeita para a decora\u00e7\u00e3o da sua casa.<br \/>\u00c9 delicadamente confeccionado, de modo que, apesar de ser um cesto artesanal, \u00e9 muito dif\u00edcil encontrar imperfei\u00e7\u00f5es criadas pela arte do trabalho manual.<br \/>Existem muitas caracter\u00edsticas e t\u00e9cnicas que diferenciam este tipo de cesto, sendo uma pe\u00e7a fina, com tran\u00e7as \u00fanicas e de uma beleza invulgar, do resto da cestaria.<\/p>\n<p>Se \u00e9 um amante de arte manual e est\u00e1 \u00e0 procura de um cesto bonito e perfeito para a sua casa, este ser\u00e1 definitivamente o ideal.<\/p>\n<p>Feito \u00e0 m\u00e3o<br \/>Fabricado em Portugal<\/p>\n<p>Dimens\u00f5es:<br \/>\u00d8 \u2013 25 cm, A \u2013 10 cm<br \/>\u00d8 \u2013 9,8 pol., A \u2013 3,9 pol.<\/p>\n<p>Materiais:<br \/>Vime<\/p>\n<p>As dimens\u00f5es podem variar ligeiramente.<\/p>","protected":false},"excerpt":{"rendered":"<p>Fruit Wicker Basket &#8211; Large This beautiful handwoven basket is a perfect piece of art for your home decor.It is delicately made, so that even though it is a handmade basket, it is very difficult to find the imperfection created by the art of manual work.There are many characteristics and techniques that differentiate this type [&hellip;]<\/p>","protected":false},"featured_media":57241,"comment_status":"open","ping_status":"open","template":"","meta":{"_acf_changed":false},"product_brand":[],"product_cat":[2720,2721],"product_tag":[1519,762,995,654,1001,1446,309,253,443,1541,1503,331,1527,1528,1514,529,1496,312,679,446,439,538],"class_list":{"0":"post-57240","1":"product","2":"type-product","3":"status-publish","4":"has-post-thumbnail","6":"product_cat-kitchen-storage","7":"product_cat-decorative","8":"product_tag-basket-storage","9":"product_tag-boho-basket","10":"product_tag-bread-basket","11":"product_tag-easter-basket","12":"product_tag-farmhouse-kitchen","13":"product_tag-flower-basket","14":"product_tag-fruit-basket","15":"product_tag-fruit-bowl","16":"product_tag-gathering-basket","17":"product_tag-handwoven-basket","18":"product_tag-harvest-basket","19":"product_tag-kitchen-decor","20":"product_tag-large-basket","21":"product_tag-nursery-basket","22":"product_tag-organizer-basket","23":"product_tag-round-basket","24":"product_tag-rustic-basket","25":"product_tag-storage-basket","26":"product_tag-vintage-basket","27":"product_tag-wedding-basket","28":"product_tag-wicker-basket","29":"product_tag-woven-basket","30":"product_shipping_class-small-package","32":"first","33":"instock","34":"taxable","35":"shipping-taxable","36":"purchasable","37":"product-type-simple"},"acf":[],"gallery_images":[57242,57243,57244,57245,57246,57247,57248,57249],"_links":{"self":[{"href":"https:\/\/www.padaworks.com\/pt\/wp-json\/wp\/v2\/product\/57240","targetHints":{"allow":["GET"]}}],"collection":[{"href":"https:\/\/www.padaworks.com\/pt\/wp-json\/wp\/v2\/product"}],"about":[{"href":"https:\/\/www.padaworks.com\/pt\/wp-json\/wp\/v2\/types\/product"}],"replies":[{"embeddable":true,"href":"https:\/\/www.padaworks.com\/pt\/wp-json\/wp\/v2\/comments?post=57240"}],"wp:featuredmedia":[{"embeddable":true,"href":"https:\/\/www.padaworks.com\/pt\/wp-json\/wp\/v2\/media\/57241"}],"wp:attachment":[{"href":"https:\/\/www.padaworks.com\/pt\/wp-json\/wp\/v2\/media?parent=57240"}],"wp:term":[{"taxonomy":"product_brand","embeddable":true,"href":"https:\/\/www.padaworks.com\/pt\/wp-json\/wp\/v2\/product_brand?post=57240"},{"taxonomy":"product_cat","embeddable":true,"href":"https:\/\/www.padaworks.com\/pt\/wp-json\/wp\/v2\/product_cat?post=57240"},{"taxonomy":"product_tag","embeddable":true,"href":"https:\/\/www.padaworks.com\/pt\/wp-json\/wp\/v2\/product_tag?post=57240"}],"curies":[{"name":"wp","href":"https:\/\/api.w.org\/{rel}","templated":true}]}}