{"id":57229,"date":"2022-09-22T07:37:25","date_gmt":"2022-09-22T07:37:25","guid":{"rendered":"https:\/\/www.padaworks.com\/product\/wicker-pen-holder\/"},"modified":"2025-12-22T16:47:09","modified_gmt":"2025-12-22T16:47:09","slug":"porta-canetas-de-vime","status":"publish","type":"product","link":"https:\/\/www.padaworks.com\/pt\/product\/porta-canetas-de-vime\/","title":{"rendered":"Porta-canetas de vime"},"content":{"rendered":"<p>Porta-canetas de vime<\/p>\n<p>Esta linda cesta tecida \u00e0 m\u00e3o \u00e9 uma obra de arte perfeita para a decora\u00e7\u00e3o da sua casa.<br \/>\u00c9 delicadamente confeccionado, de modo que, apesar de ser um cesto artesanal, \u00e9 muito dif\u00edcil encontrar imperfei\u00e7\u00f5es criadas pela arte do trabalho manual.<br \/>Existem muitas caracter\u00edsticas e t\u00e9cnicas que diferenciam este tipo de cesto, sendo uma pe\u00e7a fina, com tran\u00e7as \u00fanicas e de uma beleza invulgar, do resto da cestaria.<\/p>\n<p>Se \u00e9 um amante de arte manual e est\u00e1 \u00e0 procura de um cesto bonito e perfeito para a sua casa, este ser\u00e1 definitivamente o ideal.<\/p>\n<p>Feito \u00e0 m\u00e3o<br \/>Fabricado em Portugal<\/p>\n<p>Dimens\u00f5es:<br \/>\u00d8 - 8 cm, H - 12 cm<br \/>\u00d8 - 3,1 in, H - 4,7 in<\/p>\n<p>Materiais:<br \/>Vime, madeira<\/p>\n<p>As dimens\u00f5es podem variar ligeiramente.<\/p>","protected":false},"excerpt":{"rendered":"<p>Wicker Pen Holder This beautiful handwoven basket is a perfect piece of art for your home decor.It is delicately made, so that even though it is a handmade basket, it is very difficult to find the imperfection created by the art of manual work.There are many characteristics and techniques that differentiate this type of basket, [&hellip;]<\/p>","protected":false},"featured_media":57230,"comment_status":"open","ping_status":"open","template":"","meta":{"_acf_changed":false},"product_brand":[],"product_cat":[2720,2721],"product_tag":[1519,300,762,1556,1516,1511,1001,1502,1517,1506,1515,642,1555,1514,1510,1554,529,1537,1518,679,439,538],"class_list":{"0":"post-57229","1":"product","2":"type-product","3":"status-publish","4":"has-post-thumbnail","6":"product_cat-kitchen-storage","7":"product_cat-decorative","8":"product_tag-basket-storage","9":"product_tag-bathroom-basket","10":"product_tag-boho-basket","11":"product_tag-brush-holder","12":"product_tag-cute-pencil-case","13":"product_tag-entry-way-decor","14":"product_tag-farmhouse-kitchen","15":"product_tag-gift-for-woman","16":"product_tag-gifts-for-him","17":"product_tag-handmade-basket","18":"product_tag-handwoven-baskets","19":"product_tag-laundry-basket","20":"product_tag-makeup-basket","21":"product_tag-organizer-basket","22":"product_tag-pen-holder","23":"product_tag-pencil-holder","24":"product_tag-round-basket","25":"product_tag-utensil-holder","26":"product_tag-utensil-organizer","27":"product_tag-vintage-basket","28":"product_tag-wicker-basket","29":"product_tag-woven-basket","30":"product_shipping_class-small-package","32":"first","33":"instock","34":"taxable","35":"shipping-taxable","36":"purchasable","37":"product-type-simple"},"acf":[],"gallery_images":[57231,57232,57233,57234,57235,57236,57237,57238,57239],"_links":{"self":[{"href":"https:\/\/www.padaworks.com\/pt\/wp-json\/wp\/v2\/product\/57229","targetHints":{"allow":["GET"]}}],"collection":[{"href":"https:\/\/www.padaworks.com\/pt\/wp-json\/wp\/v2\/product"}],"about":[{"href":"https:\/\/www.padaworks.com\/pt\/wp-json\/wp\/v2\/types\/product"}],"replies":[{"embeddable":true,"href":"https:\/\/www.padaworks.com\/pt\/wp-json\/wp\/v2\/comments?post=57229"}],"wp:featuredmedia":[{"embeddable":true,"href":"https:\/\/www.padaworks.com\/pt\/wp-json\/wp\/v2\/media\/57230"}],"wp:attachment":[{"href":"https:\/\/www.padaworks.com\/pt\/wp-json\/wp\/v2\/media?parent=57229"}],"wp:term":[{"taxonomy":"product_brand","embeddable":true,"href":"https:\/\/www.padaworks.com\/pt\/wp-json\/wp\/v2\/product_brand?post=57229"},{"taxonomy":"product_cat","embeddable":true,"href":"https:\/\/www.padaworks.com\/pt\/wp-json\/wp\/v2\/product_cat?post=57229"},{"taxonomy":"product_tag","embeddable":true,"href":"https:\/\/www.padaworks.com\/pt\/wp-json\/wp\/v2\/product_tag?post=57229"}],"curies":[{"name":"wp","href":"https:\/\/api.w.org\/{rel}","templated":true}]}}