{"id":57218,"date":"2022-09-22T07:36:02","date_gmt":"2022-09-22T07:36:02","guid":{"rendered":"https:\/\/www.padaworks.com\/product\/mini-hanging-basket\/"},"modified":"2025-12-25T17:48:56","modified_gmt":"2025-12-25T17:48:56","slug":"mini-cesto-suspenso","status":"publish","type":"product","link":"https:\/\/www.padaworks.com\/pt\/product\/mini-cesto-suspenso\/","title":{"rendered":"Mini cesto suspenso"},"content":{"rendered":"<p>Mini cesto suspenso<\/p>\n<p>Esta linda cesta tecida \u00e0 m\u00e3o \u00e9 uma obra de arte perfeita para a decora\u00e7\u00e3o da sua casa.<br \/>\u00c9 delicadamente confeccionado, de modo que, apesar de ser um cesto artesanal, \u00e9 muito dif\u00edcil encontrar imperfei\u00e7\u00f5es criadas pela arte do trabalho manual.<br \/>Existem muitas caracter\u00edsticas e t\u00e9cnicas que diferenciam este tipo de cesto, sendo uma pe\u00e7a fina, com tran\u00e7as \u00fanicas e de uma beleza invulgar, do resto da cestaria.<\/p>\n<p>Se \u00e9 um amante de arte manual e est\u00e1 \u00e0 procura de um cesto bonito e perfeito para a sua casa, este ser\u00e1 definitivamente o ideal.<\/p>\n<p>Feito \u00e0 m\u00e3o<br \/>Fabricado em Portugal<\/p>\n<p>Dimens\u00f5es:<br \/>C \u2013 13 cm, L \u2013 12 cm, A \u2013 19 cm<br \/>L \u2013 13 cm, L \u2013 12 cm, A \u2013 19 cm<\/p>\n<p>Materiais:<br \/>Vime<\/p>\n<p>As dimens\u00f5es podem variar ligeiramente.<\/p>","protected":false},"excerpt":{"rendered":"<p>Mini Hanging Basket This beautiful handwoven basket is a perfect piece of art for your home decor.It is delicately made, so that even though it is a handmade basket, it is very difficult to find the imperfection created by the art of manual work.There are many characteristics and techniques that differentiate this type of basket, [&hellip;]<\/p>","protected":false},"featured_media":57219,"comment_status":"open","ping_status":"open","template":"","meta":{"_acf_changed":false},"product_brand":[],"product_cat":[2720,2721],"product_tag":[1189,1557,1556,1511,1001,1506,645,1032,1513,1559,308,1509,1510,312,1537,1035,1558,439,538,1512],"class_list":{"0":"post-57218","1":"product","2":"type-product","3":"status-publish","4":"has-post-thumbnail","6":"product_cat-kitchen-storage","7":"product_cat-decorative","8":"product_tag-basket-wall-decor","9":"product_tag-boho-wall-basket","10":"product_tag-brush-holder","11":"product_tag-entry-way-decor","12":"product_tag-farmhouse-kitchen","13":"product_tag-handmade-basket","14":"product_tag-hanging-basket","15":"product_tag-hanging-fruit-basket","16":"product_tag-hanging-plant-holder","17":"product_tag-hanging-storage","18":"product_tag-kitchen-basket","19":"product_tag-miniature-basket","20":"product_tag-pen-holder","21":"product_tag-storage-basket","22":"product_tag-utensil-holder","23":"product_tag-wall-basket","24":"product_tag-wall-basket-decor","25":"product_tag-wicker-basket","26":"product_tag-woven-basket","27":"product_tag-woven-hanging-basket","28":"product_shipping_class-small-package","30":"first","31":"instock","32":"sale","33":"taxable","34":"shipping-taxable","35":"purchasable","36":"product-type-simple"},"acf":[],"gallery_images":[57220,57221,57222,57223,57224,57225,57226,57227,57228],"_links":{"self":[{"href":"https:\/\/www.padaworks.com\/pt\/wp-json\/wp\/v2\/product\/57218","targetHints":{"allow":["GET"]}}],"collection":[{"href":"https:\/\/www.padaworks.com\/pt\/wp-json\/wp\/v2\/product"}],"about":[{"href":"https:\/\/www.padaworks.com\/pt\/wp-json\/wp\/v2\/types\/product"}],"replies":[{"embeddable":true,"href":"https:\/\/www.padaworks.com\/pt\/wp-json\/wp\/v2\/comments?post=57218"}],"wp:featuredmedia":[{"embeddable":true,"href":"https:\/\/www.padaworks.com\/pt\/wp-json\/wp\/v2\/media\/57219"}],"wp:attachment":[{"href":"https:\/\/www.padaworks.com\/pt\/wp-json\/wp\/v2\/media?parent=57218"}],"wp:term":[{"taxonomy":"product_brand","embeddable":true,"href":"https:\/\/www.padaworks.com\/pt\/wp-json\/wp\/v2\/product_brand?post=57218"},{"taxonomy":"product_cat","embeddable":true,"href":"https:\/\/www.padaworks.com\/pt\/wp-json\/wp\/v2\/product_cat?post=57218"},{"taxonomy":"product_tag","embeddable":true,"href":"https:\/\/www.padaworks.com\/pt\/wp-json\/wp\/v2\/product_tag?post=57218"}],"curies":[{"name":"wp","href":"https:\/\/api.w.org\/{rel}","templated":true}]}}