{"id":57099,"date":"2022-09-22T00:31:24","date_gmt":"2022-09-22T00:31:24","guid":{"rendered":"https:\/\/www.padaworks.com\/product\/reed-basket\/"},"modified":"2026-02-20T23:41:00","modified_gmt":"2026-02-20T23:41:00","slug":"cesto-de-junco","status":"publish","type":"product","link":"https:\/\/www.padaworks.com\/pt\/product\/cesto-de-junco\/","title":{"rendered":"Cesto de junco"},"content":{"rendered":"<p>Cesto de junco<\/p>\n<p>Feito \u00e0 m\u00e3o<br \/>Fabricado em Portugal<\/p>\n<p>Dimens\u00f5es:<br \/>C \u2013 36 cm, L \u2013 20 cm, A \u2013 23 cm<br \/>C \u2013 36 cm, L \u2013 20 cm, A \u2013 23 cm<\/p>\n<p>Materiais:<br \/>Reed e Wicker<\/p>\n<p>As dimens\u00f5es podem variar ligeiramente.<\/p>","protected":false},"excerpt":{"rendered":"<p>Cesto de Junco Feito \u00e0 M\u00e3o em Portugal Dimens\u00f5es: C \u2013 36 cm, L \u2013 20 cm, A \u2013 23 cm C \u2013 14,2 pol., L \u2013 7,9 pol., A \u2013 9,1 pol. Materiais: Junco e Vime As dimens\u00f5es podem variar ligeiramente.<\/p>","protected":false},"featured_media":57100,"comment_status":"open","ping_status":"closed","template":"","meta":{"_acf_changed":false},"product_brand":[],"product_cat":[2736],"product_tag":[302,363,844,1262,309,442,598,599,1527,1578,822,361,341,845,1496,344,346,347,303,376,846,538],"class_list":{"0":"post-57099","1":"product","2":"type-product","3":"status-publish","4":"has-post-thumbnail","6":"product_cat-reed-bags","7":"product_tag-basket-bag","8":"product_tag-beach-bag","9":"product_tag-colorful-baskets","10":"product_tag-cute-bag","11":"product_tag-fruit-basket","12":"product_tag-garden-basket","13":"product_tag-gift-bag","14":"product_tag-handmade-bag","15":"product_tag-large-basket","16":"product_tag-natural-reed-bag","17":"product_tag-natural-straw-bag","18":"product_tag-reed-basket-bag","19":"product_tag-reed-straw-bag","20":"product_tag-reed-straw-basket","21":"product_tag-rustic-basket","22":"product_tag-straw-bag","23":"product_tag-straw-handbag","24":"product_tag-straw-purse","25":"product_tag-summer-bag","26":"product_tag-vegan-bag","27":"product_tag-women-bag","28":"product_tag-woven-basket","30":"first","31":"instock","32":"sale","33":"taxable","34":"shipping-taxable","35":"purchasable","36":"product-type-simple"},"acf":[],"gallery_images":[57101,57102,57103,57104,57105],"_links":{"self":[{"href":"https:\/\/www.padaworks.com\/pt\/wp-json\/wp\/v2\/product\/57099","targetHints":{"allow":["GET"]}}],"collection":[{"href":"https:\/\/www.padaworks.com\/pt\/wp-json\/wp\/v2\/product"}],"about":[{"href":"https:\/\/www.padaworks.com\/pt\/wp-json\/wp\/v2\/types\/product"}],"replies":[{"embeddable":true,"href":"https:\/\/www.padaworks.com\/pt\/wp-json\/wp\/v2\/comments?post=57099"}],"wp:featuredmedia":[{"embeddable":true,"href":"https:\/\/www.padaworks.com\/pt\/wp-json\/wp\/v2\/media\/57100"}],"wp:attachment":[{"href":"https:\/\/www.padaworks.com\/pt\/wp-json\/wp\/v2\/media?parent=57099"}],"wp:term":[{"taxonomy":"product_brand","embeddable":true,"href":"https:\/\/www.padaworks.com\/pt\/wp-json\/wp\/v2\/product_brand?post=57099"},{"taxonomy":"product_cat","embeddable":true,"href":"https:\/\/www.padaworks.com\/pt\/wp-json\/wp\/v2\/product_cat?post=57099"},{"taxonomy":"product_tag","embeddable":true,"href":"https:\/\/www.padaworks.com\/pt\/wp-json\/wp\/v2\/product_tag?post=57099"}],"curies":[{"name":"wp","href":"https:\/\/api.w.org\/{rel}","templated":true}]}}