{"id":57004,"date":"2022-08-03T17:09:29","date_gmt":"2022-08-03T17:09:29","guid":{"rendered":"https:\/\/www.padaworks.com\/product\/white-and-camel-pillow\/"},"modified":"2026-01-16T15:59:45","modified_gmt":"2026-01-16T15:59:45","slug":"almofada-decorativa-branca-50x50cm-almofada-com-nos","status":"publish","type":"product","link":"https:\/\/www.padaworks.com\/pt\/product\/almofada-decorativa-branca-50x50cm-almofada-com-nos\/","title":{"rendered":"Almofada decorativa branca 50x50cm - Almofada com n\u00f3s"},"content":{"rendered":"<p>Almofada decorativa branca 50x50cm<\/p>\n<p>Almofada tecida \u00e0 m\u00e3o a partir de res\u00edduos t\u00eaxteis reciclados.<br \/>\nPossui um fecho de correr para colocar e retirar o recheio.<br \/>\nPode ser lavado \u00e0 m\u00e3o ou na m\u00e1quina num ciclo delicado.<br \/>\nEnchimento n\u00e3o inclu\u00eddo.<\/p>\n<p>Feito \u00e0 m\u00e3o<br \/>\nFeito em Portugal com produtos portugueses, dedica\u00e7\u00e3o e amor!!<\/p>\n<p>Dimens\u00f5es:<br \/>\nC - 50 cm, L - 50 cm<br \/>\nC - 19,7 pol., L - 19,7 pol.<\/p>\n<p>As dimens\u00f5es podem variar ligeiramente.<\/p>","protected":false},"excerpt":{"rendered":"<p>Almofada decorativa branca 50x50cm Almofada tecida \u00e0 m\u00e3o, fabricada a partir de res\u00edduos t\u00eaxteis reciclados. Possui um fecho de correr para colocar e retirar o enchimento. Pode ser lavada \u00e0 m\u00e3o ou na m\u00e1quina num ciclo delicado. Enchimento n\u00e3o inclu\u00eddo. Fabricada artesanalmente em Portugal com produtos portugueses, dedica\u00e7\u00e3o e amor!! Dimens\u00f5es: C - 50 cm, L - 50 cm [...]<\/p>","protected":false},"featured_media":102786,"comment_status":"open","ping_status":"closed","template":"","meta":{"_acf_changed":false},"product_brand":[],"product_cat":[1488],"product_tag":[2766,2767,2768,2769,2770,1476,2771,2772,2773,2774,3279,3280,3278],"class_list":{"0":"post-57004","1":"product","2":"type-product","3":"status-publish","4":"has-post-thumbnail","6":"product_cat-pillows","7":"product_tag-bohemian-cushion","8":"product_tag-boho-cushion","9":"product_tag-cushion-cover","10":"product_tag-cushion-cover-50x50","11":"product_tag-decorative-cushion","12":"product_tag-decorative-pillows","13":"product_tag-handwoven-cushion","14":"product_tag-recycled-materials","15":"product_tag-scatter-cushion","16":"product_tag-sofa-cushions","17":"product_tag-striped-cushion","18":"product_tag-textile-waste","19":"product_tag-white-cushion","20":"product_shipping_class-small-package","22":"first","23":"instock","24":"sale","25":"taxable","26":"shipping-taxable","27":"purchasable","28":"product-type-simple"},"acf":[],"gallery_images":[102785,102788,102784,102789,102787,102790],"_links":{"self":[{"href":"https:\/\/www.padaworks.com\/pt\/wp-json\/wp\/v2\/product\/57004","targetHints":{"allow":["GET"]}}],"collection":[{"href":"https:\/\/www.padaworks.com\/pt\/wp-json\/wp\/v2\/product"}],"about":[{"href":"https:\/\/www.padaworks.com\/pt\/wp-json\/wp\/v2\/types\/product"}],"replies":[{"embeddable":true,"href":"https:\/\/www.padaworks.com\/pt\/wp-json\/wp\/v2\/comments?post=57004"}],"wp:featuredmedia":[{"embeddable":true,"href":"https:\/\/www.padaworks.com\/pt\/wp-json\/wp\/v2\/media\/102786"}],"wp:attachment":[{"href":"https:\/\/www.padaworks.com\/pt\/wp-json\/wp\/v2\/media?parent=57004"}],"wp:term":[{"taxonomy":"product_brand","embeddable":true,"href":"https:\/\/www.padaworks.com\/pt\/wp-json\/wp\/v2\/product_brand?post=57004"},{"taxonomy":"product_cat","embeddable":true,"href":"https:\/\/www.padaworks.com\/pt\/wp-json\/wp\/v2\/product_cat?post=57004"},{"taxonomy":"product_tag","embeddable":true,"href":"https:\/\/www.padaworks.com\/pt\/wp-json\/wp\/v2\/product_tag?post=57004"}],"curies":[{"name":"wp","href":"https:\/\/api.w.org\/{rel}","templated":true}]}}